{"id":3487,"date":"2018-03-07T14:59:25","date_gmt":"2018-03-07T14:59:25","guid":{"rendered":"https:\/\/www.brokk.com\/sweden\/why-brokk\/"},"modified":"2025-07-03T10:26:14","modified_gmt":"2025-07-03T08:26:14","slug":"why-brokk","status":"publish","type":"page","link":"https:\/\/www.brokk.com\/sv\/why-brokk\/","title":{"rendered":"Varf\u00f6r Brokk?"},"content":{"rendered":"<h2>Det h\u00e4r \u00e4r det vi g\u00f6r<\/h2>\n<p>I \u00f6ver 40 \u00e5r har vi fokuserat p\u00e5 att utveckla fj\u00e4rrstyrda rivningsrobotar f\u00f6r s\u00e4ker, effektiv och l\u00f6nsam rivning. Innovation \u00e4r nyckeln och v<span title=\"\">i anpassar st\u00e4ndigt v\u00e5ra rivningsrobotar till nya marknadskrav, nya utmaningar och nya applikationer.<br \/>\n<\/span><\/p>\n<p><span title=\"\">Det h\u00e4r \u00e4r v\u00e5r spelplan. V\u00e5r passion. V\u00e5r specialitet.<\/span><\/p>\n<h4>Brokk f\u00f6rdelar<\/h4>\n<ul>\n<li><strong>Rivningskraft:<\/strong> Trots sin kompakta storlek kan Brokk robotar \u00f6vertr\u00e4ffa fem g\u00e5nger s\u00e5 stora gr\u00e4vmaskiner.<\/li>\n<li><strong>Fj\u00e4rrstyrd man\u00f6vrering:<\/strong> Maximerar effektiviteten samtidigt som operat\u00f6ren \u00e4r skyddad fr\u00e5n skadliga vibrationer och farliga omr\u00e5den.<\/li>\n<li><strong>Tredelat armsystem:<\/strong> En stark och flexibel l\u00f6sning f\u00f6r extraordin\u00e4r r\u00e4ckvidd och kraft i alla riktningar ger maximal precision och noggrannhet.<\/li>\n<li><strong>Inga avgaser:<\/strong> Elektrisk drivlina inneb\u00e4r mindre buller, f\u00f6roreningar och underh\u00e5ll.<\/li>\n<li><strong>Kompakt och l\u00e4ttman\u00f6vrerad:<\/strong> Enkel att man\u00f6vrera och transportera. Kan ta sig igenom tr\u00e5nga utrymmen och uppf\u00f6r trappor.<\/li>\n<li><strong>St\u00f6dben f\u00f6r stabilitet:<\/strong> Ger o\u00f6vertr\u00e4ffad stabilitet \u00e4ven vid arbete med verktyg avsedda f\u00f6r mycket st\u00f6rre maskiner.<\/li>\n<li><strong>V\u00e4rmebest\u00e4ndig:<\/strong> Fr\u00e5n stora cylindrar till sm\u00e5 komponenter &#8211; allt \u00e4r skyddat fr\u00e5n v\u00e4rme och st\u00f6tar.<\/li>\n<li><strong>Patenterad snabbkoppling:<\/strong> Sparar vikt och g\u00f6r att verktyg kan bytas snabbt och s\u00e4kert.<\/li>\n<li><strong>Stort sortiment av redskap:<\/strong> Ett stort urval av redskap &#8211; m\u00e5nga specialdesignade f\u00f6r Brokk. Patenterad snabbkoppling f\u00f6r att snabbt och enkelt byta redskap.<\/li>\n<\/ul>\n<h4>Kompakt kraft<\/h4>\n<p>Brokks maskiner ger dig imponerande muskler i ett f\u00f6rv\u00e5nansv\u00e4rt litet paket. En Brokk-maskin har samma rivningskraft som en fyra eller fem g\u00e5nger st\u00f6rre gr\u00e4vmaskin. Samtidigt \u00e4r den s\u00e5 l\u00e4tt och kompakt att du enkelt kan transportera rivningsroboten mellan olika uppdrag. Oavsett om det handlar om uppdrag inom bygg-, cement- eller processindustri, om tunnelarbeten, k\u00e4rnkraft eller avancerade s\u00e4kerhetsarbeten, g\u00f6r den extraordin\u00e4ra styrkan och smarta flexibiliteten Brokk till den idealiska l\u00f6sningen f\u00f6r ett l\u00f6nsamt rivnings- eller underh\u00e5llsarbete.<\/p>\n<h4>S\u00e4ker &amp; effektiv<\/h4>\n<p>Fj\u00e4rrstyrning g\u00f6r att operat\u00f6ren kan utf\u00f6ra arbetet effektivare, med en b\u00e4ttre \u00f6verblick \u00f6ver arbetet. Den ergonomiska fj\u00e4rrstyrningen ger operat\u00f6ren en h\u00e5llbar arbetsst\u00e4llning \u00e4ven under l\u00e5nga arbetspass och g\u00f6r att han eller hon slipper st\u00e5 och arbeta i utsatta omr\u00e5den. Dessutom eliminerar denna fj\u00e4rrstyrda robot problem med skadliga vibrationer och avgaser. Den elektriska motorn med Brokk SmartPower\u2122 ger maskinerna all den kraft, tillf\u00f6rlitlighet och h\u00e5llbarhet du beh\u00f6ver, \u00e4ven f\u00f6r de mest kr\u00e4vande projekt.<\/p>\n<h4>flexibel &amp; m\u00e5ngsidig<\/h4>\n<p>Ett av Brokks k\u00e4nnetecken \u00e4r m\u00e5ngsidighet. Tack vare det tredelade armsystemet och fj\u00e4rrstyrningen har maskinen en o\u00f6vertr\u00e4ffad r\u00e4ckvidd, precision och stabilitet, perfekt f\u00f6r alla typer av uppdrag. Det redan stora redskapssortimentet ut\u00f6kas hela tiden och m\u00f6jligg\u00f6r nya l\u00f6nsamma anv\u00e4ndningsomr\u00e5den f\u00f6r din maskin. Oavsett hur dina behov ser ut, finns det alltid en maskinstorlek och ett redskap som passar ditt projekt och din situation. Och \u00e4r dina behov extraordin\u00e4ra l\u00f6ser vi det ocks\u00e5. Vi kan specialanpassa din maskin s\u00e5 du f\u00e5r en unik rivningsrobot med \u00f6ver 40 \u00e5rs effektiv erfarenhet inbyggd.<\/p>\n<h4>Erfarna &amp; p\u00e5litliga<\/h4>\n<p>Med \u00f6ver fyra decenniers erfarenhet av rivning, kan vi hj\u00e4lpa dig att hitta den mest effektiva, s\u00e4kra och l\u00f6nsamma l\u00f6sningen. V\u00e5ra experter ser till dina specifika behov och kan f\u00f6resl\u00e5 den perfekta kombinationen av maskin, redskap och anpassningar. Genom v\u00e5rt globala n\u00e4tverk och Brokks f\u00f6rnyade satsning p\u00e5 service och support (Brokk Uptime\u2122) \u00e4r r\u00e4tt l\u00f6sning och r\u00e4tt reservdel bara ett telefonsamtal bort.<\/p>\n<p>&nbsp;<\/p>\n<h3>5 anledningar varf\u00f6r du ska v\u00e4lja Brokk<\/h3>\n<ol>\n<li><b>Erfarenhet.<\/b> Med \u00f6ver 40 \u00e5rs erfarenhet av design, tillverkning och applikationer f\u00f6r rivningsrobotar vet vi vad som kr\u00e4vs f\u00f6r att utf\u00f6ra arbetet s\u00e4kert, effektivt och l\u00f6nsamt.<\/li>\n<li><b>Fokus. <\/b>Det h\u00e4r \u00e4r v\u00e5r hemmaplan. 100 procent av v\u00e5r tid, v\u00e5ra resurser och v\u00e5r passion g\u00e5r till att full\u00e4nda fj\u00e4rrstyrda rivningsmaskiner. Inget annat.<\/li>\n<li><b>Sortiment.<\/b> Ingen annan tillverkare p\u00e5 marknaden erbjuder ett lika helt\u00e4ckande sortiment av rivnings\u00adrobotar och redskap. N\u00e4r du v\u00e4ljer Brokk f\u00e5r du alltid det du vill ha.<\/li>\n<li><b>L\u00f6sningar.<\/b> Vi s\u00e4ljer inte produkter; vi levererar l\u00f6sningar f\u00f6r just dina be\u00adhov. Vi f\u00f6rst\u00e5r de specifika kraven f\u00f6r varje bransch, och vi har kunskap om de omr\u00e5den och de uppdrag d\u00e4r Brokk kan g\u00f6ra den st\u00f6rsta skillnaden.<\/li>\n<li><b>Service.<\/b> Vi tar service och support till n\u00e4sta niv\u00e5 med Brokk Uptime\u2122, d\u00e4r vi erbjuder fj\u00e4rrdiagnos, f\u00f6rebyggande service, utbildning, ett globalt servicen\u00e4tverk med erfaren personal samt ett komplett sortiment av reservdelar.<\/li>\n<\/ol>\n","protected":false},"excerpt":{"rendered":"<p>Brokk \u00e4r den perfekta kombinationen av p\u00e5litlig erfarenhet och banbrytande teknik. <\/p>\n","protected":false},"author":36,"featured_media":0,"parent":0,"menu_order":60,"comment_status":"closed","ping_status":"closed","template":"page-templates\/common.php","meta":{"_acf_changed":false,"_relevanssi_hide_post":"","_relevanssi_hide_content":"","_relevanssi_pin_for_all":"","_relevanssi_pin_keywords":"","_relevanssi_unpin_keywords":"","_relevanssi_related_keywords":"","_relevanssi_related_include_ids":"","_relevanssi_related_exclude_ids":"","_relevanssi_related_no_append":"","_relevanssi_related_not_related":"","_relevanssi_related_posts":"","_relevanssi_noindex_reason":"","footnotes":""},"class_list":["post-3487","page","type-page","status-publish","hentry"],"acf":[],"yoast_head":"<!-- This site is optimized with the Yoast SEO plugin v27.3 - https:\/\/yoast.com\/product\/yoast-seo-wordpress\/ -->\n<title>Varf\u00f6r Brokk? - Brokk Sweden<\/title>\n<meta name=\"robots\" content=\"index, follow, max-snippet:-1, max-image-preview:large, max-video-preview:-1\" \/>\n<link rel=\"canonical\" href=\"https:\/\/www.brokk.com\/sv\/why-brokk\/\" \/>\n<meta property=\"og:locale\" content=\"sv_SE\" \/>\n<meta property=\"og:type\" content=\"article\" \/>\n<meta property=\"og:title\" content=\"Varf\u00f6r Brokk? - Brokk Sweden\" \/>\n<meta property=\"og:description\" content=\"Brokk \u00e4r den perfekta kombinationen av p\u00e5litlig erfarenhet och banbrytande teknik.\" \/>\n<meta property=\"og:url\" content=\"https:\/\/www.brokk.com\/sv\/why-brokk\/\" \/>\n<meta property=\"og:site_name\" content=\"Brokk Sweden\" \/>\n<meta property=\"article:modified_time\" content=\"2025-07-03T08:26:14+00:00\" \/>\n<meta property=\"og:image\" content=\"https:\/\/www.brokk.com\/sv\/uploads\/sites\/10\/2024\/04\/construction_hero-1.jpg\" \/>\n\t<meta property=\"og:image:width\" content=\"2560\" \/>\n\t<meta property=\"og:image:height\" content=\"1096\" \/>\n\t<meta property=\"og:image:type\" content=\"image\/jpeg\" \/>\n<meta name=\"twitter:card\" content=\"summary_large_image\" \/>\n<meta name=\"twitter:label1\" content=\"Ber\u00e4knad l\u00e4stid\" \/>\n\t<meta name=\"twitter:data1\" content=\"4 minuter\" \/>\n<script type=\"application\/ld+json\" class=\"yoast-schema-graph\">{\"@context\":\"https:\\\/\\\/schema.org\",\"@graph\":[{\"@type\":\"WebPage\",\"@id\":\"https:\\\/\\\/www.brokk.com\\\/sv\\\/why-brokk\\\/\",\"url\":\"https:\\\/\\\/www.brokk.com\\\/sv\\\/why-brokk\\\/\",\"name\":\"Varf\u00f6r Brokk? - Brokk Sweden\",\"isPartOf\":{\"@id\":\"https:\\\/\\\/www.brokk.com\\\/sv\\\/#website\"},\"datePublished\":\"2018-03-07T14:59:25+00:00\",\"dateModified\":\"2025-07-03T08:26:14+00:00\",\"breadcrumb\":{\"@id\":\"https:\\\/\\\/www.brokk.com\\\/sv\\\/why-brokk\\\/#breadcrumb\"},\"inLanguage\":\"sv-SE\",\"potentialAction\":[{\"@type\":\"ReadAction\",\"target\":[\"https:\\\/\\\/www.brokk.com\\\/sv\\\/why-brokk\\\/\"]}]},{\"@type\":\"BreadcrumbList\",\"@id\":\"https:\\\/\\\/www.brokk.com\\\/sv\\\/why-brokk\\\/#breadcrumb\",\"itemListElement\":[{\"@type\":\"ListItem\",\"position\":1,\"name\":\"Home\",\"item\":\"https:\\\/\\\/www.brokk.com\\\/sv\\\/\"},{\"@type\":\"ListItem\",\"position\":2,\"name\":\"Varf\u00f6r Brokk?\"}]},{\"@type\":\"WebSite\",\"@id\":\"https:\\\/\\\/www.brokk.com\\\/sv\\\/#website\",\"url\":\"https:\\\/\\\/www.brokk.com\\\/sv\\\/\",\"name\":\"Brokk Sweden\",\"description\":\"\",\"potentialAction\":[{\"@type\":\"SearchAction\",\"target\":{\"@type\":\"EntryPoint\",\"urlTemplate\":\"https:\\\/\\\/www.brokk.com\\\/sv\\\/?s={search_term_string}\"},\"query-input\":{\"@type\":\"PropertyValueSpecification\",\"valueRequired\":true,\"valueName\":\"search_term_string\"}}],\"inLanguage\":\"sv-SE\"}]}<\/script>\n<!-- \/ Yoast SEO plugin. -->","yoast_head_json":{"title":"Varf\u00f6r Brokk? - Brokk Sweden","robots":{"index":"index","follow":"follow","max-snippet":"max-snippet:-1","max-image-preview":"max-image-preview:large","max-video-preview":"max-video-preview:-1"},"canonical":"https:\/\/www.brokk.com\/sv\/why-brokk\/","og_locale":"sv_SE","og_type":"article","og_title":"Varf\u00f6r Brokk? - Brokk Sweden","og_description":"Brokk \u00e4r den perfekta kombinationen av p\u00e5litlig erfarenhet och banbrytande teknik.","og_url":"https:\/\/www.brokk.com\/sv\/why-brokk\/","og_site_name":"Brokk Sweden","article_modified_time":"2025-07-03T08:26:14+00:00","og_image":[{"width":2560,"height":1096,"url":"https:\/\/www.brokk.com\/sv\/uploads\/sites\/10\/2024\/04\/construction_hero-1.jpg","type":"image\/jpeg"}],"twitter_card":"summary_large_image","twitter_misc":{"Ber\u00e4knad l\u00e4stid":"4 minuter"},"schema":{"@context":"https:\/\/schema.org","@graph":[{"@type":"WebPage","@id":"https:\/\/www.brokk.com\/sv\/why-brokk\/","url":"https:\/\/www.brokk.com\/sv\/why-brokk\/","name":"Varf\u00f6r Brokk? - Brokk Sweden","isPartOf":{"@id":"https:\/\/www.brokk.com\/sv\/#website"},"datePublished":"2018-03-07T14:59:25+00:00","dateModified":"2025-07-03T08:26:14+00:00","breadcrumb":{"@id":"https:\/\/www.brokk.com\/sv\/why-brokk\/#breadcrumb"},"inLanguage":"sv-SE","potentialAction":[{"@type":"ReadAction","target":["https:\/\/www.brokk.com\/sv\/why-brokk\/"]}]},{"@type":"BreadcrumbList","@id":"https:\/\/www.brokk.com\/sv\/why-brokk\/#breadcrumb","itemListElement":[{"@type":"ListItem","position":1,"name":"Home","item":"https:\/\/www.brokk.com\/sv\/"},{"@type":"ListItem","position":2,"name":"Varf\u00f6r Brokk?"}]},{"@type":"WebSite","@id":"https:\/\/www.brokk.com\/sv\/#website","url":"https:\/\/www.brokk.com\/sv\/","name":"Brokk Sweden","description":"","potentialAction":[{"@type":"SearchAction","target":{"@type":"EntryPoint","urlTemplate":"https:\/\/www.brokk.com\/sv\/?s={search_term_string}"},"query-input":{"@type":"PropertyValueSpecification","valueRequired":true,"valueName":"search_term_string"}}],"inLanguage":"sv-SE"}]}},"_links":{"self":[{"href":"https:\/\/www.brokk.com\/sv\/wp-json\/wp\/v2\/pages\/3487","targetHints":{"allow":["GET"]}}],"collection":[{"href":"https:\/\/www.brokk.com\/sv\/wp-json\/wp\/v2\/pages"}],"about":[{"href":"https:\/\/www.brokk.com\/sv\/wp-json\/wp\/v2\/types\/page"}],"author":[{"embeddable":true,"href":"https:\/\/www.brokk.com\/sv\/wp-json\/wp\/v2\/users\/36"}],"replies":[{"embeddable":true,"href":"https:\/\/www.brokk.com\/sv\/wp-json\/wp\/v2\/comments?post=3487"}],"version-history":[{"count":12,"href":"https:\/\/www.brokk.com\/sv\/wp-json\/wp\/v2\/pages\/3487\/revisions"}],"predecessor-version":[{"id":6152,"href":"https:\/\/www.brokk.com\/sv\/wp-json\/wp\/v2\/pages\/3487\/revisions\/6152"}],"wp:attachment":[{"href":"https:\/\/www.brokk.com\/sv\/wp-json\/wp\/v2\/media?parent=3487"}],"curies":[{"name":"wp","href":"https:\/\/api.w.org\/{rel}","templated":true}]}}