{"id":3492,"date":"2018-03-07T15:00:16","date_gmt":"2018-03-07T15:00:16","guid":{"rendered":"https:\/\/www.brokk.com\/sweden\/contact\/"},"modified":"2025-07-03T10:32:26","modified_gmt":"2025-07-03T08:32:26","slug":"kontakt","status":"publish","type":"page","link":"https:\/\/www.brokk.com\/sv\/kontakt\/","title":{"rendered":"Kontakt"},"content":{"rendered":"<p>Vi vill alltid f\u00f6rb\u00e4ttra v\u00e5r verksamhet och ni \u00e4r en viktig del i den processen. Tveka inte att kontakta oss om du har n\u00e5gra fr\u00e5gor!<\/p>\n<p>Nedan hittar du relevant kontaktinformation beroende p\u00e5 ditt \u00e4rende.<\/p>\n","protected":false},"excerpt":{"rendered":"<p>Vi vill alltid f\u00f6rb\u00e4ttra v\u00e5r verksamhet och ni \u00e4r en viktig del i den processen. Tveka inte att kontakta oss om du har n\u00e5gra fr\u00e5gor! Nedan hittar du relevant kontaktinformation beroende p\u00e5 ditt \u00e4rende.<\/p>\n","protected":false},"author":36,"featured_media":0,"parent":0,"menu_order":49,"comment_status":"closed","ping_status":"closed","template":"page-templates\/contacts-global.php","meta":{"_acf_changed":false,"_relevanssi_hide_post":"","_relevanssi_hide_content":"","_relevanssi_pin_for_all":"","_relevanssi_pin_keywords":"","_relevanssi_unpin_keywords":"","_relevanssi_related_keywords":"","_relevanssi_related_include_ids":"","_relevanssi_related_exclude_ids":"","_relevanssi_related_no_append":"","_relevanssi_related_not_related":"","_relevanssi_related_posts":"","_relevanssi_noindex_reason":"","footnotes":""},"class_list":["post-3492","page","type-page","status-publish","hentry"],"acf":[],"yoast_head":"<!-- This site is optimized with the Yoast SEO plugin v27.3 - https:\/\/yoast.com\/product\/yoast-seo-wordpress\/ -->\n<title>Kontakt - Brokk Sweden<\/title>\n<meta name=\"robots\" content=\"index, follow, max-snippet:-1, max-image-preview:large, max-video-preview:-1\" \/>\n<link rel=\"canonical\" href=\"https:\/\/www.brokk.com\/sv\/kontakt\/\" \/>\n<meta property=\"og:locale\" content=\"sv_SE\" \/>\n<meta property=\"og:type\" content=\"article\" \/>\n<meta property=\"og:title\" content=\"Kontakt - Brokk Sweden\" \/>\n<meta property=\"og:description\" content=\"Vi vill alltid f\u00f6rb\u00e4ttra v\u00e5r verksamhet och ni \u00e4r en viktig del i den processen. Tveka inte att kontakta oss om du har n\u00e5gra fr\u00e5gor! Nedan hittar du relevant kontaktinformation beroende p\u00e5 ditt \u00e4rende.\" \/>\n<meta property=\"og:url\" content=\"https:\/\/www.brokk.com\/sv\/kontakt\/\" \/>\n<meta property=\"og:site_name\" content=\"Brokk Sweden\" \/>\n<meta property=\"article:modified_time\" content=\"2025-07-03T08:32:26+00:00\" \/>\n<meta name=\"twitter:card\" content=\"summary_large_image\" \/>\n<meta name=\"twitter:label1\" content=\"Ber\u00e4knad l\u00e4stid\" \/>\n\t<meta name=\"twitter:data1\" content=\"1 minut\" \/>\n<script type=\"application\/ld+json\" class=\"yoast-schema-graph\">{\"@context\":\"https:\\\/\\\/schema.org\",\"@graph\":[{\"@type\":\"WebPage\",\"@id\":\"https:\\\/\\\/www.brokk.com\\\/sv\\\/kontakt\\\/\",\"url\":\"https:\\\/\\\/www.brokk.com\\\/sv\\\/kontakt\\\/\",\"name\":\"Kontakt - Brokk Sweden\",\"isPartOf\":{\"@id\":\"https:\\\/\\\/www.brokk.com\\\/sv\\\/#website\"},\"datePublished\":\"2018-03-07T15:00:16+00:00\",\"dateModified\":\"2025-07-03T08:32:26+00:00\",\"breadcrumb\":{\"@id\":\"https:\\\/\\\/www.brokk.com\\\/sv\\\/kontakt\\\/#breadcrumb\"},\"inLanguage\":\"sv-SE\",\"potentialAction\":[{\"@type\":\"ReadAction\",\"target\":[\"https:\\\/\\\/www.brokk.com\\\/sv\\\/kontakt\\\/\"]}]},{\"@type\":\"BreadcrumbList\",\"@id\":\"https:\\\/\\\/www.brokk.com\\\/sv\\\/kontakt\\\/#breadcrumb\",\"itemListElement\":[{\"@type\":\"ListItem\",\"position\":1,\"name\":\"Home\",\"item\":\"https:\\\/\\\/www.brokk.com\\\/sv\\\/\"},{\"@type\":\"ListItem\",\"position\":2,\"name\":\"Kontakt\"}]},{\"@type\":\"WebSite\",\"@id\":\"https:\\\/\\\/www.brokk.com\\\/sv\\\/#website\",\"url\":\"https:\\\/\\\/www.brokk.com\\\/sv\\\/\",\"name\":\"Brokk Sweden\",\"description\":\"\",\"potentialAction\":[{\"@type\":\"SearchAction\",\"target\":{\"@type\":\"EntryPoint\",\"urlTemplate\":\"https:\\\/\\\/www.brokk.com\\\/sv\\\/?s={search_term_string}\"},\"query-input\":{\"@type\":\"PropertyValueSpecification\",\"valueRequired\":true,\"valueName\":\"search_term_string\"}}],\"inLanguage\":\"sv-SE\"}]}<\/script>\n<!-- \/ Yoast SEO plugin. -->","yoast_head_json":{"title":"Kontakt - Brokk Sweden","robots":{"index":"index","follow":"follow","max-snippet":"max-snippet:-1","max-image-preview":"max-image-preview:large","max-video-preview":"max-video-preview:-1"},"canonical":"https:\/\/www.brokk.com\/sv\/kontakt\/","og_locale":"sv_SE","og_type":"article","og_title":"Kontakt - Brokk Sweden","og_description":"Vi vill alltid f\u00f6rb\u00e4ttra v\u00e5r verksamhet och ni \u00e4r en viktig del i den processen. Tveka inte att kontakta oss om du har n\u00e5gra fr\u00e5gor! Nedan hittar du relevant kontaktinformation beroende p\u00e5 ditt \u00e4rende.","og_url":"https:\/\/www.brokk.com\/sv\/kontakt\/","og_site_name":"Brokk Sweden","article_modified_time":"2025-07-03T08:32:26+00:00","twitter_card":"summary_large_image","twitter_misc":{"Ber\u00e4knad l\u00e4stid":"1 minut"},"schema":{"@context":"https:\/\/schema.org","@graph":[{"@type":"WebPage","@id":"https:\/\/www.brokk.com\/sv\/kontakt\/","url":"https:\/\/www.brokk.com\/sv\/kontakt\/","name":"Kontakt - Brokk Sweden","isPartOf":{"@id":"https:\/\/www.brokk.com\/sv\/#website"},"datePublished":"2018-03-07T15:00:16+00:00","dateModified":"2025-07-03T08:32:26+00:00","breadcrumb":{"@id":"https:\/\/www.brokk.com\/sv\/kontakt\/#breadcrumb"},"inLanguage":"sv-SE","potentialAction":[{"@type":"ReadAction","target":["https:\/\/www.brokk.com\/sv\/kontakt\/"]}]},{"@type":"BreadcrumbList","@id":"https:\/\/www.brokk.com\/sv\/kontakt\/#breadcrumb","itemListElement":[{"@type":"ListItem","position":1,"name":"Home","item":"https:\/\/www.brokk.com\/sv\/"},{"@type":"ListItem","position":2,"name":"Kontakt"}]},{"@type":"WebSite","@id":"https:\/\/www.brokk.com\/sv\/#website","url":"https:\/\/www.brokk.com\/sv\/","name":"Brokk Sweden","description":"","potentialAction":[{"@type":"SearchAction","target":{"@type":"EntryPoint","urlTemplate":"https:\/\/www.brokk.com\/sv\/?s={search_term_string}"},"query-input":{"@type":"PropertyValueSpecification","valueRequired":true,"valueName":"search_term_string"}}],"inLanguage":"sv-SE"}]}},"_links":{"self":[{"href":"https:\/\/www.brokk.com\/sv\/wp-json\/wp\/v2\/pages\/3492","targetHints":{"allow":["GET"]}}],"collection":[{"href":"https:\/\/www.brokk.com\/sv\/wp-json\/wp\/v2\/pages"}],"about":[{"href":"https:\/\/www.brokk.com\/sv\/wp-json\/wp\/v2\/types\/page"}],"author":[{"embeddable":true,"href":"https:\/\/www.brokk.com\/sv\/wp-json\/wp\/v2\/users\/36"}],"replies":[{"embeddable":true,"href":"https:\/\/www.brokk.com\/sv\/wp-json\/wp\/v2\/comments?post=3492"}],"version-history":[{"count":14,"href":"https:\/\/www.brokk.com\/sv\/wp-json\/wp\/v2\/pages\/3492\/revisions"}],"predecessor-version":[{"id":6155,"href":"https:\/\/www.brokk.com\/sv\/wp-json\/wp\/v2\/pages\/3492\/revisions\/6155"}],"wp:attachment":[{"href":"https:\/\/www.brokk.com\/sv\/wp-json\/wp\/v2\/media?parent=3492"}],"curies":[{"name":"wp","href":"https:\/\/api.w.org\/{rel}","templated":true}]}}