{"id":3513,"date":"2018-03-07T14:59:11","date_gmt":"2018-03-07T14:59:11","guid":{"rendered":"https:\/\/www.brokk.com\/sweden\/about-brokk\/"},"modified":"2024-05-16T08:59:45","modified_gmt":"2024-05-16T06:59:45","slug":"om-brokk","status":"publish","type":"page","link":"https:\/\/www.brokk.com\/sv\/om-brokk\/","title":{"rendered":"Om Brokk"},"content":{"rendered":"<p>Idag anv\u00e4nds tusentals fj\u00e4rrstyrda Brokk-robotar i framg\u00e5ngsrika projekt i mer \u00e4n 100 l\u00e4nder v\u00e4rlden \u00f6ver och vi stannar inte d\u00e4r! Vi forts\u00e4tter arbeta med att f\u00f6rb\u00e4ttra v\u00e5ra maskiner och v\u00e5r service f\u00f6r att kunna leverera v\u00e4rldens b\u00e4sta fj\u00e4rrstyrda rivningsrobotar.<\/p>\n<p><span title=\"\">Brokkonceptet v\u00e4xer kontinuerligt med nya maskiner, ny teknik och nya tj\u00e4nster.<\/span> <span title=\"\">\u00c4nd\u00e5 \u00e4r grundid\u00e9n fortfarande densamma.<\/span> <span title=\"\">Att utveckla utrustning och tj\u00e4nster som \u00e4r byggda f\u00f6r sitt syfte: s\u00e4ker, effektiv, kraftfull och l\u00f6nsam rivning.<\/span><\/p>\n","protected":false},"excerpt":{"rendered":"<p>Idag anv\u00e4nds tusentals fj\u00e4rrstyrda Brokk-robotar i framg\u00e5ngsrika projekt i mer \u00e4n 100 l\u00e4nder v\u00e4rlden \u00f6ver och vi stannar inte d\u00e4r! Vi forts\u00e4tter arbeta med att f\u00f6rb\u00e4ttra v\u00e5ra maskiner och v\u00e5r service f\u00f6r att kunna leverera v\u00e4rldens b\u00e4sta fj\u00e4rrstyrda rivningsrobotar. Brokkonceptet\u2026<\/p>\n","protected":false},"author":36,"featured_media":0,"parent":0,"menu_order":116,"comment_status":"closed","ping_status":"closed","template":"page-templates\/common.php","meta":{"_acf_changed":false,"_relevanssi_hide_post":"","_relevanssi_hide_content":"","_relevanssi_pin_for_all":"","_relevanssi_pin_keywords":"","_relevanssi_unpin_keywords":"","_relevanssi_related_keywords":"","_relevanssi_related_include_ids":"","_relevanssi_related_exclude_ids":"","_relevanssi_related_no_append":"","_relevanssi_related_not_related":"","_relevanssi_related_posts":"","_relevanssi_noindex_reason":"","footnotes":""},"class_list":["post-3513","page","type-page","status-publish","hentry"],"acf":[],"yoast_head":"<!-- This site is optimized with the Yoast SEO plugin v27.3 - https:\/\/yoast.com\/product\/yoast-seo-wordpress\/ -->\n<title>Om Brokk - Brokk Sweden<\/title>\n<meta name=\"robots\" content=\"index, follow, max-snippet:-1, max-image-preview:large, max-video-preview:-1\" \/>\n<link rel=\"canonical\" href=\"https:\/\/www.brokk.com\/sv\/om-brokk\/\" \/>\n<meta property=\"og:locale\" content=\"sv_SE\" \/>\n<meta property=\"og:type\" content=\"article\" \/>\n<meta property=\"og:title\" content=\"Om Brokk - Brokk Sweden\" \/>\n<meta property=\"og:description\" content=\"Idag anv\u00e4nds tusentals fj\u00e4rrstyrda Brokk-robotar i framg\u00e5ngsrika projekt i mer \u00e4n 100 l\u00e4nder v\u00e4rlden \u00f6ver och vi stannar inte d\u00e4r! Vi forts\u00e4tter arbeta med att f\u00f6rb\u00e4ttra v\u00e5ra maskiner och v\u00e5r service f\u00f6r att kunna leverera v\u00e4rldens b\u00e4sta fj\u00e4rrstyrda rivningsrobotar. Brokkonceptet\u2026\" \/>\n<meta property=\"og:url\" content=\"https:\/\/www.brokk.com\/sv\/om-brokk\/\" \/>\n<meta property=\"og:site_name\" content=\"Brokk Sweden\" \/>\n<meta property=\"article:modified_time\" content=\"2024-05-16T06:59:45+00:00\" \/>\n<meta name=\"twitter:card\" content=\"summary_large_image\" \/>\n<meta name=\"twitter:label1\" content=\"Ber\u00e4knad l\u00e4stid\" \/>\n\t<meta name=\"twitter:data1\" content=\"2 minuter\" \/>\n<script type=\"application\/ld+json\" class=\"yoast-schema-graph\">{\"@context\":\"https:\\\/\\\/schema.org\",\"@graph\":[{\"@type\":\"WebPage\",\"@id\":\"https:\\\/\\\/www.brokk.com\\\/sv\\\/om-brokk\\\/\",\"url\":\"https:\\\/\\\/www.brokk.com\\\/sv\\\/om-brokk\\\/\",\"name\":\"Om Brokk - Brokk Sweden\",\"isPartOf\":{\"@id\":\"https:\\\/\\\/www.brokk.com\\\/sv\\\/#website\"},\"datePublished\":\"2018-03-07T14:59:11+00:00\",\"dateModified\":\"2024-05-16T06:59:45+00:00\",\"breadcrumb\":{\"@id\":\"https:\\\/\\\/www.brokk.com\\\/sv\\\/om-brokk\\\/#breadcrumb\"},\"inLanguage\":\"sv-SE\",\"potentialAction\":[{\"@type\":\"ReadAction\",\"target\":[\"https:\\\/\\\/www.brokk.com\\\/sv\\\/om-brokk\\\/\"]}]},{\"@type\":\"BreadcrumbList\",\"@id\":\"https:\\\/\\\/www.brokk.com\\\/sv\\\/om-brokk\\\/#breadcrumb\",\"itemListElement\":[{\"@type\":\"ListItem\",\"position\":1,\"name\":\"Home\",\"item\":\"https:\\\/\\\/www.brokk.com\\\/sv\\\/\"},{\"@type\":\"ListItem\",\"position\":2,\"name\":\"Om Brokk\"}]},{\"@type\":\"WebSite\",\"@id\":\"https:\\\/\\\/www.brokk.com\\\/sv\\\/#website\",\"url\":\"https:\\\/\\\/www.brokk.com\\\/sv\\\/\",\"name\":\"Brokk Sweden\",\"description\":\"\",\"potentialAction\":[{\"@type\":\"SearchAction\",\"target\":{\"@type\":\"EntryPoint\",\"urlTemplate\":\"https:\\\/\\\/www.brokk.com\\\/sv\\\/?s={search_term_string}\"},\"query-input\":{\"@type\":\"PropertyValueSpecification\",\"valueRequired\":true,\"valueName\":\"search_term_string\"}}],\"inLanguage\":\"sv-SE\"}]}<\/script>\n<!-- \/ Yoast SEO plugin. -->","yoast_head_json":{"title":"Om Brokk - Brokk Sweden","robots":{"index":"index","follow":"follow","max-snippet":"max-snippet:-1","max-image-preview":"max-image-preview:large","max-video-preview":"max-video-preview:-1"},"canonical":"https:\/\/www.brokk.com\/sv\/om-brokk\/","og_locale":"sv_SE","og_type":"article","og_title":"Om Brokk - Brokk Sweden","og_description":"Idag anv\u00e4nds tusentals fj\u00e4rrstyrda Brokk-robotar i framg\u00e5ngsrika projekt i mer \u00e4n 100 l\u00e4nder v\u00e4rlden \u00f6ver och vi stannar inte d\u00e4r! Vi forts\u00e4tter arbeta med att f\u00f6rb\u00e4ttra v\u00e5ra maskiner och v\u00e5r service f\u00f6r att kunna leverera v\u00e4rldens b\u00e4sta fj\u00e4rrstyrda rivningsrobotar. Brokkonceptet\u2026","og_url":"https:\/\/www.brokk.com\/sv\/om-brokk\/","og_site_name":"Brokk Sweden","article_modified_time":"2024-05-16T06:59:45+00:00","twitter_card":"summary_large_image","twitter_misc":{"Ber\u00e4knad l\u00e4stid":"2 minuter"},"schema":{"@context":"https:\/\/schema.org","@graph":[{"@type":"WebPage","@id":"https:\/\/www.brokk.com\/sv\/om-brokk\/","url":"https:\/\/www.brokk.com\/sv\/om-brokk\/","name":"Om Brokk - Brokk Sweden","isPartOf":{"@id":"https:\/\/www.brokk.com\/sv\/#website"},"datePublished":"2018-03-07T14:59:11+00:00","dateModified":"2024-05-16T06:59:45+00:00","breadcrumb":{"@id":"https:\/\/www.brokk.com\/sv\/om-brokk\/#breadcrumb"},"inLanguage":"sv-SE","potentialAction":[{"@type":"ReadAction","target":["https:\/\/www.brokk.com\/sv\/om-brokk\/"]}]},{"@type":"BreadcrumbList","@id":"https:\/\/www.brokk.com\/sv\/om-brokk\/#breadcrumb","itemListElement":[{"@type":"ListItem","position":1,"name":"Home","item":"https:\/\/www.brokk.com\/sv\/"},{"@type":"ListItem","position":2,"name":"Om Brokk"}]},{"@type":"WebSite","@id":"https:\/\/www.brokk.com\/sv\/#website","url":"https:\/\/www.brokk.com\/sv\/","name":"Brokk Sweden","description":"","potentialAction":[{"@type":"SearchAction","target":{"@type":"EntryPoint","urlTemplate":"https:\/\/www.brokk.com\/sv\/?s={search_term_string}"},"query-input":{"@type":"PropertyValueSpecification","valueRequired":true,"valueName":"search_term_string"}}],"inLanguage":"sv-SE"}]}},"_links":{"self":[{"href":"https:\/\/www.brokk.com\/sv\/wp-json\/wp\/v2\/pages\/3513","targetHints":{"allow":["GET"]}}],"collection":[{"href":"https:\/\/www.brokk.com\/sv\/wp-json\/wp\/v2\/pages"}],"about":[{"href":"https:\/\/www.brokk.com\/sv\/wp-json\/wp\/v2\/types\/page"}],"author":[{"embeddable":true,"href":"https:\/\/www.brokk.com\/sv\/wp-json\/wp\/v2\/users\/36"}],"replies":[{"embeddable":true,"href":"https:\/\/www.brokk.com\/sv\/wp-json\/wp\/v2\/comments?post=3513"}],"version-history":[{"count":10,"href":"https:\/\/www.brokk.com\/sv\/wp-json\/wp\/v2\/pages\/3513\/revisions"}],"predecessor-version":[{"id":5663,"href":"https:\/\/www.brokk.com\/sv\/wp-json\/wp\/v2\/pages\/3513\/revisions\/5663"}],"wp:attachment":[{"href":"https:\/\/www.brokk.com\/sv\/wp-json\/wp\/v2\/media?parent=3513"}],"curies":[{"name":"wp","href":"https:\/\/api.w.org\/{rel}","templated":true}]}}