{"id":3519,"date":"2018-04-06T09:34:24","date_gmt":"2018-04-06T08:34:24","guid":{"rendered":"https:\/\/www.brokk.com\/sweden\/about-brokk\/the-brokk-group\/"},"modified":"2024-07-02T13:39:23","modified_gmt":"2024-07-02T11:39:23","slug":"brokk-koncernen","status":"publish","type":"page","link":"https:\/\/www.brokk.com\/sv\/om-brokk\/brokk-koncernen\/","title":{"rendered":"Brokk-koncernen"},"content":{"rendered":"<p>Brokk-koncernen \u00e4r v\u00e4rldsledande inom specialiserad och tekniskt avancerade rivningsl\u00f6sningar, str\u00e5lnings\u00e4ker elektrisk utrustning och utrustning f\u00f6r rivnings- och underh\u00e5llsarbete i flera olika applikationer. Gruppen best\u00e5r av ett antal marknadsledande produktf\u00f6retag samt ett antal f\u00f6rs\u00e4ljningsbolag runt om i v\u00e4rlden.<\/p>\n<p>Produktbolagen \u00e4r:<\/p>\n<ul>\n<li><a href=\"https:\/\/www.brokk.com\/\">Brokk<\/a> \u2013 V\u00e4rldsledande tillverkare av avancerade fj\u00e4rrstyrda rivningsrobotar.<\/li>\n<li><a href=\"http:\/\/www.brickingsolutions.com\/\">Brokk Bricking Solutions<\/a> \u2013 En ledande tillverkare av specialiserad utrustning f\u00f6r underh\u00e5llsarbete i ugnar.<\/li>\n<li><a href=\"https:\/\/darda.de\/home.html\">Darda<\/a> \u2013 V\u00e4rldsledande tillverkare av kompakta betongsaxar, st\u00e5lsaxar och hydrauliska spr\u00e4ckare.<\/li>\n<li><a href=\"https:\/\/www.ahlbergcameras.com\/\">Ahlberg Camera Systems<\/a> \u2013 en v\u00e4rldsledande tillverkare av str\u00e5lningss\u00e4kra kamera- och belysningssystem.<\/li>\n<li><a href=\"https:\/\/www.aquajet.se\/\">Aquajet Systems<\/a> \u2013 V\u00e4rldsledande tillverkare av vattenbilningsrobotar och utrustning.<\/li>\n<\/ul>\n<p>Ut\u00f6ver produktf\u00f6retagen best\u00e5r Brokk-koncernen av 20 s\u00e4ljbolag \u00f6ver hela v\u00e4rlden. 2023 hade koncernen mer \u00e4n 350 anst\u00e4llda och en oms\u00e4ttning p\u00e5 cirka 1,4 miljarder SEK.<\/p>\n<p><img loading=\"lazy\" decoding=\"async\" class=\"alignnone size-medium wp-image-2032\" src=\"https:\/\/www.brokk.com\/uploads\/2018\/05\/brokk_world_map-720x480.jpg\" alt=\"Brokk sales and service companies across the world\" width=\"720\" height=\"480\" \/><\/p>\n<p><span title=\"\">Brokk-koncernen \u00e4r en del av investmentbolaget Lifco.<\/span> <span title=\"\">Lifcos aff\u00e4rsid\u00e9 \u00e4r att f\u00f6rv\u00e4rva och utveckla marknadsledande nischade f\u00f6retag med potential att leverera en h\u00e5llbar vinsttillv\u00e4xt och stabila kassafl\u00f6den \u00f6ver tiden. Koncernen har tre aff\u00e4rsomr\u00e5den: Demolition &amp; Tools, Systems Solutions och Dental.<br \/>\n<\/span> <strong><span title=\"\">I slutet av 2023 bestod Lifco av 233 operativa f\u00f6retag i 31 l\u00e4nder, med cirka 6890 anst\u00e4llda.<\/span> <span title=\"\">Lifco redovisade 2023 en nettooms\u00e4ttning p\u00e5 24,5 miljarder kronor och EBITA p\u00e5 5,6 miljarder kronor.<\/span><\/strong><\/p>\n<p>&nbsp;<\/p>\n","protected":false},"excerpt":{"rendered":"<p>Brokk-koncernen \u00e4r v\u00e4rldsledande inom specialiserad och tekniskt avancerade rivningsl\u00f6sningar, str\u00e5lnings\u00e4ker elektrisk utrustning och utrustning f\u00f6r rivnings- och underh\u00e5llsarbete i flera olika applikationer. Gruppen best\u00e5r av ett antal marknadsledande produktf\u00f6retag samt ett antal f\u00f6rs\u00e4ljningsbolag runt om i v\u00e4rlden. Produktbolagen \u00e4r: Brokk\u2026<\/p>\n","protected":false},"author":36,"featured_media":0,"parent":3513,"menu_order":100,"comment_status":"closed","ping_status":"closed","template":"page-templates\/common.php","meta":{"_acf_changed":false,"_relevanssi_hide_post":"","_relevanssi_hide_content":"","_relevanssi_pin_for_all":"","_relevanssi_pin_keywords":"","_relevanssi_unpin_keywords":"","_relevanssi_related_keywords":"","_relevanssi_related_include_ids":"","_relevanssi_related_exclude_ids":"","_relevanssi_related_no_append":"","_relevanssi_related_not_related":"","_relevanssi_related_posts":"","_relevanssi_noindex_reason":"","footnotes":""},"class_list":["post-3519","page","type-page","status-publish","hentry"],"acf":[],"yoast_head":"<!-- This site is optimized with the Yoast SEO plugin v27.3 - https:\/\/yoast.com\/product\/yoast-seo-wordpress\/ -->\n<title>Brokk-koncernen - Brokk Sweden<\/title>\n<meta name=\"robots\" content=\"index, follow, max-snippet:-1, max-image-preview:large, max-video-preview:-1\" \/>\n<link rel=\"canonical\" href=\"https:\/\/www.brokk.com\/sv\/om-brokk\/brokk-koncernen\/\" \/>\n<meta property=\"og:locale\" content=\"sv_SE\" \/>\n<meta property=\"og:type\" content=\"article\" \/>\n<meta property=\"og:title\" content=\"Brokk-koncernen - Brokk Sweden\" \/>\n<meta property=\"og:description\" content=\"Brokk-koncernen \u00e4r v\u00e4rldsledande inom specialiserad och tekniskt avancerade rivningsl\u00f6sningar, str\u00e5lnings\u00e4ker elektrisk utrustning och utrustning f\u00f6r rivnings- och underh\u00e5llsarbete i flera olika applikationer. Gruppen best\u00e5r av ett antal marknadsledande produktf\u00f6retag samt ett antal f\u00f6rs\u00e4ljningsbolag runt om i v\u00e4rlden. Produktbolagen \u00e4r: Brokk\u2026\" \/>\n<meta property=\"og:url\" content=\"https:\/\/www.brokk.com\/sv\/om-brokk\/brokk-koncernen\/\" \/>\n<meta property=\"og:site_name\" content=\"Brokk Sweden\" \/>\n<meta property=\"article:modified_time\" content=\"2024-07-02T11:39:23+00:00\" \/>\n<meta property=\"og:image\" content=\"https:\/\/www.brokk.com\/sv\/uploads\/sites\/10\/2018\/03\/brokk_group_hero.jpg\" \/>\n\t<meta property=\"og:image:width\" content=\"2560\" \/>\n\t<meta property=\"og:image:height\" content=\"1096\" \/>\n\t<meta property=\"og:image:type\" content=\"image\/jpeg\" \/>\n<meta name=\"twitter:card\" content=\"summary_large_image\" \/>\n<meta name=\"twitter:label1\" content=\"Ber\u00e4knad l\u00e4stid\" \/>\n\t<meta name=\"twitter:data1\" content=\"2 minuter\" \/>\n<script type=\"application\/ld+json\" class=\"yoast-schema-graph\">{\"@context\":\"https:\\\/\\\/schema.org\",\"@graph\":[{\"@type\":\"WebPage\",\"@id\":\"https:\\\/\\\/www.brokk.com\\\/sv\\\/om-brokk\\\/brokk-koncernen\\\/\",\"url\":\"https:\\\/\\\/www.brokk.com\\\/sv\\\/om-brokk\\\/brokk-koncernen\\\/\",\"name\":\"Brokk-koncernen - Brokk Sweden\",\"isPartOf\":{\"@id\":\"https:\\\/\\\/www.brokk.com\\\/sv\\\/#website\"},\"primaryImageOfPage\":{\"@id\":\"https:\\\/\\\/www.brokk.com\\\/sv\\\/om-brokk\\\/brokk-koncernen\\\/#primaryimage\"},\"image\":{\"@id\":\"https:\\\/\\\/www.brokk.com\\\/sv\\\/om-brokk\\\/brokk-koncernen\\\/#primaryimage\"},\"thumbnailUrl\":\"https:\\\/\\\/www.brokk.com\\\/uploads\\\/2018\\\/05\\\/brokk_world_map-720x480.jpg\",\"datePublished\":\"2018-04-06T08:34:24+00:00\",\"dateModified\":\"2024-07-02T11:39:23+00:00\",\"breadcrumb\":{\"@id\":\"https:\\\/\\\/www.brokk.com\\\/sv\\\/om-brokk\\\/brokk-koncernen\\\/#breadcrumb\"},\"inLanguage\":\"sv-SE\",\"potentialAction\":[{\"@type\":\"ReadAction\",\"target\":[\"https:\\\/\\\/www.brokk.com\\\/sv\\\/om-brokk\\\/brokk-koncernen\\\/\"]}]},{\"@type\":\"ImageObject\",\"inLanguage\":\"sv-SE\",\"@id\":\"https:\\\/\\\/www.brokk.com\\\/sv\\\/om-brokk\\\/brokk-koncernen\\\/#primaryimage\",\"url\":\"https:\\\/\\\/www.brokk.com\\\/uploads\\\/2018\\\/05\\\/brokk_world_map-720x480.jpg\",\"contentUrl\":\"https:\\\/\\\/www.brokk.com\\\/uploads\\\/2018\\\/05\\\/brokk_world_map-720x480.jpg\"},{\"@type\":\"BreadcrumbList\",\"@id\":\"https:\\\/\\\/www.brokk.com\\\/sv\\\/om-brokk\\\/brokk-koncernen\\\/#breadcrumb\",\"itemListElement\":[{\"@type\":\"ListItem\",\"position\":1,\"name\":\"Home\",\"item\":\"https:\\\/\\\/www.brokk.com\\\/sv\\\/\"},{\"@type\":\"ListItem\",\"position\":2,\"name\":\"Om Brokk\",\"item\":\"https:\\\/\\\/www.brokk.com\\\/sv\\\/om-brokk\\\/\"},{\"@type\":\"ListItem\",\"position\":3,\"name\":\"Brokk-koncernen\"}]},{\"@type\":\"WebSite\",\"@id\":\"https:\\\/\\\/www.brokk.com\\\/sv\\\/#website\",\"url\":\"https:\\\/\\\/www.brokk.com\\\/sv\\\/\",\"name\":\"Brokk Sweden\",\"description\":\"\",\"potentialAction\":[{\"@type\":\"SearchAction\",\"target\":{\"@type\":\"EntryPoint\",\"urlTemplate\":\"https:\\\/\\\/www.brokk.com\\\/sv\\\/?s={search_term_string}\"},\"query-input\":{\"@type\":\"PropertyValueSpecification\",\"valueRequired\":true,\"valueName\":\"search_term_string\"}}],\"inLanguage\":\"sv-SE\"}]}<\/script>\n<!-- \/ Yoast SEO plugin. -->","yoast_head_json":{"title":"Brokk-koncernen - Brokk Sweden","robots":{"index":"index","follow":"follow","max-snippet":"max-snippet:-1","max-image-preview":"max-image-preview:large","max-video-preview":"max-video-preview:-1"},"canonical":"https:\/\/www.brokk.com\/sv\/om-brokk\/brokk-koncernen\/","og_locale":"sv_SE","og_type":"article","og_title":"Brokk-koncernen - Brokk Sweden","og_description":"Brokk-koncernen \u00e4r v\u00e4rldsledande inom specialiserad och tekniskt avancerade rivningsl\u00f6sningar, str\u00e5lnings\u00e4ker elektrisk utrustning och utrustning f\u00f6r rivnings- och underh\u00e5llsarbete i flera olika applikationer. Gruppen best\u00e5r av ett antal marknadsledande produktf\u00f6retag samt ett antal f\u00f6rs\u00e4ljningsbolag runt om i v\u00e4rlden. Produktbolagen \u00e4r: Brokk\u2026","og_url":"https:\/\/www.brokk.com\/sv\/om-brokk\/brokk-koncernen\/","og_site_name":"Brokk Sweden","article_modified_time":"2024-07-02T11:39:23+00:00","og_image":[{"width":2560,"height":1096,"url":"https:\/\/www.brokk.com\/sv\/uploads\/sites\/10\/2018\/03\/brokk_group_hero.jpg","type":"image\/jpeg"}],"twitter_card":"summary_large_image","twitter_misc":{"Ber\u00e4knad l\u00e4stid":"2 minuter"},"schema":{"@context":"https:\/\/schema.org","@graph":[{"@type":"WebPage","@id":"https:\/\/www.brokk.com\/sv\/om-brokk\/brokk-koncernen\/","url":"https:\/\/www.brokk.com\/sv\/om-brokk\/brokk-koncernen\/","name":"Brokk-koncernen - Brokk Sweden","isPartOf":{"@id":"https:\/\/www.brokk.com\/sv\/#website"},"primaryImageOfPage":{"@id":"https:\/\/www.brokk.com\/sv\/om-brokk\/brokk-koncernen\/#primaryimage"},"image":{"@id":"https:\/\/www.brokk.com\/sv\/om-brokk\/brokk-koncernen\/#primaryimage"},"thumbnailUrl":"https:\/\/www.brokk.com\/uploads\/2018\/05\/brokk_world_map-720x480.jpg","datePublished":"2018-04-06T08:34:24+00:00","dateModified":"2024-07-02T11:39:23+00:00","breadcrumb":{"@id":"https:\/\/www.brokk.com\/sv\/om-brokk\/brokk-koncernen\/#breadcrumb"},"inLanguage":"sv-SE","potentialAction":[{"@type":"ReadAction","target":["https:\/\/www.brokk.com\/sv\/om-brokk\/brokk-koncernen\/"]}]},{"@type":"ImageObject","inLanguage":"sv-SE","@id":"https:\/\/www.brokk.com\/sv\/om-brokk\/brokk-koncernen\/#primaryimage","url":"https:\/\/www.brokk.com\/uploads\/2018\/05\/brokk_world_map-720x480.jpg","contentUrl":"https:\/\/www.brokk.com\/uploads\/2018\/05\/brokk_world_map-720x480.jpg"},{"@type":"BreadcrumbList","@id":"https:\/\/www.brokk.com\/sv\/om-brokk\/brokk-koncernen\/#breadcrumb","itemListElement":[{"@type":"ListItem","position":1,"name":"Home","item":"https:\/\/www.brokk.com\/sv\/"},{"@type":"ListItem","position":2,"name":"Om Brokk","item":"https:\/\/www.brokk.com\/sv\/om-brokk\/"},{"@type":"ListItem","position":3,"name":"Brokk-koncernen"}]},{"@type":"WebSite","@id":"https:\/\/www.brokk.com\/sv\/#website","url":"https:\/\/www.brokk.com\/sv\/","name":"Brokk Sweden","description":"","potentialAction":[{"@type":"SearchAction","target":{"@type":"EntryPoint","urlTemplate":"https:\/\/www.brokk.com\/sv\/?s={search_term_string}"},"query-input":{"@type":"PropertyValueSpecification","valueRequired":true,"valueName":"search_term_string"}}],"inLanguage":"sv-SE"}]}},"_links":{"self":[{"href":"https:\/\/www.brokk.com\/sv\/wp-json\/wp\/v2\/pages\/3519","targetHints":{"allow":["GET"]}}],"collection":[{"href":"https:\/\/www.brokk.com\/sv\/wp-json\/wp\/v2\/pages"}],"about":[{"href":"https:\/\/www.brokk.com\/sv\/wp-json\/wp\/v2\/types\/page"}],"author":[{"embeddable":true,"href":"https:\/\/www.brokk.com\/sv\/wp-json\/wp\/v2\/users\/36"}],"replies":[{"embeddable":true,"href":"https:\/\/www.brokk.com\/sv\/wp-json\/wp\/v2\/comments?post=3519"}],"version-history":[{"count":8,"href":"https:\/\/www.brokk.com\/sv\/wp-json\/wp\/v2\/pages\/3519\/revisions"}],"predecessor-version":[{"id":5725,"href":"https:\/\/www.brokk.com\/sv\/wp-json\/wp\/v2\/pages\/3519\/revisions\/5725"}],"up":[{"embeddable":true,"href":"https:\/\/www.brokk.com\/sv\/wp-json\/wp\/v2\/pages\/3513"}],"wp:attachment":[{"href":"https:\/\/www.brokk.com\/sv\/wp-json\/wp\/v2\/media?parent=3519"}],"curies":[{"name":"wp","href":"https:\/\/api.w.org\/{rel}","templated":true}]}}