{"id":3525,"date":"2018-04-06T09:28:56","date_gmt":"2018-04-06T08:28:56","guid":{"rendered":"https:\/\/www.brokk.com\/sweden\/about-brokk\/r-and-d\/"},"modified":"2019-06-11T06:20:59","modified_gmt":"2019-06-11T05:20:59","slug":"r-and-d","status":"publish","type":"page","link":"https:\/\/www.brokk.com\/sv\/om-brokk\/r-and-d\/","title":{"rendered":"R&#038;D"},"content":{"rendered":"<p>I \u00f6ver 40 \u00e5r har Brokk varit i v\u00e4rldsledande inom innovationen kring rivningsrobotar och vi stannar inte d\u00e4r.<\/p>\n<p><span title=\"\">Ursprunget till Brokk och konceptet\u00a0 &#8221;fj\u00e4rrstyrda rivningsmaskiner&#8221; kommer fr\u00e5n tv\u00e5 entrepren\u00f6rer som ville l\u00f6sa de verkliga utmaningarna p\u00e5 arbetsplatserna.<\/span> <span title=\"\">Det h\u00e4r tankes\u00e4ttet ligger fortfarande i centrum f\u00f6r all forskning och utveckling p\u00e5 Brokk.<\/span><\/p>\n<p><span title=\"\">Att f\u00f6rb\u00e4ttra och f\u00f6renkla arbetet f\u00f6r operat\u00f6ren och rivningsroboten p\u00e5 verkliga arbetsplatser ligger alltid till grund n\u00e4r nya koncept, funktioner, designalternativ eller f\u00f6rb\u00e4ttringar tas fram. <\/span><span title=\"\">D\u00e4rf\u00f6r granskar vi alla nya funktioner och modifikationer som vi g\u00f6r, baserat p\u00e5 kriterier f\u00f6r att det ska f\u00e5 verkliga f\u00f6rb\u00e4ttringar i produktivitet, s\u00e4kerhet och ergonomi. <\/span><span title=\"\">Kort sagt, hos Brokk designar och bygger vi maskiner f\u00f6r det &#8221;verkliga livet&#8221;.<\/span><\/p>\n<h4>Ledande teknik<\/h4>\n<p>Inget hindrar oss fr\u00e5n att forts\u00e4tta utveckla och implementera avancerad teknik p\u00e5 v\u00e5ra maskiner och med \u00f6ver 40 \u00e5rs erfarenhet har vi arbetat fram de r\u00e4tta verktygen f\u00f6r att optimera tekniken f\u00f6r varje robot. V\u00e5rt fokuserade arbete p\u00e5 innovativa produkter har gett oss en serie patent f\u00f6r flera unika innovationer, bland annat inom ergonomi, hydraulik och elektronik.<\/p>\n<p>Brokk SmartPower\u2122 \u00e4r en av de innovationerna som visar v\u00e4rlden vad vi kan! Konceptet inneh\u00e5ller en unik elmotor som n\u00e4stan har f\u00f6rdubblat rivningskapaciteten hos Brokks robotar.<\/p>\n","protected":false},"excerpt":{"rendered":"<p>I \u00f6ver 40 \u00e5r har Brokk varit i v\u00e4rldsledande inom innovationen kring rivningsrobotar och vi stannar inte d\u00e4r. Ursprunget till Brokk och konceptet\u00a0 &#8221;fj\u00e4rrstyrda rivningsmaskiner&#8221; kommer fr\u00e5n tv\u00e5 entrepren\u00f6rer som ville l\u00f6sa de verkliga utmaningarna p\u00e5 arbetsplatserna. Det h\u00e4r tankes\u00e4ttet\u2026<\/p>\n","protected":false},"author":36,"featured_media":3517,"parent":3513,"menu_order":83,"comment_status":"closed","ping_status":"closed","template":"page-templates\/common.php","meta":{"_acf_changed":false,"_relevanssi_hide_post":"","_relevanssi_hide_content":"","_relevanssi_pin_for_all":"","_relevanssi_pin_keywords":"","_relevanssi_unpin_keywords":"","_relevanssi_related_keywords":"","_relevanssi_related_include_ids":"","_relevanssi_related_exclude_ids":"","_relevanssi_related_no_append":"","_relevanssi_related_not_related":"","_relevanssi_related_posts":"","_relevanssi_noindex_reason":"","footnotes":""},"class_list":["post-3525","page","type-page","status-publish","has-post-thumbnail","hentry"],"acf":[],"yoast_head":"<!-- This site is optimized with the Yoast SEO plugin v27.3 - https:\/\/yoast.com\/product\/yoast-seo-wordpress\/ -->\n<title>R&amp;D - Brokk Sweden<\/title>\n<meta name=\"robots\" content=\"index, follow, max-snippet:-1, max-image-preview:large, max-video-preview:-1\" \/>\n<link rel=\"canonical\" href=\"https:\/\/www.brokk.com\/sv\/om-brokk\/r-and-d\/\" \/>\n<meta property=\"og:locale\" content=\"sv_SE\" \/>\n<meta property=\"og:type\" content=\"article\" \/>\n<meta property=\"og:title\" content=\"R&amp;D - Brokk Sweden\" \/>\n<meta property=\"og:description\" content=\"I \u00f6ver 40 \u00e5r har Brokk varit i v\u00e4rldsledande inom innovationen kring rivningsrobotar och vi stannar inte d\u00e4r. Ursprunget till Brokk och konceptet\u00a0 &#8221;fj\u00e4rrstyrda rivningsmaskiner&#8221; kommer fr\u00e5n tv\u00e5 entrepren\u00f6rer som ville l\u00f6sa de verkliga utmaningarna p\u00e5 arbetsplatserna. Det h\u00e4r tankes\u00e4ttet\u2026\" \/>\n<meta property=\"og:url\" content=\"https:\/\/www.brokk.com\/sv\/om-brokk\/r-and-d\/\" \/>\n<meta property=\"og:site_name\" content=\"Brokk Sweden\" \/>\n<meta property=\"article:modified_time\" content=\"2019-06-11T05:20:59+00:00\" \/>\n<meta property=\"og:image\" content=\"https:\/\/www.brokk.com\/sv\/uploads\/sites\/10\/2018\/03\/r-and-d_hero.jpg\" \/>\n\t<meta property=\"og:image:width\" content=\"2560\" \/>\n\t<meta property=\"og:image:height\" content=\"1096\" \/>\n\t<meta property=\"og:image:type\" content=\"image\/jpeg\" \/>\n<meta name=\"twitter:card\" content=\"summary_large_image\" \/>\n<meta name=\"twitter:label1\" content=\"Ber\u00e4knad l\u00e4stid\" \/>\n\t<meta name=\"twitter:data1\" content=\"1 minut\" \/>\n<script type=\"application\/ld+json\" class=\"yoast-schema-graph\">{\"@context\":\"https:\\\/\\\/schema.org\",\"@graph\":[{\"@type\":\"WebPage\",\"@id\":\"https:\\\/\\\/www.brokk.com\\\/sv\\\/om-brokk\\\/r-and-d\\\/\",\"url\":\"https:\\\/\\\/www.brokk.com\\\/sv\\\/om-brokk\\\/r-and-d\\\/\",\"name\":\"R&D - Brokk Sweden\",\"isPartOf\":{\"@id\":\"https:\\\/\\\/www.brokk.com\\\/sv\\\/#website\"},\"primaryImageOfPage\":{\"@id\":\"https:\\\/\\\/www.brokk.com\\\/sv\\\/om-brokk\\\/r-and-d\\\/#primaryimage\"},\"image\":{\"@id\":\"https:\\\/\\\/www.brokk.com\\\/sv\\\/om-brokk\\\/r-and-d\\\/#primaryimage\"},\"thumbnailUrl\":\"https:\\\/\\\/www.brokk.com\\\/sv\\\/uploads\\\/sites\\\/10\\\/2018\\\/03\\\/r-and-d_hero.jpg\",\"datePublished\":\"2018-04-06T08:28:56+00:00\",\"dateModified\":\"2019-06-11T05:20:59+00:00\",\"breadcrumb\":{\"@id\":\"https:\\\/\\\/www.brokk.com\\\/sv\\\/om-brokk\\\/r-and-d\\\/#breadcrumb\"},\"inLanguage\":\"sv-SE\",\"potentialAction\":[{\"@type\":\"ReadAction\",\"target\":[\"https:\\\/\\\/www.brokk.com\\\/sv\\\/om-brokk\\\/r-and-d\\\/\"]}]},{\"@type\":\"ImageObject\",\"inLanguage\":\"sv-SE\",\"@id\":\"https:\\\/\\\/www.brokk.com\\\/sv\\\/om-brokk\\\/r-and-d\\\/#primaryimage\",\"url\":\"https:\\\/\\\/www.brokk.com\\\/sv\\\/uploads\\\/sites\\\/10\\\/2018\\\/03\\\/r-and-d_hero.jpg\",\"contentUrl\":\"https:\\\/\\\/www.brokk.com\\\/sv\\\/uploads\\\/sites\\\/10\\\/2018\\\/03\\\/r-and-d_hero.jpg\",\"width\":2560,\"height\":1096},{\"@type\":\"BreadcrumbList\",\"@id\":\"https:\\\/\\\/www.brokk.com\\\/sv\\\/om-brokk\\\/r-and-d\\\/#breadcrumb\",\"itemListElement\":[{\"@type\":\"ListItem\",\"position\":1,\"name\":\"Home\",\"item\":\"https:\\\/\\\/www.brokk.com\\\/sv\\\/\"},{\"@type\":\"ListItem\",\"position\":2,\"name\":\"Om Brokk\",\"item\":\"https:\\\/\\\/www.brokk.com\\\/sv\\\/om-brokk\\\/\"},{\"@type\":\"ListItem\",\"position\":3,\"name\":\"R&#038;D\"}]},{\"@type\":\"WebSite\",\"@id\":\"https:\\\/\\\/www.brokk.com\\\/sv\\\/#website\",\"url\":\"https:\\\/\\\/www.brokk.com\\\/sv\\\/\",\"name\":\"Brokk Sweden\",\"description\":\"\",\"potentialAction\":[{\"@type\":\"SearchAction\",\"target\":{\"@type\":\"EntryPoint\",\"urlTemplate\":\"https:\\\/\\\/www.brokk.com\\\/sv\\\/?s={search_term_string}\"},\"query-input\":{\"@type\":\"PropertyValueSpecification\",\"valueRequired\":true,\"valueName\":\"search_term_string\"}}],\"inLanguage\":\"sv-SE\"}]}<\/script>\n<!-- \/ Yoast SEO plugin. -->","yoast_head_json":{"title":"R&D - Brokk Sweden","robots":{"index":"index","follow":"follow","max-snippet":"max-snippet:-1","max-image-preview":"max-image-preview:large","max-video-preview":"max-video-preview:-1"},"canonical":"https:\/\/www.brokk.com\/sv\/om-brokk\/r-and-d\/","og_locale":"sv_SE","og_type":"article","og_title":"R&D - Brokk Sweden","og_description":"I \u00f6ver 40 \u00e5r har Brokk varit i v\u00e4rldsledande inom innovationen kring rivningsrobotar och vi stannar inte d\u00e4r. Ursprunget till Brokk och konceptet\u00a0 &#8221;fj\u00e4rrstyrda rivningsmaskiner&#8221; kommer fr\u00e5n tv\u00e5 entrepren\u00f6rer som ville l\u00f6sa de verkliga utmaningarna p\u00e5 arbetsplatserna. Det h\u00e4r tankes\u00e4ttet\u2026","og_url":"https:\/\/www.brokk.com\/sv\/om-brokk\/r-and-d\/","og_site_name":"Brokk Sweden","article_modified_time":"2019-06-11T05:20:59+00:00","og_image":[{"width":2560,"height":1096,"url":"https:\/\/www.brokk.com\/sv\/uploads\/sites\/10\/2018\/03\/r-and-d_hero.jpg","type":"image\/jpeg"}],"twitter_card":"summary_large_image","twitter_misc":{"Ber\u00e4knad l\u00e4stid":"1 minut"},"schema":{"@context":"https:\/\/schema.org","@graph":[{"@type":"WebPage","@id":"https:\/\/www.brokk.com\/sv\/om-brokk\/r-and-d\/","url":"https:\/\/www.brokk.com\/sv\/om-brokk\/r-and-d\/","name":"R&D - Brokk Sweden","isPartOf":{"@id":"https:\/\/www.brokk.com\/sv\/#website"},"primaryImageOfPage":{"@id":"https:\/\/www.brokk.com\/sv\/om-brokk\/r-and-d\/#primaryimage"},"image":{"@id":"https:\/\/www.brokk.com\/sv\/om-brokk\/r-and-d\/#primaryimage"},"thumbnailUrl":"https:\/\/www.brokk.com\/sv\/uploads\/sites\/10\/2018\/03\/r-and-d_hero.jpg","datePublished":"2018-04-06T08:28:56+00:00","dateModified":"2019-06-11T05:20:59+00:00","breadcrumb":{"@id":"https:\/\/www.brokk.com\/sv\/om-brokk\/r-and-d\/#breadcrumb"},"inLanguage":"sv-SE","potentialAction":[{"@type":"ReadAction","target":["https:\/\/www.brokk.com\/sv\/om-brokk\/r-and-d\/"]}]},{"@type":"ImageObject","inLanguage":"sv-SE","@id":"https:\/\/www.brokk.com\/sv\/om-brokk\/r-and-d\/#primaryimage","url":"https:\/\/www.brokk.com\/sv\/uploads\/sites\/10\/2018\/03\/r-and-d_hero.jpg","contentUrl":"https:\/\/www.brokk.com\/sv\/uploads\/sites\/10\/2018\/03\/r-and-d_hero.jpg","width":2560,"height":1096},{"@type":"BreadcrumbList","@id":"https:\/\/www.brokk.com\/sv\/om-brokk\/r-and-d\/#breadcrumb","itemListElement":[{"@type":"ListItem","position":1,"name":"Home","item":"https:\/\/www.brokk.com\/sv\/"},{"@type":"ListItem","position":2,"name":"Om Brokk","item":"https:\/\/www.brokk.com\/sv\/om-brokk\/"},{"@type":"ListItem","position":3,"name":"R&#038;D"}]},{"@type":"WebSite","@id":"https:\/\/www.brokk.com\/sv\/#website","url":"https:\/\/www.brokk.com\/sv\/","name":"Brokk Sweden","description":"","potentialAction":[{"@type":"SearchAction","target":{"@type":"EntryPoint","urlTemplate":"https:\/\/www.brokk.com\/sv\/?s={search_term_string}"},"query-input":{"@type":"PropertyValueSpecification","valueRequired":true,"valueName":"search_term_string"}}],"inLanguage":"sv-SE"}]}},"_links":{"self":[{"href":"https:\/\/www.brokk.com\/sv\/wp-json\/wp\/v2\/pages\/3525","targetHints":{"allow":["GET"]}}],"collection":[{"href":"https:\/\/www.brokk.com\/sv\/wp-json\/wp\/v2\/pages"}],"about":[{"href":"https:\/\/www.brokk.com\/sv\/wp-json\/wp\/v2\/types\/page"}],"author":[{"embeddable":true,"href":"https:\/\/www.brokk.com\/sv\/wp-json\/wp\/v2\/users\/36"}],"replies":[{"embeddable":true,"href":"https:\/\/www.brokk.com\/sv\/wp-json\/wp\/v2\/comments?post=3525"}],"version-history":[{"count":7,"href":"https:\/\/www.brokk.com\/sv\/wp-json\/wp\/v2\/pages\/3525\/revisions"}],"predecessor-version":[{"id":3921,"href":"https:\/\/www.brokk.com\/sv\/wp-json\/wp\/v2\/pages\/3525\/revisions\/3921"}],"up":[{"embeddable":true,"href":"https:\/\/www.brokk.com\/sv\/wp-json\/wp\/v2\/pages\/3513"}],"wp:featuredmedia":[{"embeddable":true,"href":"https:\/\/www.brokk.com\/sv\/wp-json\/wp\/v2\/media\/3517"}],"wp:attachment":[{"href":"https:\/\/www.brokk.com\/sv\/wp-json\/wp\/v2\/media?parent=3525"}],"curies":[{"name":"wp","href":"https:\/\/api.w.org\/{rel}","templated":true}]}}