{"id":3529,"date":"2018-04-06T13:56:51","date_gmt":"2018-04-06T12:56:51","guid":{"rendered":"https:\/\/www.brokk.com\/sweden\/about-cookies\/"},"modified":"2024-03-22T16:52:51","modified_gmt":"2024-03-22T15:52:51","slug":"om-cookies","status":"publish","type":"page","link":"https:\/\/www.brokk.com\/sv\/om-cookies\/","title":{"rendered":"Om cookies"},"content":{"rendered":"<p>Om du v\u00e4ljer att inte acceptera cookies kan du kanske inte anv\u00e4nda alla delar av Brokks webbplats, MyBrokk eller andra onlinetj\u00e4nster (&#8221;Webbplatser&#8221;) och vissa delar av webbplatserna kanske inte fungerar korrekt.<\/p>\n<h4>Vad \u00e4r d\u00e5 cookies?<\/h4>\n<p>Cookies \u00e4r sm\u00e5 textfiler med information som lagras p\u00e5 din dator (eller annan enhet du anv\u00e4nder f\u00f6r att komma \u00e5t webbplatsen) n\u00e4r du bes\u00f6ker en webbplats. En cookie inneh\u00e5ller vanligtvis namnet p\u00e5 den webbplats som cookien kommer ifr\u00e5n, hur l\u00e4nge cookien ska lagras och ett nummer (vanligtvis ett slumpm\u00e4ssigt genererat unikt nummer). Cookies anv\u00e4nds f\u00f6r att g\u00f6ra webbplatser effektivare, men ocks\u00e5 f\u00f6r att ge viss information till \u00e4garen av en webbplats. Cookies g\u00f6r det m\u00f6jligt att skilja olika anv\u00e4ndare fr\u00e5n varandra, vilket kan ge varje anv\u00e4ndare en mer personlig och positiv upplevelse av webbplatsen.<\/p>\n<h4>Varf\u00f6r anv\u00e4nder Brokk cookies?<\/h4>\n<p>Brokk anv\u00e4nder cookies som beh\u00f6vs f\u00f6r att webbplatserna ska fungera korrekt och f\u00f6r att du ska kunna navigera runt p\u00e5 webbplatserna och anv\u00e4nda alla funktioner. Webbplatserna anv\u00e4nder \u00e4ven cookies som g\u00f6r det m\u00f6jligt att optimera sidans funktioner f\u00f6r att f\u00f6rb\u00e4ttra din upplevelse. \u00c4ven f\u00f6r att individanpassa framtida bes\u00f6k som till exempel genom att komma ih\u00e5g dina anv\u00e4ndarinst\u00e4llningar, s\u00e5 som ditt f\u00f6redragna spr\u00e5k.<\/p>\n<h4>COOKIES SOM ANV\u00c4NDS P\u00c5 BROKKs WEBBPLATSER<\/h4>\n<p>Vi anv\u00e4nder tre olika cookies:<\/p>\n<p><strong>L\u00e5ngsiktiga cookies<\/strong>, dvs. cookies som sparar en fil p\u00e5 enheten under en l\u00e4ngre tid. L\u00e5ngsiktiga cookies anv\u00e4nds till exempel med funktioner som beskriver vilken information som \u00e4r ny sedan du senast bes\u00f6kte webbplatsen. Hur l\u00e4nge cookien f\u00f6rblir p\u00e5 din enhet beror p\u00e5 livsl\u00e4ngden f\u00f6r den specifika cookien och dina webbl\u00e4sarinst\u00e4llningar.<\/p>\n<p><strong>Sessions-cookies<\/strong>, dvs cookies som tillf\u00e4lligt lagras i din enhets minne medan du bes\u00f6ker en webbplats och n\u00e4r du navigerar p\u00e5 en sida. Sessionscookies anv\u00e4nds till exempel f\u00f6r att avg\u00f6ra vilket spr\u00e5k du har valt. N\u00e4r du l\u00e4mnar en webbplats tas de bort.<\/p>\n<p><strong>Tredjepartscookies<\/strong>, dvs cookies som tillh\u00f6r andra dom\u00e4ner \u00e4n de som visas i adressf\u00e4ltet. Tredjepartscookies m\u00f6jligg\u00f6r sp\u00e5rning av anv\u00e4ndarens surfhistorik.<\/p>\n<h4>hur blockerar och\/eller raderar DU cookies?<\/h4>\n<p><span title=\"\">De flesta webbl\u00e4sare har en standardinst\u00e4llning som accepterar anv\u00e4ndningen av cookies.<\/span> <span class=\"alt-edited\" tabindex=\"-1\" title=\"\" contenteditable=\"false\">Du kan \u00e4ndra dessa inst\u00e4llningar s\u00e5 att du varnas n\u00e4r en cookie skickas till din enhet, eller skapa en huvudregel, vilket inneb\u00e4r att cookies blockeras.<\/span> <span title=\"\">Du kan ocks\u00e5 v\u00e4lja att radera alla cookies som lagras p\u00e5 din enhet.<\/span><br \/>\n<span title=\"\">Instruktioner om hur du tar bort lagrade cookies eller \u00e4ndrar inst\u00e4llningarna f\u00f6r cookie anges i webbl\u00e4sarens hj\u00e4lpfunktion.<\/span> <span title=\"\">Om du anv\u00e4nder olika enheter f\u00f6r att visa och komma \u00e5t webbplatsen m\u00e5ste du se till att webbl\u00e4saren p\u00e5 varje enhet anpassas till dina inst\u00e4llningar n\u00e4r det g\u00e4ller cookies.<\/span><\/p>\n<h4>\u00c4Ndringar av riktlinjer eller fr\u00e5gor<\/h4>\n<p>Om du har n\u00e5gra fr\u00e5gor om v\u00e5r anv\u00e4ndning av cookies, kontakta oss p\u00e5 <a href=\"mailto:info@brokk.com\">info@brokk.com<\/a>.<\/p>\n<p>Brokk kan uppdatera denna information emellan\u00e5t, s\u00e5 bes\u00f6k g\u00e4rna denna webbplats om anv\u00e4ndningen av cookies p\u00e5 denna webbplats intresserar dig.<\/p>\n<style>.CookieDeclaration{font-size:16px;}<\/style><script id=\"CookieDeclaration\" data-culture=\"sv\" src=\"https:\/\/consent.cookiebot.com\/f4cced5d-6ce6-4529-9ccd-4327437c4e65\/cd.js\" type=\"text\/javascript\" async><\/script>\n","protected":false},"excerpt":{"rendered":"<p>Om du v\u00e4ljer att inte acceptera cookies kan du kanske inte anv\u00e4nda alla delar av Brokks webbplats, MyBrokk eller andra onlinetj\u00e4nster (&#8221;Webbplatser&#8221;) och vissa delar av webbplatserna kanske inte fungerar korrekt. Vad \u00e4r d\u00e5 cookies? Cookies \u00e4r sm\u00e5 textfiler med\u2026<\/p>\n","protected":false},"author":36,"featured_media":0,"parent":0,"menu_order":58,"comment_status":"closed","ping_status":"closed","template":"","meta":{"_acf_changed":false,"_relevanssi_hide_post":"","_relevanssi_hide_content":"","_relevanssi_pin_for_all":"","_relevanssi_pin_keywords":"","_relevanssi_unpin_keywords":"","_relevanssi_related_keywords":"","_relevanssi_related_include_ids":"","_relevanssi_related_exclude_ids":"","_relevanssi_related_no_append":"","_relevanssi_related_not_related":"","_relevanssi_related_posts":"","_relevanssi_noindex_reason":"","footnotes":""},"class_list":["post-3529","page","type-page","status-publish","hentry"],"acf":[],"yoast_head":"<!-- This site is optimized with the Yoast SEO plugin v27.3 - https:\/\/yoast.com\/product\/yoast-seo-wordpress\/ -->\n<title>Om cookies - Brokk Sweden<\/title>\n<meta name=\"robots\" content=\"index, follow, max-snippet:-1, max-image-preview:large, max-video-preview:-1\" \/>\n<link rel=\"canonical\" href=\"https:\/\/www.brokk.com\/sv\/om-cookies\/\" \/>\n<meta property=\"og:locale\" content=\"sv_SE\" \/>\n<meta property=\"og:type\" content=\"article\" \/>\n<meta property=\"og:title\" content=\"Om cookies - Brokk Sweden\" \/>\n<meta property=\"og:description\" content=\"Om du v\u00e4ljer att inte acceptera cookies kan du kanske inte anv\u00e4nda alla delar av Brokks webbplats, MyBrokk eller andra onlinetj\u00e4nster (&#8221;Webbplatser&#8221;) och vissa delar av webbplatserna kanske inte fungerar korrekt. Vad \u00e4r d\u00e5 cookies? Cookies \u00e4r sm\u00e5 textfiler med\u2026\" \/>\n<meta property=\"og:url\" content=\"https:\/\/www.brokk.com\/sv\/om-cookies\/\" \/>\n<meta property=\"og:site_name\" content=\"Brokk Sweden\" \/>\n<meta property=\"article:modified_time\" content=\"2024-03-22T15:52:51+00:00\" \/>\n<meta name=\"twitter:card\" content=\"summary_large_image\" \/>\n<meta name=\"twitter:label1\" content=\"Ber\u00e4knad l\u00e4stid\" \/>\n\t<meta name=\"twitter:data1\" content=\"3 minuter\" \/>\n<script type=\"application\/ld+json\" class=\"yoast-schema-graph\">{\"@context\":\"https:\\\/\\\/schema.org\",\"@graph\":[{\"@type\":\"WebPage\",\"@id\":\"https:\\\/\\\/www.brokk.com\\\/sv\\\/om-cookies\\\/\",\"url\":\"https:\\\/\\\/www.brokk.com\\\/sv\\\/om-cookies\\\/\",\"name\":\"Om cookies - Brokk Sweden\",\"isPartOf\":{\"@id\":\"https:\\\/\\\/www.brokk.com\\\/sv\\\/#website\"},\"datePublished\":\"2018-04-06T12:56:51+00:00\",\"dateModified\":\"2024-03-22T15:52:51+00:00\",\"breadcrumb\":{\"@id\":\"https:\\\/\\\/www.brokk.com\\\/sv\\\/om-cookies\\\/#breadcrumb\"},\"inLanguage\":\"sv-SE\",\"potentialAction\":[{\"@type\":\"ReadAction\",\"target\":[\"https:\\\/\\\/www.brokk.com\\\/sv\\\/om-cookies\\\/\"]}]},{\"@type\":\"BreadcrumbList\",\"@id\":\"https:\\\/\\\/www.brokk.com\\\/sv\\\/om-cookies\\\/#breadcrumb\",\"itemListElement\":[{\"@type\":\"ListItem\",\"position\":1,\"name\":\"Home\",\"item\":\"https:\\\/\\\/www.brokk.com\\\/sv\\\/\"},{\"@type\":\"ListItem\",\"position\":2,\"name\":\"Om cookies\"}]},{\"@type\":\"WebSite\",\"@id\":\"https:\\\/\\\/www.brokk.com\\\/sv\\\/#website\",\"url\":\"https:\\\/\\\/www.brokk.com\\\/sv\\\/\",\"name\":\"Brokk Sweden\",\"description\":\"\",\"potentialAction\":[{\"@type\":\"SearchAction\",\"target\":{\"@type\":\"EntryPoint\",\"urlTemplate\":\"https:\\\/\\\/www.brokk.com\\\/sv\\\/?s={search_term_string}\"},\"query-input\":{\"@type\":\"PropertyValueSpecification\",\"valueRequired\":true,\"valueName\":\"search_term_string\"}}],\"inLanguage\":\"sv-SE\"}]}<\/script>\n<!-- \/ Yoast SEO plugin. -->","yoast_head_json":{"title":"Om cookies - Brokk Sweden","robots":{"index":"index","follow":"follow","max-snippet":"max-snippet:-1","max-image-preview":"max-image-preview:large","max-video-preview":"max-video-preview:-1"},"canonical":"https:\/\/www.brokk.com\/sv\/om-cookies\/","og_locale":"sv_SE","og_type":"article","og_title":"Om cookies - Brokk Sweden","og_description":"Om du v\u00e4ljer att inte acceptera cookies kan du kanske inte anv\u00e4nda alla delar av Brokks webbplats, MyBrokk eller andra onlinetj\u00e4nster (&#8221;Webbplatser&#8221;) och vissa delar av webbplatserna kanske inte fungerar korrekt. Vad \u00e4r d\u00e5 cookies? Cookies \u00e4r sm\u00e5 textfiler med\u2026","og_url":"https:\/\/www.brokk.com\/sv\/om-cookies\/","og_site_name":"Brokk Sweden","article_modified_time":"2024-03-22T15:52:51+00:00","twitter_card":"summary_large_image","twitter_misc":{"Ber\u00e4knad l\u00e4stid":"3 minuter"},"schema":{"@context":"https:\/\/schema.org","@graph":[{"@type":"WebPage","@id":"https:\/\/www.brokk.com\/sv\/om-cookies\/","url":"https:\/\/www.brokk.com\/sv\/om-cookies\/","name":"Om cookies - Brokk Sweden","isPartOf":{"@id":"https:\/\/www.brokk.com\/sv\/#website"},"datePublished":"2018-04-06T12:56:51+00:00","dateModified":"2024-03-22T15:52:51+00:00","breadcrumb":{"@id":"https:\/\/www.brokk.com\/sv\/om-cookies\/#breadcrumb"},"inLanguage":"sv-SE","potentialAction":[{"@type":"ReadAction","target":["https:\/\/www.brokk.com\/sv\/om-cookies\/"]}]},{"@type":"BreadcrumbList","@id":"https:\/\/www.brokk.com\/sv\/om-cookies\/#breadcrumb","itemListElement":[{"@type":"ListItem","position":1,"name":"Home","item":"https:\/\/www.brokk.com\/sv\/"},{"@type":"ListItem","position":2,"name":"Om cookies"}]},{"@type":"WebSite","@id":"https:\/\/www.brokk.com\/sv\/#website","url":"https:\/\/www.brokk.com\/sv\/","name":"Brokk Sweden","description":"","potentialAction":[{"@type":"SearchAction","target":{"@type":"EntryPoint","urlTemplate":"https:\/\/www.brokk.com\/sv\/?s={search_term_string}"},"query-input":{"@type":"PropertyValueSpecification","valueRequired":true,"valueName":"search_term_string"}}],"inLanguage":"sv-SE"}]}},"_links":{"self":[{"href":"https:\/\/www.brokk.com\/sv\/wp-json\/wp\/v2\/pages\/3529","targetHints":{"allow":["GET"]}}],"collection":[{"href":"https:\/\/www.brokk.com\/sv\/wp-json\/wp\/v2\/pages"}],"about":[{"href":"https:\/\/www.brokk.com\/sv\/wp-json\/wp\/v2\/types\/page"}],"author":[{"embeddable":true,"href":"https:\/\/www.brokk.com\/sv\/wp-json\/wp\/v2\/users\/36"}],"replies":[{"embeddable":true,"href":"https:\/\/www.brokk.com\/sv\/wp-json\/wp\/v2\/comments?post=3529"}],"version-history":[{"count":9,"href":"https:\/\/www.brokk.com\/sv\/wp-json\/wp\/v2\/pages\/3529\/revisions"}],"predecessor-version":[{"id":5601,"href":"https:\/\/www.brokk.com\/sv\/wp-json\/wp\/v2\/pages\/3529\/revisions\/5601"}],"wp:attachment":[{"href":"https:\/\/www.brokk.com\/sv\/wp-json\/wp\/v2\/media?parent=3529"}],"curies":[{"name":"wp","href":"https:\/\/api.w.org\/{rel}","templated":true}]}}