{"id":4150,"date":"2020-03-10T12:00:35","date_gmt":"2020-03-10T11:00:35","guid":{"rendered":"https:\/\/www.brokk.com\/sv\/?page_id=4150"},"modified":"2020-06-30T06:29:52","modified_gmt":"2020-06-30T05:29:52","slug":"atomiserad-vattendimma","status":"publish","type":"page","link":"https:\/\/www.brokk.com\/sv\/atomiserad-vattendimma\/","title":{"rendered":"Atomiserad vattendimma"},"content":{"rendered":"<h3><strong>Brokks atomiserade vattendimma <\/strong><\/h3>\n<p><strong>Vi har alltid s\u00e4kerhet i fokus, vilket \u00e4r anledningen till att vi utvecklar fj\u00e4rrstyrda rivningsrobotar och tillbeh\u00f6r som g\u00f6r det m\u00f6jligt f\u00f6r operat\u00f6rer att undvika riskfyllda omr\u00e5den. V\u00e5r helt nya atomiserade vattendimma \u00e4r inget undantag, den tar sig an de mest skadliga dammpartiklarna f\u00f6r en s\u00e4krare och renare arbetsmilj\u00f6.<br \/>\n<\/strong><\/p>\n<p>Kvartsdamm har identifierats som en betydande risk av branschorganisationer f\u00f6r h\u00e4lsa och s\u00e4kerhet. V\u00e5r atomiserade vattendimma har visat sig effektiv n\u00e4r det g\u00e4ller att binda de farligaste dammpartiklarna; de som inte syns f\u00f6r blotta \u00f6gat. V\u00e5rt system producerar en finf\u00f6rdelad dimma, 10 mikrometer droppstorlek, som aktivt binder de luftburna dammpartiklarna som sedan l\u00e4gger sig p\u00e5 marken f\u00f6r optimal uppsamling av dammet.<\/p>\n<p>Det som s\u00e4rskiljer v\u00e5r l\u00f6sning fr\u00e5n traditionella metoder \u00e4r tre viktiga punkter;<\/p>\n<p>1. den binder dammet du inte kan se (fr\u00e5n 0,1 upp till 1000 mikrometer)<br \/>\n2. dimman koncentreras till omr\u00e5det som genererar damm vilket f\u00f6rebygger att dammet sprids<br \/>\n3. det \u00e4r helt integrerat vilket betyder att det inte beh\u00f6vs n\u00e5gon extern pump<\/p>\n<h4>bra att veta:<\/h4>\n<ul>\n<li>Finns tillg\u00e4nglig f\u00f6r alla Brokks rivningsrobotar<\/li>\n<li>Binder farliga dammpartiklar fr\u00e5n 0,1 upp till 1000 mikrometer i storlek<\/li>\n<li>Integrerat system med inbyggd vattenpump<\/li>\n<li>Kr\u00e4ver v\u00e4ldigt lite vatten &#8211; genererar inte p\u00f6lar<\/li>\n<\/ul>\n<div style=\"width: 1024px;\" class=\"wp-video\"><video class=\"wp-video-shortcode\" id=\"video-4150-1\" width=\"1024\" height=\"576\" preload=\"metadata\" controls=\"controls\"><source type=\"video\/mp4\" src=\"\/uploads\/2020\/03\/brokk_atomized_water_mist.mp4?_=1\" \/><a href=\"\/uploads\/2020\/03\/brokk_atomized_water_mist.mp4\">\/uploads\/2020\/03\/brokk_atomized_water_mist.mp4<\/a><\/video><\/div>\n<p>&nbsp;<\/p>\n<p>L\u00e4s mer i <a href=\"https:\/\/www.brokk.com\/sv\/press-release\/brokk-introducerar-atomiserad-vattendimma\/\">press releasen<\/a><\/p>\n<p><a href=\"https:\/\/www.brokk.com\/uploads\/2020\/06\/brokk_options_atomized_water_mist-1.pdf\">H\u00e4r<\/a> hittar du produktbladet f\u00f6r v\u00e5r atomiserade vattendimma<\/p>\n<p>&nbsp;<\/p>\n","protected":false},"excerpt":{"rendered":"<p>Brokks atomiserade vattendimma Vi har alltid s\u00e4kerhet i fokus, vilket \u00e4r anledningen till att vi utvecklar fj\u00e4rrstyrda rivningsrobotar och tillbeh\u00f6r som g\u00f6r det m\u00f6jligt f\u00f6r operat\u00f6rer att undvika riskfyllda omr\u00e5den. V\u00e5r helt nya atomiserade vattendimma \u00e4r inget undantag, den tar\u2026<\/p>\n","protected":false},"author":36,"featured_media":4152,"parent":0,"menu_order":102,"comment_status":"closed","ping_status":"closed","template":"page-templates\/campaign.php","meta":{"_acf_changed":false,"_relevanssi_hide_post":"","_relevanssi_hide_content":"","_relevanssi_pin_for_all":"","_relevanssi_pin_keywords":"","_relevanssi_unpin_keywords":"","_relevanssi_related_keywords":"","_relevanssi_related_include_ids":"","_relevanssi_related_exclude_ids":"","_relevanssi_related_no_append":"","_relevanssi_related_not_related":"","_relevanssi_related_posts":"","_relevanssi_noindex_reason":"","footnotes":""},"class_list":["post-4150","page","type-page","status-publish","has-post-thumbnail","hentry"],"acf":[],"yoast_head":"<!-- This site is optimized with the Yoast SEO plugin v27.3 - https:\/\/yoast.com\/product\/yoast-seo-wordpress\/ -->\n<title>Atomiserad vattendimma - Brokk Sweden<\/title>\n<meta name=\"robots\" content=\"index, follow, max-snippet:-1, max-image-preview:large, max-video-preview:-1\" \/>\n<link rel=\"canonical\" href=\"https:\/\/www.brokk.com\/sv\/atomiserad-vattendimma\/\" \/>\n<meta property=\"og:locale\" content=\"sv_SE\" \/>\n<meta property=\"og:type\" content=\"article\" \/>\n<meta property=\"og:title\" content=\"Atomiserad vattendimma - Brokk Sweden\" \/>\n<meta property=\"og:description\" content=\"Brokks atomiserade vattendimma Vi har alltid s\u00e4kerhet i fokus, vilket \u00e4r anledningen till att vi utvecklar fj\u00e4rrstyrda rivningsrobotar och tillbeh\u00f6r som g\u00f6r det m\u00f6jligt f\u00f6r operat\u00f6rer att undvika riskfyllda omr\u00e5den. V\u00e5r helt nya atomiserade vattendimma \u00e4r inget undantag, den tar\u2026\" \/>\n<meta property=\"og:url\" content=\"https:\/\/www.brokk.com\/sv\/atomiserad-vattendimma\/\" \/>\n<meta property=\"og:site_name\" content=\"Brokk Sweden\" \/>\n<meta property=\"article:modified_time\" content=\"2020-06-30T05:29:52+00:00\" \/>\n<meta property=\"og:image\" content=\"https:\/\/www.brokk.com\/sv\/uploads\/2020\/03\/brokk_atomized_water_mist.jpg\" \/>\n\t<meta property=\"og:image:width\" content=\"1280\" \/>\n\t<meta property=\"og:image:height\" content=\"800\" \/>\n\t<meta property=\"og:image:type\" content=\"image\/jpeg\" \/>\n<meta name=\"twitter:card\" content=\"summary_large_image\" \/>\n<meta name=\"twitter:label1\" content=\"Ber\u00e4knad l\u00e4stid\" \/>\n\t<meta name=\"twitter:data1\" content=\"1 minut\" \/>\n<script type=\"application\/ld+json\" class=\"yoast-schema-graph\">{\"@context\":\"https:\\\/\\\/schema.org\",\"@graph\":[{\"@type\":\"WebPage\",\"@id\":\"https:\\\/\\\/www.brokk.com\\\/sv\\\/atomiserad-vattendimma\\\/\",\"url\":\"https:\\\/\\\/www.brokk.com\\\/sv\\\/atomiserad-vattendimma\\\/\",\"name\":\"Atomiserad vattendimma - Brokk Sweden\",\"isPartOf\":{\"@id\":\"https:\\\/\\\/www.brokk.com\\\/sv\\\/#website\"},\"primaryImageOfPage\":{\"@id\":\"https:\\\/\\\/www.brokk.com\\\/sv\\\/atomiserad-vattendimma\\\/#primaryimage\"},\"image\":{\"@id\":\"https:\\\/\\\/www.brokk.com\\\/sv\\\/atomiserad-vattendimma\\\/#primaryimage\"},\"thumbnailUrl\":\"https:\\\/\\\/www.brokk.com\\\/sv\\\/uploads\\\/2020\\\/03\\\/brokk_atomized_water_mist.jpg\",\"datePublished\":\"2020-03-10T11:00:35+00:00\",\"dateModified\":\"2020-06-30T05:29:52+00:00\",\"breadcrumb\":{\"@id\":\"https:\\\/\\\/www.brokk.com\\\/sv\\\/atomiserad-vattendimma\\\/#breadcrumb\"},\"inLanguage\":\"sv-SE\",\"potentialAction\":[{\"@type\":\"ReadAction\",\"target\":[\"https:\\\/\\\/www.brokk.com\\\/sv\\\/atomiserad-vattendimma\\\/\"]}]},{\"@type\":\"ImageObject\",\"inLanguage\":\"sv-SE\",\"@id\":\"https:\\\/\\\/www.brokk.com\\\/sv\\\/atomiserad-vattendimma\\\/#primaryimage\",\"url\":\"https:\\\/\\\/www.brokk.com\\\/sv\\\/uploads\\\/2020\\\/03\\\/brokk_atomized_water_mist.jpg\",\"contentUrl\":\"https:\\\/\\\/www.brokk.com\\\/sv\\\/uploads\\\/2020\\\/03\\\/brokk_atomized_water_mist.jpg\",\"width\":1280,\"height\":800},{\"@type\":\"BreadcrumbList\",\"@id\":\"https:\\\/\\\/www.brokk.com\\\/sv\\\/atomiserad-vattendimma\\\/#breadcrumb\",\"itemListElement\":[{\"@type\":\"ListItem\",\"position\":1,\"name\":\"Home\",\"item\":\"https:\\\/\\\/www.brokk.com\\\/sv\\\/\"},{\"@type\":\"ListItem\",\"position\":2,\"name\":\"Atomiserad vattendimma\"}]},{\"@type\":\"WebSite\",\"@id\":\"https:\\\/\\\/www.brokk.com\\\/sv\\\/#website\",\"url\":\"https:\\\/\\\/www.brokk.com\\\/sv\\\/\",\"name\":\"Brokk Sweden\",\"description\":\"\",\"potentialAction\":[{\"@type\":\"SearchAction\",\"target\":{\"@type\":\"EntryPoint\",\"urlTemplate\":\"https:\\\/\\\/www.brokk.com\\\/sv\\\/?s={search_term_string}\"},\"query-input\":{\"@type\":\"PropertyValueSpecification\",\"valueRequired\":true,\"valueName\":\"search_term_string\"}}],\"inLanguage\":\"sv-SE\"}]}<\/script>\n<!-- \/ Yoast SEO plugin. -->","yoast_head_json":{"title":"Atomiserad vattendimma - Brokk Sweden","robots":{"index":"index","follow":"follow","max-snippet":"max-snippet:-1","max-image-preview":"max-image-preview:large","max-video-preview":"max-video-preview:-1"},"canonical":"https:\/\/www.brokk.com\/sv\/atomiserad-vattendimma\/","og_locale":"sv_SE","og_type":"article","og_title":"Atomiserad vattendimma - Brokk Sweden","og_description":"Brokks atomiserade vattendimma Vi har alltid s\u00e4kerhet i fokus, vilket \u00e4r anledningen till att vi utvecklar fj\u00e4rrstyrda rivningsrobotar och tillbeh\u00f6r som g\u00f6r det m\u00f6jligt f\u00f6r operat\u00f6rer att undvika riskfyllda omr\u00e5den. V\u00e5r helt nya atomiserade vattendimma \u00e4r inget undantag, den tar\u2026","og_url":"https:\/\/www.brokk.com\/sv\/atomiserad-vattendimma\/","og_site_name":"Brokk Sweden","article_modified_time":"2020-06-30T05:29:52+00:00","og_image":[{"width":1280,"height":800,"url":"https:\/\/www.brokk.com\/sv\/uploads\/2020\/03\/brokk_atomized_water_mist.jpg","type":"image\/jpeg"}],"twitter_card":"summary_large_image","twitter_misc":{"Ber\u00e4knad l\u00e4stid":"1 minut"},"schema":{"@context":"https:\/\/schema.org","@graph":[{"@type":"WebPage","@id":"https:\/\/www.brokk.com\/sv\/atomiserad-vattendimma\/","url":"https:\/\/www.brokk.com\/sv\/atomiserad-vattendimma\/","name":"Atomiserad vattendimma - Brokk Sweden","isPartOf":{"@id":"https:\/\/www.brokk.com\/sv\/#website"},"primaryImageOfPage":{"@id":"https:\/\/www.brokk.com\/sv\/atomiserad-vattendimma\/#primaryimage"},"image":{"@id":"https:\/\/www.brokk.com\/sv\/atomiserad-vattendimma\/#primaryimage"},"thumbnailUrl":"https:\/\/www.brokk.com\/sv\/uploads\/2020\/03\/brokk_atomized_water_mist.jpg","datePublished":"2020-03-10T11:00:35+00:00","dateModified":"2020-06-30T05:29:52+00:00","breadcrumb":{"@id":"https:\/\/www.brokk.com\/sv\/atomiserad-vattendimma\/#breadcrumb"},"inLanguage":"sv-SE","potentialAction":[{"@type":"ReadAction","target":["https:\/\/www.brokk.com\/sv\/atomiserad-vattendimma\/"]}]},{"@type":"ImageObject","inLanguage":"sv-SE","@id":"https:\/\/www.brokk.com\/sv\/atomiserad-vattendimma\/#primaryimage","url":"https:\/\/www.brokk.com\/sv\/uploads\/2020\/03\/brokk_atomized_water_mist.jpg","contentUrl":"https:\/\/www.brokk.com\/sv\/uploads\/2020\/03\/brokk_atomized_water_mist.jpg","width":1280,"height":800},{"@type":"BreadcrumbList","@id":"https:\/\/www.brokk.com\/sv\/atomiserad-vattendimma\/#breadcrumb","itemListElement":[{"@type":"ListItem","position":1,"name":"Home","item":"https:\/\/www.brokk.com\/sv\/"},{"@type":"ListItem","position":2,"name":"Atomiserad vattendimma"}]},{"@type":"WebSite","@id":"https:\/\/www.brokk.com\/sv\/#website","url":"https:\/\/www.brokk.com\/sv\/","name":"Brokk Sweden","description":"","potentialAction":[{"@type":"SearchAction","target":{"@type":"EntryPoint","urlTemplate":"https:\/\/www.brokk.com\/sv\/?s={search_term_string}"},"query-input":{"@type":"PropertyValueSpecification","valueRequired":true,"valueName":"search_term_string"}}],"inLanguage":"sv-SE"}]}},"_links":{"self":[{"href":"https:\/\/www.brokk.com\/sv\/wp-json\/wp\/v2\/pages\/4150","targetHints":{"allow":["GET"]}}],"collection":[{"href":"https:\/\/www.brokk.com\/sv\/wp-json\/wp\/v2\/pages"}],"about":[{"href":"https:\/\/www.brokk.com\/sv\/wp-json\/wp\/v2\/types\/page"}],"author":[{"embeddable":true,"href":"https:\/\/www.brokk.com\/sv\/wp-json\/wp\/v2\/users\/36"}],"replies":[{"embeddable":true,"href":"https:\/\/www.brokk.com\/sv\/wp-json\/wp\/v2\/comments?post=4150"}],"version-history":[{"count":5,"href":"https:\/\/www.brokk.com\/sv\/wp-json\/wp\/v2\/pages\/4150\/revisions"}],"predecessor-version":[{"id":4200,"href":"https:\/\/www.brokk.com\/sv\/wp-json\/wp\/v2\/pages\/4150\/revisions\/4200"}],"wp:featuredmedia":[{"embeddable":true,"href":"https:\/\/www.brokk.com\/sv\/wp-json\/wp\/v2\/media\/4152"}],"wp:attachment":[{"href":"https:\/\/www.brokk.com\/sv\/wp-json\/wp\/v2\/media?parent=4150"}],"curies":[{"name":"wp","href":"https:\/\/api.w.org\/{rel}","templated":true}]}}