{"id":4848,"date":"2021-09-09T11:00:27","date_gmt":"2021-09-09T10:00:27","guid":{"rendered":"https:\/\/www.brokk.com\/sv\/?page_id=4848"},"modified":"2021-09-23T07:52:11","modified_gmt":"2021-09-23T06:52:11","slug":"brokk-pedestal-boom","status":"publish","type":"page","link":"https:\/\/www.brokk.com\/sv\/brokk-pedestal-boom\/","title":{"rendered":"Brokk Pedestal Boom"},"content":{"rendered":"<p>&nbsp;<\/p>\n<h2>Brokk Pedestal Boom<\/h2>\n<p><img loading=\"lazy\" decoding=\"async\" class=\"alignnone size-full wp-image-4829\" src=\"https:\/\/www.brokk.com\/sv\/uploads\/sites\/10\/2021\/09\/brokk_300_pedestal_boom.jpeg\" alt=\"\" width=\"1440\" height=\"960\" srcset=\"https:\/\/www.brokk.com\/sv\/uploads\/sites\/10\/2021\/09\/brokk_300_pedestal_boom.jpeg 1440w, https:\/\/www.brokk.com\/sv\/uploads\/sites\/10\/2021\/09\/brokk_300_pedestal_boom-720x480.jpeg 720w, https:\/\/www.brokk.com\/sv\/uploads\/sites\/10\/2021\/09\/brokk_300_pedestal_boom-1280x853.jpeg 1280w, https:\/\/www.brokk.com\/sv\/uploads\/sites\/10\/2021\/09\/brokk_300_pedestal_boom-420x280.jpeg 420w, https:\/\/www.brokk.com\/sv\/uploads\/sites\/10\/2021\/09\/brokk_300_pedestal_boom-768x512.jpeg 768w, https:\/\/www.brokk.com\/sv\/uploads\/sites\/10\/2021\/09\/brokk_300_pedestal_boom-480x320.jpeg 480w, https:\/\/www.brokk.com\/sv\/uploads\/sites\/10\/2021\/09\/brokk_300_pedestal_boom-48x32.jpeg 48w\" sizes=\"auto, (max-width: 1440px) 100vw, 1440px\" \/><\/p>\n<p>F\u00f6rdelarna med en Brokkrobot inom gruvindustrin \u00e4r m\u00e5nga och i den h\u00e4r modifierade l\u00f6sningen kommer de verkligen till sin r\u00e4tt. Brokk Pedestal Boom \u00e4r baserad p\u00e5 det bepr\u00f6vade armsystemet och kraftpaketet fr\u00e5n Brokks rivningsrobotar. I st\u00e4llet f\u00f6r larvband s\u00e5 monteras maskinkroppen p\u00e5 ett fundament vilket g\u00f6r att maskinen kan installeras i n\u00e4ra anslutning till en krossanl\u00e4ggning, grizzlygaller eller annan applikation f\u00f6r prim\u00e4r krossning.<\/p>\n<p>Till skillnad fr\u00e5n andra bomsystem p\u00e5 marknaden har Brokk Pedestal Boom ett integrerat kraftpaket som ansluts med endast en kabel. Detta g\u00f6r Brokk Pedestal Boom till den ultimata plug-and-play l\u00f6sningen f\u00f6r gruvindustrin.<\/p>\n<h4>Maskinmodeller och applikationer<\/h4>\n<p>Med kraft och precision \u00e4r Brokk Pedestal Boom optimal f\u00f6r applikationer som:<\/p>\n<ul>\n<li>K\u00e4ftkrossar<\/li>\n<li>Konkrossar<\/li>\n<li>Grizzly<\/li>\n<li>Mobila krossar<\/li>\n<\/ul>\n<p>Maskinmodellerna inkluderar Brokk 200, 300, 500 till 900, som ger en r\u00e4ckvidd mellan 0-8,5 meter.<\/p>\n<figure id=\"attachment_3822\" aria-describedby=\"caption-attachment-3822\" style=\"width: 720px\" class=\"wp-caption alignnone\"><img loading=\"lazy\" decoding=\"async\" class=\"wp-image-3822 size-medium\" src=\"https:\/\/www.brokk.com\/sv\/uploads\/sites\/10\/2021\/09\/b800s_breaker_mb1200_mining_boulders_pedestal_boom_lkab_sweden01.jpeg\" alt=\"\" width=\"720\" height=\"480\" \/><figcaption id=\"caption-attachment-3822\" class=\"wp-caption-text\">Brokk Pedestal Boom vid en kross p\u00e5 LKAB i Malmberget, Sverige.<\/figcaption><\/figure>\n<p>&nbsp;<\/p>\n<p>Brokk Pedestal Boom levererar maximal flexibilitet tack vare det unika trearmssystemet och 360 graders sv\u00e4ngradie som m\u00f6jligg\u00f6r man\u00f6vrering i s\u00e5 l\u00e5g takh\u00f6jd som 180 centimeter.<\/p>\n<h4><strong>Fj\u00e4rrstyrning<\/strong><\/h4>\n<p>Alla system \u00e4r fj\u00e4rrstyrda och har Brokks SmartRemote\u2122-teknologi. Standardl\u00f6sningen f\u00f6r fj\u00e4rrstyrningen best\u00e5r av en ergonomisk man\u00f6verl\u00e5da med intuitiv styrning och 300 meters r\u00e4ckvidd. Detta g\u00f6r att operat\u00f6ren kan st\u00e5 p\u00e5 ett s\u00e4kert avst\u00e5nd med bra vy \u00f6ver arbetsomr\u00e5det.<\/p>\n<p>Det andra alternativet \u00e4r en <a href=\"https:\/\/www.brokk.com\/sv\/uploads\/sites\/10\/2021\/09\/brokk_networked_remote_operation.pdf\"><strong>n\u00e4tverksbaserad fj\u00e4rrstyrning<\/strong><\/a> som g\u00f6r det m\u00f6jligt f\u00f6r operat\u00f6ren att man\u00f6vrera roboten fr\u00e5n ett kontrollrum. Roboten ansluts via Ethernet eller Wi-Fi och beroende p\u00e5 arbetsplatsens n\u00e4tverkskonfiguration kan maskinen man\u00f6vreras fr\u00e5n 2000 meters avst\u00e5nd eller l\u00e4ngre. En medf\u00f6ljande ergonomisk kontrollstation med integrerad styrning och videosk\u00e4rmar m\u00f6jligg\u00f6r video- och ljud\u00e5terkoppling som f\u00f6rb\u00e4ttrar operat\u00f6rsupplevelsen och effektiviserar arbetet.<\/p>\n<p><strong>Videol\u00f6sning<\/strong><\/p>\n<p>Oavsett vilken uppgift du st\u00e5r inf\u00f6r har vi en kameral\u00f6sning som kommer f\u00f6renkla ditt arbete. Kamerorna ger en \u00f6versk\u00e5dlig bild \u00f6ver arbetsomr\u00e5det och ger dig m\u00f6jligheten att byta redskap p\u00e5 avst\u00e5nd. Med ljud\u00e5terkoppling fr\u00e5n maskinen f\u00f6rb\u00e4ttras operat\u00f6ren upplevelse ytterligare och f\u00f6renklar arbetet markant.<\/p>\n<p><img loading=\"lazy\" decoding=\"async\" class=\"alignnone size-full wp-image-3824\" src=\"https:\/\/www.brokk.com\/sv\/uploads\/sites\/10\/2021\/09\/brokk_operator_station.jpeg\" alt=\"\" width=\"1440\" height=\"960\" \/><\/p>\n<h4>Brokk connect<\/h4>\n<p>Med v\u00e5r onlineplattform <a href=\"https:\/\/www.brokk.com\/sv\/brokk-connect\/\">Brokk Connect<\/a> kan du monitorera och f\u00f6lja statusen p\u00e5 hela din maskinflotta.<\/p>\n<p>Plattformen g\u00f6r det m\u00f6jligt att analysera data och f\u00f6lja maskinernas aktiviteter i realtid. Redskapstid, drifttimmar, aktuell status och servicemeddelanden \u00e4r n\u00e5gra viktiga v\u00e4rden som g\u00e5r att utl\u00e4sa, allt f\u00f6r att s\u00e4kerst\u00e4lla produktivitet.<\/p>\n<h4>Redskap<\/h4>\n<p>Brokk erbjuder ett brett redskapssortiment som m\u00f6jligg\u00f6r och f\u00f6renklar olika arbetsuppgifter. Byte av redskap sker p\u00e5 plats och tack vare den 360-gradiga sv\u00e4ngradien g\u00e5r det snabbt och enkelt. Brokks redskapsst\u00e4ll \u00e4r dessutom ett perfekt tillval f\u00f6r att h\u00e5lla redskapen i gott skick.<\/p>\n<h4><img loading=\"lazy\" decoding=\"async\" class=\"alignnone size-full wp-image-4836\" src=\"https:\/\/www.brokk.com\/sv\/uploads\/sites\/10\/2021\/09\/brokk_360degree_slewing.png\" alt=\"\" width=\"1440\" height=\"960\" srcset=\"https:\/\/www.brokk.com\/sv\/uploads\/sites\/10\/2021\/09\/brokk_360degree_slewing.png 1440w, https:\/\/www.brokk.com\/sv\/uploads\/sites\/10\/2021\/09\/brokk_360degree_slewing-720x480.png 720w, https:\/\/www.brokk.com\/sv\/uploads\/sites\/10\/2021\/09\/brokk_360degree_slewing-1280x853.png 1280w, https:\/\/www.brokk.com\/sv\/uploads\/sites\/10\/2021\/09\/brokk_360degree_slewing-420x280.png 420w, https:\/\/www.brokk.com\/sv\/uploads\/sites\/10\/2021\/09\/brokk_360degree_slewing-768x512.png 768w, https:\/\/www.brokk.com\/sv\/uploads\/sites\/10\/2021\/09\/brokk_360degree_slewing-480x320.png 480w, https:\/\/www.brokk.com\/sv\/uploads\/sites\/10\/2021\/09\/brokk_360degree_slewing-48x32.png 48w\" sizes=\"auto, (max-width: 1440px) 100vw, 1440px\" \/><\/h4>\n<h4>Options<\/h4>\n<p>Alla jobb har olika f\u00f6ruts\u00e4ttningar och f\u00f6r att f\u00f6renkla de utmaningar som kan uppst\u00e5 kan vi erbjuda tillval som g\u00f6r stor skillnad. Bland v\u00e5ra tillval finns till exempel lyft\u00f6glor som f\u00f6renklar montaget av roboten, sv\u00e4ngbegr\u00e4nsning om arbetsomr\u00e5det \u00e4r tr\u00e5ngt och underh\u00e5llsfria lager. Det h\u00e4r \u00e4r bara ett axplock av de tillval som finns, <a href=\"https:\/\/www.brokk.com\/sv\/product-option\/\">h\u00e4r<\/a> kan du l\u00e4sa mer om Brokks tillval.<\/p>\n<div id='gallery-1' class='gallery galleryid-4848 gallery-columns-4 gallery-size-medium'><figure class='gallery-item'>\n\t\t\t<div class='gallery-icon landscape'>\n\t\t\t\t<img loading=\"lazy\" decoding=\"async\" width=\"720\" height=\"469\" src=\"https:\/\/www.brokk.com\/sv\/uploads\/sites\/10\/2021\/09\/brokk_single_lifting_point-720x469.jpeg\" class=\"attachment-medium size-medium\" alt=\"\" aria-describedby=\"gallery-1-4839\" srcset=\"https:\/\/www.brokk.com\/sv\/uploads\/sites\/10\/2021\/09\/brokk_single_lifting_point-720x469.jpeg 720w, https:\/\/www.brokk.com\/sv\/uploads\/sites\/10\/2021\/09\/brokk_single_lifting_point-1280x834.jpeg 1280w, https:\/\/www.brokk.com\/sv\/uploads\/sites\/10\/2021\/09\/brokk_single_lifting_point-768x500.jpeg 768w, https:\/\/www.brokk.com\/sv\/uploads\/sites\/10\/2021\/09\/brokk_single_lifting_point-480x313.jpeg 480w, https:\/\/www.brokk.com\/sv\/uploads\/sites\/10\/2021\/09\/brokk_single_lifting_point-48x31.jpeg 48w, https:\/\/www.brokk.com\/sv\/uploads\/sites\/10\/2021\/09\/brokk_single_lifting_point.jpeg 1474w\" sizes=\"auto, (max-width: 720px) 100vw, 720px\" \/>\n\t\t\t<\/div>\n\t\t\t\t<figcaption class='wp-caption-text gallery-caption' id='gallery-1-4839'>\n\t\t\t\tLyft\u00f6gla\n\t\t\t\t<\/figcaption><\/figure><figure class='gallery-item'>\n\t\t\t<div class='gallery-icon landscape'>\n\t\t\t\t<img loading=\"lazy\" decoding=\"async\" width=\"720\" height=\"480\" src=\"https:\/\/www.brokk.com\/sv\/uploads\/sites\/10\/2021\/09\/brokk_slew_limitation-720x480.png\" class=\"attachment-medium size-medium\" alt=\"\" aria-describedby=\"gallery-1-4841\" srcset=\"https:\/\/www.brokk.com\/sv\/uploads\/sites\/10\/2021\/09\/brokk_slew_limitation-720x480.png 720w, https:\/\/www.brokk.com\/sv\/uploads\/sites\/10\/2021\/09\/brokk_slew_limitation-1280x853.png 1280w, https:\/\/www.brokk.com\/sv\/uploads\/sites\/10\/2021\/09\/brokk_slew_limitation-420x280.png 420w, https:\/\/www.brokk.com\/sv\/uploads\/sites\/10\/2021\/09\/brokk_slew_limitation-768x512.png 768w, https:\/\/www.brokk.com\/sv\/uploads\/sites\/10\/2021\/09\/brokk_slew_limitation-1536x1024.png 1536w, https:\/\/www.brokk.com\/sv\/uploads\/sites\/10\/2021\/09\/brokk_slew_limitation-2048x1366.png 2048w, https:\/\/www.brokk.com\/sv\/uploads\/sites\/10\/2021\/09\/brokk_slew_limitation-1920x1280.png 1920w, https:\/\/www.brokk.com\/sv\/uploads\/sites\/10\/2021\/09\/brokk_slew_limitation-480x320.png 480w, https:\/\/www.brokk.com\/sv\/uploads\/sites\/10\/2021\/09\/brokk_slew_limitation-48x32.png 48w\" sizes=\"auto, (max-width: 720px) 100vw, 720px\" \/>\n\t\t\t<\/div>\n\t\t\t\t<figcaption class='wp-caption-text gallery-caption' id='gallery-1-4841'>\n\t\t\t\tSv\u00e4ngbegr\u00e4nsning\n\t\t\t\t<\/figcaption><\/figure><figure class='gallery-item'>\n\t\t\t<div class='gallery-icon landscape'>\n\t\t\t\t<img loading=\"lazy\" decoding=\"async\" width=\"720\" height=\"480\" src=\"https:\/\/www.brokk.com\/sv\/uploads\/sites\/10\/2021\/09\/brokk_oil_level_guard-720x480.jpeg\" class=\"attachment-medium size-medium\" alt=\"\" aria-describedby=\"gallery-1-4843\" srcset=\"https:\/\/www.brokk.com\/sv\/uploads\/sites\/10\/2021\/09\/brokk_oil_level_guard-720x480.jpeg 720w, https:\/\/www.brokk.com\/sv\/uploads\/sites\/10\/2021\/09\/brokk_oil_level_guard-420x280.jpeg 420w, https:\/\/www.brokk.com\/sv\/uploads\/sites\/10\/2021\/09\/brokk_oil_level_guard-768x512.jpeg 768w, https:\/\/www.brokk.com\/sv\/uploads\/sites\/10\/2021\/09\/brokk_oil_level_guard-480x320.jpeg 480w, https:\/\/www.brokk.com\/sv\/uploads\/sites\/10\/2021\/09\/brokk_oil_level_guard-48x32.jpeg 48w, https:\/\/www.brokk.com\/sv\/uploads\/sites\/10\/2021\/09\/brokk_oil_level_guard.jpeg 1024w\" sizes=\"auto, (max-width: 720px) 100vw, 720px\" \/>\n\t\t\t<\/div>\n\t\t\t\t<figcaption class='wp-caption-text gallery-caption' id='gallery-1-4843'>\n\t\t\t\tOljeniv\u00e5varnare\n\t\t\t\t<\/figcaption><\/figure><figure class='gallery-item'>\n\t\t\t<div class='gallery-icon landscape'>\n\t\t\t\t<img loading=\"lazy\" decoding=\"async\" width=\"351\" height=\"242\" src=\"https:\/\/www.brokk.com\/sv\/uploads\/sites\/10\/2021\/09\/sbt.jpg\" class=\"attachment-medium size-medium\" alt=\"\" aria-describedby=\"gallery-1-4855\" srcset=\"https:\/\/www.brokk.com\/sv\/uploads\/sites\/10\/2021\/09\/sbt.jpg 351w, https:\/\/www.brokk.com\/sv\/uploads\/sites\/10\/2021\/09\/sbt-48x33.jpg 48w\" sizes=\"auto, (max-width: 351px) 100vw, 351px\" \/>\n\t\t\t<\/div>\n\t\t\t\t<figcaption class='wp-caption-text gallery-caption' id='gallery-1-4855'>\n\t\t\t\tUnderh\u00e5llsfria lager\n\t\t\t\t<\/figcaption><\/figure>\n\t\t<\/div>\n\n<p>L\u00e4s pressreleasen <a href=\"https:\/\/www.brokk.com\/sv\/press-release\/brokk-lanserar-brokk-pedestal-boom\/\">h\u00e4r<\/a><\/p>\n","protected":false},"excerpt":{"rendered":"<p>&nbsp; Brokk Pedestal Boom F\u00f6rdelarna med en Brokkrobot inom gruvindustrin \u00e4r m\u00e5nga och i den h\u00e4r modifierade l\u00f6sningen kommer de verkligen till sin r\u00e4tt. Brokk Pedestal Boom \u00e4r baserad p\u00e5 det bepr\u00f6vade armsystemet och kraftpaketet fr\u00e5n Brokks rivningsrobotar. I st\u00e4llet\u2026<\/p>\n","protected":false},"author":36,"featured_media":4868,"parent":0,"menu_order":22,"comment_status":"closed","ping_status":"closed","template":"page-templates\/campaign.php","meta":{"_acf_changed":false,"_relevanssi_hide_post":"","_relevanssi_hide_content":"","_relevanssi_pin_for_all":"","_relevanssi_pin_keywords":"","_relevanssi_unpin_keywords":"","_relevanssi_related_keywords":"","_relevanssi_related_include_ids":"","_relevanssi_related_exclude_ids":"","_relevanssi_related_no_append":"","_relevanssi_related_not_related":"","_relevanssi_related_posts":"","_relevanssi_noindex_reason":"","footnotes":""},"class_list":["post-4848","page","type-page","status-publish","has-post-thumbnail","hentry"],"acf":[],"yoast_head":"<!-- This site is optimized with the Yoast SEO plugin v27.3 - https:\/\/yoast.com\/product\/yoast-seo-wordpress\/ -->\n<title>Brokk Pedestal Boom - Brokk Sweden<\/title>\n<meta name=\"robots\" content=\"index, follow, max-snippet:-1, max-image-preview:large, max-video-preview:-1\" \/>\n<link rel=\"canonical\" href=\"https:\/\/www.brokk.com\/sv\/brokk-pedestal-boom\/\" \/>\n<meta property=\"og:locale\" content=\"sv_SE\" \/>\n<meta property=\"og:type\" content=\"article\" \/>\n<meta property=\"og:title\" content=\"Brokk Pedestal Boom - Brokk Sweden\" \/>\n<meta property=\"og:description\" content=\"&nbsp; Brokk Pedestal Boom F\u00f6rdelarna med en Brokkrobot inom gruvindustrin \u00e4r m\u00e5nga och i den h\u00e4r modifierade l\u00f6sningen kommer de verkligen till sin r\u00e4tt. Brokk Pedestal Boom \u00e4r baserad p\u00e5 det bepr\u00f6vade armsystemet och kraftpaketet fr\u00e5n Brokks rivningsrobotar. I st\u00e4llet\u2026\" \/>\n<meta property=\"og:url\" content=\"https:\/\/www.brokk.com\/sv\/brokk-pedestal-boom\/\" \/>\n<meta property=\"og:site_name\" content=\"Brokk Sweden\" \/>\n<meta property=\"article:modified_time\" content=\"2021-09-23T06:52:11+00:00\" \/>\n<meta property=\"og:image\" content=\"https:\/\/www.brokk.com\/sv\/uploads\/sites\/10\/2021\/09\/brokk_pedestal_boom_campaign_general.png\" \/>\n\t<meta property=\"og:image:width\" content=\"1280\" \/>\n\t<meta property=\"og:image:height\" content=\"800\" \/>\n\t<meta property=\"og:image:type\" content=\"image\/png\" \/>\n<meta name=\"twitter:card\" content=\"summary_large_image\" \/>\n<meta name=\"twitter:label1\" content=\"Ber\u00e4knad l\u00e4stid\" \/>\n\t<meta name=\"twitter:data1\" content=\"3 minuter\" \/>\n<script type=\"application\/ld+json\" class=\"yoast-schema-graph\">{\"@context\":\"https:\\\/\\\/schema.org\",\"@graph\":[{\"@type\":\"WebPage\",\"@id\":\"https:\\\/\\\/www.brokk.com\\\/sv\\\/brokk-pedestal-boom\\\/\",\"url\":\"https:\\\/\\\/www.brokk.com\\\/sv\\\/brokk-pedestal-boom\\\/\",\"name\":\"Brokk Pedestal Boom - Brokk Sweden\",\"isPartOf\":{\"@id\":\"https:\\\/\\\/www.brokk.com\\\/sv\\\/#website\"},\"primaryImageOfPage\":{\"@id\":\"https:\\\/\\\/www.brokk.com\\\/sv\\\/brokk-pedestal-boom\\\/#primaryimage\"},\"image\":{\"@id\":\"https:\\\/\\\/www.brokk.com\\\/sv\\\/brokk-pedestal-boom\\\/#primaryimage\"},\"thumbnailUrl\":\"https:\\\/\\\/www.brokk.com\\\/sv\\\/uploads\\\/sites\\\/10\\\/2021\\\/09\\\/brokk_pedestal_boom_campaign_general.png\",\"datePublished\":\"2021-09-09T10:00:27+00:00\",\"dateModified\":\"2021-09-23T06:52:11+00:00\",\"breadcrumb\":{\"@id\":\"https:\\\/\\\/www.brokk.com\\\/sv\\\/brokk-pedestal-boom\\\/#breadcrumb\"},\"inLanguage\":\"sv-SE\",\"potentialAction\":[{\"@type\":\"ReadAction\",\"target\":[\"https:\\\/\\\/www.brokk.com\\\/sv\\\/brokk-pedestal-boom\\\/\"]}]},{\"@type\":\"ImageObject\",\"inLanguage\":\"sv-SE\",\"@id\":\"https:\\\/\\\/www.brokk.com\\\/sv\\\/brokk-pedestal-boom\\\/#primaryimage\",\"url\":\"https:\\\/\\\/www.brokk.com\\\/sv\\\/uploads\\\/sites\\\/10\\\/2021\\\/09\\\/brokk_pedestal_boom_campaign_general.png\",\"contentUrl\":\"https:\\\/\\\/www.brokk.com\\\/sv\\\/uploads\\\/sites\\\/10\\\/2021\\\/09\\\/brokk_pedestal_boom_campaign_general.png\",\"width\":1280,\"height\":800},{\"@type\":\"BreadcrumbList\",\"@id\":\"https:\\\/\\\/www.brokk.com\\\/sv\\\/brokk-pedestal-boom\\\/#breadcrumb\",\"itemListElement\":[{\"@type\":\"ListItem\",\"position\":1,\"name\":\"Home\",\"item\":\"https:\\\/\\\/www.brokk.com\\\/sv\\\/\"},{\"@type\":\"ListItem\",\"position\":2,\"name\":\"Brokk Pedestal Boom\"}]},{\"@type\":\"WebSite\",\"@id\":\"https:\\\/\\\/www.brokk.com\\\/sv\\\/#website\",\"url\":\"https:\\\/\\\/www.brokk.com\\\/sv\\\/\",\"name\":\"Brokk Sweden\",\"description\":\"\",\"potentialAction\":[{\"@type\":\"SearchAction\",\"target\":{\"@type\":\"EntryPoint\",\"urlTemplate\":\"https:\\\/\\\/www.brokk.com\\\/sv\\\/?s={search_term_string}\"},\"query-input\":{\"@type\":\"PropertyValueSpecification\",\"valueRequired\":true,\"valueName\":\"search_term_string\"}}],\"inLanguage\":\"sv-SE\"}]}<\/script>\n<!-- \/ Yoast SEO plugin. -->","yoast_head_json":{"title":"Brokk Pedestal Boom - Brokk Sweden","robots":{"index":"index","follow":"follow","max-snippet":"max-snippet:-1","max-image-preview":"max-image-preview:large","max-video-preview":"max-video-preview:-1"},"canonical":"https:\/\/www.brokk.com\/sv\/brokk-pedestal-boom\/","og_locale":"sv_SE","og_type":"article","og_title":"Brokk Pedestal Boom - Brokk Sweden","og_description":"&nbsp; Brokk Pedestal Boom F\u00f6rdelarna med en Brokkrobot inom gruvindustrin \u00e4r m\u00e5nga och i den h\u00e4r modifierade l\u00f6sningen kommer de verkligen till sin r\u00e4tt. Brokk Pedestal Boom \u00e4r baserad p\u00e5 det bepr\u00f6vade armsystemet och kraftpaketet fr\u00e5n Brokks rivningsrobotar. I st\u00e4llet\u2026","og_url":"https:\/\/www.brokk.com\/sv\/brokk-pedestal-boom\/","og_site_name":"Brokk Sweden","article_modified_time":"2021-09-23T06:52:11+00:00","og_image":[{"width":1280,"height":800,"url":"https:\/\/www.brokk.com\/sv\/uploads\/sites\/10\/2021\/09\/brokk_pedestal_boom_campaign_general.png","type":"image\/png"}],"twitter_card":"summary_large_image","twitter_misc":{"Ber\u00e4knad l\u00e4stid":"3 minuter"},"schema":{"@context":"https:\/\/schema.org","@graph":[{"@type":"WebPage","@id":"https:\/\/www.brokk.com\/sv\/brokk-pedestal-boom\/","url":"https:\/\/www.brokk.com\/sv\/brokk-pedestal-boom\/","name":"Brokk Pedestal Boom - Brokk Sweden","isPartOf":{"@id":"https:\/\/www.brokk.com\/sv\/#website"},"primaryImageOfPage":{"@id":"https:\/\/www.brokk.com\/sv\/brokk-pedestal-boom\/#primaryimage"},"image":{"@id":"https:\/\/www.brokk.com\/sv\/brokk-pedestal-boom\/#primaryimage"},"thumbnailUrl":"https:\/\/www.brokk.com\/sv\/uploads\/sites\/10\/2021\/09\/brokk_pedestal_boom_campaign_general.png","datePublished":"2021-09-09T10:00:27+00:00","dateModified":"2021-09-23T06:52:11+00:00","breadcrumb":{"@id":"https:\/\/www.brokk.com\/sv\/brokk-pedestal-boom\/#breadcrumb"},"inLanguage":"sv-SE","potentialAction":[{"@type":"ReadAction","target":["https:\/\/www.brokk.com\/sv\/brokk-pedestal-boom\/"]}]},{"@type":"ImageObject","inLanguage":"sv-SE","@id":"https:\/\/www.brokk.com\/sv\/brokk-pedestal-boom\/#primaryimage","url":"https:\/\/www.brokk.com\/sv\/uploads\/sites\/10\/2021\/09\/brokk_pedestal_boom_campaign_general.png","contentUrl":"https:\/\/www.brokk.com\/sv\/uploads\/sites\/10\/2021\/09\/brokk_pedestal_boom_campaign_general.png","width":1280,"height":800},{"@type":"BreadcrumbList","@id":"https:\/\/www.brokk.com\/sv\/brokk-pedestal-boom\/#breadcrumb","itemListElement":[{"@type":"ListItem","position":1,"name":"Home","item":"https:\/\/www.brokk.com\/sv\/"},{"@type":"ListItem","position":2,"name":"Brokk Pedestal Boom"}]},{"@type":"WebSite","@id":"https:\/\/www.brokk.com\/sv\/#website","url":"https:\/\/www.brokk.com\/sv\/","name":"Brokk Sweden","description":"","potentialAction":[{"@type":"SearchAction","target":{"@type":"EntryPoint","urlTemplate":"https:\/\/www.brokk.com\/sv\/?s={search_term_string}"},"query-input":{"@type":"PropertyValueSpecification","valueRequired":true,"valueName":"search_term_string"}}],"inLanguage":"sv-SE"}]}},"_links":{"self":[{"href":"https:\/\/www.brokk.com\/sv\/wp-json\/wp\/v2\/pages\/4848","targetHints":{"allow":["GET"]}}],"collection":[{"href":"https:\/\/www.brokk.com\/sv\/wp-json\/wp\/v2\/pages"}],"about":[{"href":"https:\/\/www.brokk.com\/sv\/wp-json\/wp\/v2\/types\/page"}],"author":[{"embeddable":true,"href":"https:\/\/www.brokk.com\/sv\/wp-json\/wp\/v2\/users\/36"}],"replies":[{"embeddable":true,"href":"https:\/\/www.brokk.com\/sv\/wp-json\/wp\/v2\/comments?post=4848"}],"version-history":[{"count":6,"href":"https:\/\/www.brokk.com\/sv\/wp-json\/wp\/v2\/pages\/4848\/revisions"}],"predecessor-version":[{"id":4870,"href":"https:\/\/www.brokk.com\/sv\/wp-json\/wp\/v2\/pages\/4848\/revisions\/4870"}],"wp:featuredmedia":[{"embeddable":true,"href":"https:\/\/www.brokk.com\/sv\/wp-json\/wp\/v2\/media\/4868"}],"wp:attachment":[{"href":"https:\/\/www.brokk.com\/sv\/wp-json\/wp\/v2\/media?parent=4848"}],"curies":[{"name":"wp","href":"https:\/\/api.w.org\/{rel}","templated":true}]}}