{"id":4895,"date":"2021-11-02T11:14:39","date_gmt":"2021-11-02T10:14:39","guid":{"rendered":"https:\/\/www.brokk.com\/sv\/brokk-connect-3\/"},"modified":"2021-11-02T12:27:12","modified_gmt":"2021-11-02T11:27:12","slug":"brokk-connect","status":"publish","type":"page","link":"https:\/\/www.brokk.com\/sv\/brokk-connect\/","title":{"rendered":"Brokk Connect"},"content":{"rendered":"<p><strong>Onlineplattformen ger dig m\u00f6jlighet att ansluta dina Brokk-robotar f\u00f6r att f\u00f6renkla ditt jobb och ge en st\u00f6rre insikt i hur du kan optimera din verksamhet. Programvaran \u00e4r utformad s\u00e5 att du kan ta del av data, serviceindikationer och aktiviteter, timme f\u00f6r timme. Med hj\u00e4lp av informationen kan du planera service, f\u00f6rebygga reparationer och maximera produktiviteten. Oavsett om ditt m\u00e5l \u00e4r att ut\u00f6ka din verksamhet eller optimera din flotta, \u00e4r Brokk Connect verktyget f\u00f6r dig. <\/strong><\/p>\n<p><img loading=\"lazy\" decoding=\"async\" class=\"alignnone size-medium wp-image-4913\" src=\"https:\/\/www.brokk.com\/sv\/uploads\/sites\/10\/2021\/11\/brokk_connect_access_manage_relax_sv-720x471.jpg\" alt=\"\" width=\"720\" height=\"471\" srcset=\"https:\/\/www.brokk.com\/sv\/uploads\/sites\/10\/2021\/11\/brokk_connect_access_manage_relax_sv-720x471.jpg 720w, https:\/\/www.brokk.com\/sv\/uploads\/sites\/10\/2021\/11\/brokk_connect_access_manage_relax_sv-768x503.jpg 768w, https:\/\/www.brokk.com\/sv\/uploads\/sites\/10\/2021\/11\/brokk_connect_access_manage_relax_sv-480x314.jpg 480w, https:\/\/www.brokk.com\/sv\/uploads\/sites\/10\/2021\/11\/brokk_connect_access_manage_relax_sv-48x31.jpg 48w, https:\/\/www.brokk.com\/sv\/uploads\/sites\/10\/2021\/11\/brokk_connect_access_manage_relax_sv.jpg 921w\" sizes=\"auto, (max-width: 720px) 100vw, 720px\" \/><\/p>\n<p><strong>Tillg\u00e5 information<\/strong><\/p>\n<p>L\u00e4r k\u00e4nna dina maskiner genom att avl\u00e4sa data och se vad som h\u00e4nder i realtid. Fr\u00e5n v\u00e5r plattform finns m\u00e4ngder med information att h\u00e4mta som kan hj\u00e4lpa dig i dina beslut. Du kan se arbetad tid med redskap, lokalisera specifika maskiner, se aktuell status och n\u00e4r service b\u00f6r utf\u00f6ras, allt f\u00f6r att se till att dina robotar g\u00e5r enligt plan.<\/p>\n<p>&nbsp;<\/p>\n<p><strong>Analysera och agera<\/strong><\/p>\n<p>R\u00e4tt information ger dig r\u00e4tt f\u00f6ruts\u00e4ttningar att agera n\u00e4r det beh\u00f6vs. Genom att analysera information kan du l\u00e4ra dig att r\u00e4kna p\u00e5 nya jobb utifr\u00e5n faktiskt tid ist\u00e4llet f\u00f6r uppskattad tid. Med Brokk Connect ges du m\u00f6jlighet att ta kontroll \u00f6ver din flotta, \u00f6ka produktiviteten, optimera planeringen och maximera anv\u00e4ndandet!<\/p>\n<p>&nbsp;<\/p>\n<p><strong>Slappna av<\/strong><\/p>\n<p>N\u00e4r du vill fokusera 100% p\u00e5 ditt f\u00f6retag kan vi ta \u00f6ver ansvaret f\u00f6r din flotta. \u00a0Teckna ett Brokk Uptime serviceavtal, s\u00e5 ser vi till att du alltid \u00e4r redo f\u00f6r n\u00e4sta jobb. Vi kommer dessutom se till att auktoriserad service utf\u00f6rs i r\u00e4tt tid, allt f\u00f6r att \u00f6ka livsl\u00e4ngden p\u00e5 din robot. Med ett serviceavtal s\u00e4krar du din investering l\u00e5ngsiktigt!<\/p>\n<p>&nbsp;<\/p>\n<h3><strong>Funktioner<\/strong><\/h3>\n<p>Det finns m\u00e5nga funktioner att utforska i Brokk Connect, uppt\u00e4ck vilka du kan dra mest nytta av.<\/p>\n<h4><strong>Aktivitet<\/strong><\/h4>\n<p>Se din robots aktuella status och h\u00e4mta data s\u00e5som aktiv och inaktiv tid, total anv\u00e4ndning av redskap, med mera.<\/p>\n<h4><strong>Status<\/strong><\/h4>\n<p>F\u00e5 tillg\u00e5ng till all n\u00f6dv\u00e4ndig information g\u00e4llande din maskins h\u00e4lsa, till exempel temperaturer och oljetryck. Du kan \u00e4ven avl\u00e4sa den totala drifttiden f\u00f6r dina robotar eller<br \/>\nspecificera per dag, vecka eller timme.<\/p>\n<h4><strong>Underh\u00e5ll<\/strong><\/h4>\n<p>F\u00f6r att maximera din produktivitet kan du i Brokk Connect schemal\u00e4gga dina servicetillf\u00e4llen, samt f\u00e5 full inblick i din servicehistorik. Se till att aldrig missa en service genom att st\u00e4lla in anpassade aviseringar eller l\u00e5t Brokk sk\u00f6ta all service genom att teckna ett Brokk Uptime-serviceavtal.<\/p>\n<h4><strong>Larm<\/strong><\/h4>\n<p>Agera p\u00e5 larm direkt p\u00e5 plats eller med hj\u00e4lp av fj\u00e4rrsupport. Notiser ser till att du kan agera n\u00e4r tillf\u00e4llet kr\u00e4ver det samt ger dig m\u00f6jlighet att jobba proaktivt med service.<\/p>\n<h4><strong>Plats<\/strong><\/h4>\n<p>Sp\u00e5ra och bevaka dina robotar i realtid, se platshistorik och tidigare h\u00e4ndelser. Aktivera geofencing f\u00f6r att f\u00e5 omedelbara notiser om din robot flyttas fr\u00e5n det markerade omr\u00e5det utan din vetskap. Vid st\u00f6ld eller obeh\u00f6rig anv\u00e4ndning kan roboten st\u00e4ngas av p\u00e5 distans.<\/p>\n<ul>\n<li>\u00d6verblick av maskinflotta<\/li>\n<li>Veckorapporter<\/li>\n<li>Modell och serienummer<\/li>\n<li>Anpassad startsida<\/li>\n<li>Och mycket mer<\/li>\n<\/ul>\n<p><img loading=\"lazy\" decoding=\"async\" class=\"alignnone size-full wp-image-4886\" src=\"https:\/\/www.brokk.com\/sv\/uploads\/sites\/10\/2021\/11\/brokk_connect_geofencing.gif\" alt=\"\" width=\"1500\" height=\"928\" \/><\/p>\n<p>&nbsp;<\/p>\n<p><strong>Utvecklad f\u00f6r dig<\/strong><br \/>\nF\u00f6r oss \u00e4r Brokk Connect n\u00e4sta steg mot b\u00e4ttre service och ett stort steg mot f\u00f6rb\u00e4ttrade arbetss\u00e4tt. Vi \u00e4r stolta att kunna erbjuda dig en egenutvecklad och helt skr\u00e4ddarsydd l\u00f6sning som tillsammans ger oss o\u00e4ndliga utvecklingsm\u00f6jligheter. Vi vet att det h\u00e4r bara \u00e4r b\u00f6rjan p\u00e5 n\u00e5got st\u00f6rre.<\/p>\n<p>\u00c4r du nyfiken p\u00e5 hur Brokk Connect kan hj\u00e4lpa din verksamhet? Kontakta din n\u00e4rmaste Brokk-representant f\u00f6r mer information.<\/p>\n<p>&nbsp;<\/p>\n<p><a href=\"https:\/\/www.brokk.com\/sv\/uploads\/sites\/10\/2021\/11\/brokk_connect_sv_revb.pdf\">Brokk Connect s\u00e4ljblad<\/a><\/p>\n<p><a href=\"https:\/\/www.brokk.com\/sv\/press-release\/nasta-steg-for-brokk-connect\/\">PRESSRELEASE<\/a><\/p>\n<p>&nbsp;<\/p>\n<p>&nbsp;<\/p>\n","protected":false},"excerpt":{"rendered":"<p>Brokk Connect \u00e4r verktyget som hj\u00e4lper dig till h\u00f6gre effektivitet och mer l\u00f6nsamma aff\u00e4rer!<\/p>\n","protected":false},"author":1,"featured_media":4885,"parent":0,"menu_order":19,"comment_status":"closed","ping_status":"closed","template":"page-templates\/landing.php","meta":{"_acf_changed":false,"_relevanssi_hide_post":"","_relevanssi_hide_content":"","_relevanssi_pin_for_all":"","_relevanssi_pin_keywords":"","_relevanssi_unpin_keywords":"","_relevanssi_related_keywords":"","_relevanssi_related_include_ids":"","_relevanssi_related_exclude_ids":"","_relevanssi_related_no_append":"","_relevanssi_related_not_related":"","_relevanssi_related_posts":"","_relevanssi_noindex_reason":"","footnotes":""},"class_list":["post-4895","page","type-page","status-publish","has-post-thumbnail","hentry"],"acf":[],"yoast_head":"<!-- This site is optimized with the Yoast SEO plugin v27.3 - https:\/\/yoast.com\/product\/yoast-seo-wordpress\/ -->\n<title>Brokk Connect - Brokk Sweden<\/title>\n<meta name=\"robots\" content=\"index, follow, max-snippet:-1, max-image-preview:large, max-video-preview:-1\" \/>\n<link rel=\"canonical\" href=\"https:\/\/www.brokk.com\/sv\/brokk-connect\/\" \/>\n<meta property=\"og:locale\" content=\"sv_SE\" \/>\n<meta property=\"og:type\" content=\"article\" \/>\n<meta property=\"og:title\" content=\"Brokk Connect - Brokk Sweden\" \/>\n<meta property=\"og:description\" content=\"Brokk Connect \u00e4r verktyget som hj\u00e4lper dig till h\u00f6gre effektivitet och mer l\u00f6nsamma aff\u00e4rer!\" \/>\n<meta property=\"og:url\" content=\"https:\/\/www.brokk.com\/sv\/brokk-connect\/\" \/>\n<meta property=\"og:site_name\" content=\"Brokk Sweden\" \/>\n<meta property=\"article:modified_time\" content=\"2021-11-02T11:27:12+00:00\" \/>\n<meta property=\"og:image\" content=\"https:\/\/www.brokk.com\/sv\/uploads\/sites\/10\/2021\/11\/brokk_connect_v2.jpg\" \/>\n\t<meta property=\"og:image:width\" content=\"2560\" \/>\n\t<meta property=\"og:image:height\" content=\"1096\" \/>\n\t<meta property=\"og:image:type\" content=\"image\/jpeg\" \/>\n<meta name=\"twitter:card\" content=\"summary_large_image\" \/>\n<meta name=\"twitter:label1\" content=\"Ber\u00e4knad l\u00e4stid\" \/>\n\t<meta name=\"twitter:data1\" content=\"3 minuter\" \/>\n<script type=\"application\/ld+json\" class=\"yoast-schema-graph\">{\"@context\":\"https:\\\/\\\/schema.org\",\"@graph\":[{\"@type\":\"WebPage\",\"@id\":\"https:\\\/\\\/www.brokk.com\\\/sv\\\/brokk-connect\\\/\",\"url\":\"https:\\\/\\\/www.brokk.com\\\/sv\\\/brokk-connect\\\/\",\"name\":\"Brokk Connect - Brokk Sweden\",\"isPartOf\":{\"@id\":\"https:\\\/\\\/www.brokk.com\\\/sv\\\/#website\"},\"primaryImageOfPage\":{\"@id\":\"https:\\\/\\\/www.brokk.com\\\/sv\\\/brokk-connect\\\/#primaryimage\"},\"image\":{\"@id\":\"https:\\\/\\\/www.brokk.com\\\/sv\\\/brokk-connect\\\/#primaryimage\"},\"thumbnailUrl\":\"https:\\\/\\\/www.brokk.com\\\/sv\\\/uploads\\\/sites\\\/10\\\/2021\\\/11\\\/brokk_connect_v2.jpg\",\"datePublished\":\"2021-11-02T10:14:39+00:00\",\"dateModified\":\"2021-11-02T11:27:12+00:00\",\"breadcrumb\":{\"@id\":\"https:\\\/\\\/www.brokk.com\\\/sv\\\/brokk-connect\\\/#breadcrumb\"},\"inLanguage\":\"sv-SE\",\"potentialAction\":[{\"@type\":\"ReadAction\",\"target\":[\"https:\\\/\\\/www.brokk.com\\\/sv\\\/brokk-connect\\\/\"]}]},{\"@type\":\"ImageObject\",\"inLanguage\":\"sv-SE\",\"@id\":\"https:\\\/\\\/www.brokk.com\\\/sv\\\/brokk-connect\\\/#primaryimage\",\"url\":\"https:\\\/\\\/www.brokk.com\\\/sv\\\/uploads\\\/sites\\\/10\\\/2021\\\/11\\\/brokk_connect_v2.jpg\",\"contentUrl\":\"https:\\\/\\\/www.brokk.com\\\/sv\\\/uploads\\\/sites\\\/10\\\/2021\\\/11\\\/brokk_connect_v2.jpg\",\"width\":2560,\"height\":1096},{\"@type\":\"BreadcrumbList\",\"@id\":\"https:\\\/\\\/www.brokk.com\\\/sv\\\/brokk-connect\\\/#breadcrumb\",\"itemListElement\":[{\"@type\":\"ListItem\",\"position\":1,\"name\":\"Home\",\"item\":\"https:\\\/\\\/www.brokk.com\\\/sv\\\/\"},{\"@type\":\"ListItem\",\"position\":2,\"name\":\"Brokk Connect\"}]},{\"@type\":\"WebSite\",\"@id\":\"https:\\\/\\\/www.brokk.com\\\/sv\\\/#website\",\"url\":\"https:\\\/\\\/www.brokk.com\\\/sv\\\/\",\"name\":\"Brokk Sweden\",\"description\":\"\",\"potentialAction\":[{\"@type\":\"SearchAction\",\"target\":{\"@type\":\"EntryPoint\",\"urlTemplate\":\"https:\\\/\\\/www.brokk.com\\\/sv\\\/?s={search_term_string}\"},\"query-input\":{\"@type\":\"PropertyValueSpecification\",\"valueRequired\":true,\"valueName\":\"search_term_string\"}}],\"inLanguage\":\"sv-SE\"}]}<\/script>\n<!-- \/ Yoast SEO plugin. -->","yoast_head_json":{"title":"Brokk Connect - Brokk Sweden","robots":{"index":"index","follow":"follow","max-snippet":"max-snippet:-1","max-image-preview":"max-image-preview:large","max-video-preview":"max-video-preview:-1"},"canonical":"https:\/\/www.brokk.com\/sv\/brokk-connect\/","og_locale":"sv_SE","og_type":"article","og_title":"Brokk Connect - Brokk Sweden","og_description":"Brokk Connect \u00e4r verktyget som hj\u00e4lper dig till h\u00f6gre effektivitet och mer l\u00f6nsamma aff\u00e4rer!","og_url":"https:\/\/www.brokk.com\/sv\/brokk-connect\/","og_site_name":"Brokk Sweden","article_modified_time":"2021-11-02T11:27:12+00:00","og_image":[{"width":2560,"height":1096,"url":"https:\/\/www.brokk.com\/sv\/uploads\/sites\/10\/2021\/11\/brokk_connect_v2.jpg","type":"image\/jpeg"}],"twitter_card":"summary_large_image","twitter_misc":{"Ber\u00e4knad l\u00e4stid":"3 minuter"},"schema":{"@context":"https:\/\/schema.org","@graph":[{"@type":"WebPage","@id":"https:\/\/www.brokk.com\/sv\/brokk-connect\/","url":"https:\/\/www.brokk.com\/sv\/brokk-connect\/","name":"Brokk Connect - Brokk Sweden","isPartOf":{"@id":"https:\/\/www.brokk.com\/sv\/#website"},"primaryImageOfPage":{"@id":"https:\/\/www.brokk.com\/sv\/brokk-connect\/#primaryimage"},"image":{"@id":"https:\/\/www.brokk.com\/sv\/brokk-connect\/#primaryimage"},"thumbnailUrl":"https:\/\/www.brokk.com\/sv\/uploads\/sites\/10\/2021\/11\/brokk_connect_v2.jpg","datePublished":"2021-11-02T10:14:39+00:00","dateModified":"2021-11-02T11:27:12+00:00","breadcrumb":{"@id":"https:\/\/www.brokk.com\/sv\/brokk-connect\/#breadcrumb"},"inLanguage":"sv-SE","potentialAction":[{"@type":"ReadAction","target":["https:\/\/www.brokk.com\/sv\/brokk-connect\/"]}]},{"@type":"ImageObject","inLanguage":"sv-SE","@id":"https:\/\/www.brokk.com\/sv\/brokk-connect\/#primaryimage","url":"https:\/\/www.brokk.com\/sv\/uploads\/sites\/10\/2021\/11\/brokk_connect_v2.jpg","contentUrl":"https:\/\/www.brokk.com\/sv\/uploads\/sites\/10\/2021\/11\/brokk_connect_v2.jpg","width":2560,"height":1096},{"@type":"BreadcrumbList","@id":"https:\/\/www.brokk.com\/sv\/brokk-connect\/#breadcrumb","itemListElement":[{"@type":"ListItem","position":1,"name":"Home","item":"https:\/\/www.brokk.com\/sv\/"},{"@type":"ListItem","position":2,"name":"Brokk Connect"}]},{"@type":"WebSite","@id":"https:\/\/www.brokk.com\/sv\/#website","url":"https:\/\/www.brokk.com\/sv\/","name":"Brokk Sweden","description":"","potentialAction":[{"@type":"SearchAction","target":{"@type":"EntryPoint","urlTemplate":"https:\/\/www.brokk.com\/sv\/?s={search_term_string}"},"query-input":{"@type":"PropertyValueSpecification","valueRequired":true,"valueName":"search_term_string"}}],"inLanguage":"sv-SE"}]}},"_links":{"self":[{"href":"https:\/\/www.brokk.com\/sv\/wp-json\/wp\/v2\/pages\/4895","targetHints":{"allow":["GET"]}}],"collection":[{"href":"https:\/\/www.brokk.com\/sv\/wp-json\/wp\/v2\/pages"}],"about":[{"href":"https:\/\/www.brokk.com\/sv\/wp-json\/wp\/v2\/types\/page"}],"author":[{"embeddable":true,"href":"https:\/\/www.brokk.com\/sv\/wp-json\/wp\/v2\/users\/1"}],"replies":[{"embeddable":true,"href":"https:\/\/www.brokk.com\/sv\/wp-json\/wp\/v2\/comments?post=4895"}],"version-history":[{"count":11,"href":"https:\/\/www.brokk.com\/sv\/wp-json\/wp\/v2\/pages\/4895\/revisions"}],"predecessor-version":[{"id":4916,"href":"https:\/\/www.brokk.com\/sv\/wp-json\/wp\/v2\/pages\/4895\/revisions\/4916"}],"wp:featuredmedia":[{"embeddable":true,"href":"https:\/\/www.brokk.com\/sv\/wp-json\/wp\/v2\/media\/4885"}],"wp:attachment":[{"href":"https:\/\/www.brokk.com\/sv\/wp-json\/wp\/v2\/media?parent=4895"}],"curies":[{"name":"wp","href":"https:\/\/api.w.org\/{rel}","templated":true}]}}