{"id":5106,"date":"2022-10-18T10:00:34","date_gmt":"2022-10-18T08:00:34","guid":{"rendered":"https:\/\/www.brokk.com\/sv\/?page_id=5106"},"modified":"2025-08-13T13:38:07","modified_gmt":"2025-08-13T11:38:07","slug":"my-brokk","status":"publish","type":"page","link":"https:\/\/www.brokk.com\/sv\/my-brokk\/","title":{"rendered":"My Brokk"},"content":{"rendered":"<p><strong>My Brokk<\/strong> \u00e4r en revolutionerande onlineportal utvecklad f\u00f6r att ge dig fullst\u00e4ndig kontroll \u00f6ver dina Brokk-robotar. Den integrerar flera tj\u00e4nster i en plattform, inklusive Brokk Connect, ett tekniskt dokumentationsbibliotek och en webbshop. Med My Brokk kan du komma \u00e5t viktig information om dina robotar n\u00e4r som helst och var som helst.<\/p>\n<p><strong>Brokk Connect<\/strong> \u00e4r navet i My Brokk. Denna avancerade plattform f\u00f6renklar hanteringen och underh\u00e5llet av dina Brokk-robotar. Du kan \u00f6vervaka och hantera din flotta med exakta realtidsdata om varje aktivitet och servicebehov. Den senaste uppdateringen av Brokk Connect inneh\u00e5ller nya funktioner som Wi-Fi-anslutning och ett offlinel\u00e4ge.<\/p>\n<p>Portalen ger ocks\u00e5 enkel tillg\u00e5ng till teknisk dokumentation, inklusive manualer och datablad, och har en ny webshop skr\u00e4ddarsydd efter dina behov. Best\u00e4ll originalreservdelar snabbt och effektivt fr\u00e5n din lokala Brokk-\u00e5terf\u00f6rs\u00e4ljare, vilket s\u00e4kerst\u00e4ller maximal drifttid f\u00f6r dina maskiner.<\/p>\n<p><strong>H\u00e4r \u00e4r en \u00f6versikt \u00f6ver My Brokks viktigaste tj\u00e4nster och f\u00f6rdelar:<\/strong><\/p>\n<p>&nbsp;<\/p>\n<h3>BROKK CONNECT<\/h3>\n<ul>\n<li><strong>K\u00e4nn din robot:<\/strong>\u00d6vervaka och tolka realtidsdata fr\u00e5n dina robotar f\u00f6r att fatta v\u00e4lgrundade beslut.<\/li>\n<li><strong>Information:<\/strong>\u00a0F\u00f6rb\u00e4ttra effektiviteten med detaljerad information om verktygstid, drifttimmar, robotplatser och aktuell status.<\/li>\n<li><strong>Analysera och optimera:<\/strong> \u00a0Anv\u00e4nd dataanalys f\u00f6r att \u00f6ka produktiviteten, optimera planering och f\u00f6rfina offerter.<\/li>\n<li><strong>Servicemeddelanden:<\/strong> \u00a0F\u00e5 snabbt meddelande f\u00f6r schemalagt underh\u00e5ll, vilket till\u00e5ter proaktiv hantering f\u00f6r att h\u00e5lla din robot redo f\u00f6r jobb.<\/li>\n<li><strong>Wi-Fi-anslutning: <\/strong>Uppdaterade Brokk Connect st\u00f6der nu Wi-Fi-anslutningar.<\/li>\n<li><strong>Nytt! <\/strong><strong>Offlinel\u00e4ge: \u00a0<\/strong>Om det inte finns n\u00e5gon mobil- eller Wi-Fi-anslutning sparar Brokk Connect data offline och synkroniserar detta n\u00e4r den \u00e4r online igen.<br \/>\n<img loading=\"lazy\" decoding=\"async\" class=\"alignnone size-medium wp-image-5120\" style=\"font-size: 1.6rem;\" src=\"https:\/\/www.brokk.com\/sv\/uploads\/sites\/10\/2022\/10\/mybrokk-connect-720x480.jpg\" alt=\"\" width=\"720\" height=\"480\" srcset=\"https:\/\/www.brokk.com\/sv\/uploads\/sites\/10\/2022\/10\/mybrokk-connect-720x480.jpg 720w, https:\/\/www.brokk.com\/sv\/uploads\/sites\/10\/2022\/10\/mybrokk-connect-1280x853.jpg 1280w, https:\/\/www.brokk.com\/sv\/uploads\/sites\/10\/2022\/10\/mybrokk-connect-420x280.jpg 420w, https:\/\/www.brokk.com\/sv\/uploads\/sites\/10\/2022\/10\/mybrokk-connect-768x512.jpg 768w, https:\/\/www.brokk.com\/sv\/uploads\/sites\/10\/2022\/10\/mybrokk-connect-480x320.jpg 480w, https:\/\/www.brokk.com\/sv\/uploads\/sites\/10\/2022\/10\/mybrokk-connect-48x32.jpg 48w, https:\/\/www.brokk.com\/sv\/uploads\/sites\/10\/2022\/10\/mybrokk-connect.jpg 1440w\" sizes=\"auto, (max-width: 720px) 100vw, 720px\" \/><\/li>\n<\/ul>\n<h3><strong>DOKUMENT<\/strong><\/h3>\n<ul>\n<li><strong>Teknisk dokumentation:<\/strong>\u00a0F\u00e5 tillg\u00e5ng till en m\u00e4ngd olika dokument, inklusive manualer, tekniska data och diagram.<\/li>\n<li><strong>Omedelbar \u00e5tkomst<\/strong>\u00a0Alla relevanta tekniska dokument \u00e4r centraliserade f\u00f6r enkel \u00e5tkomst.<\/li>\n<li><strong>Registrera dina robotar:<\/strong>\u00a0F\u00f6rb\u00e4ttra anv\u00e4ndningen av dokumentbiblioteket genom att registrera dina robotar i My Brokk.<\/li>\n<\/ul>\n<p><img loading=\"lazy\" decoding=\"async\" class=\"size-medium wp-image-5119 aligncenter\" src=\"https:\/\/www.brokk.com\/sv\/uploads\/sites\/10\/2022\/10\/mybrokk-documents-720x480.jpg\" alt=\"\" width=\"720\" height=\"480\" srcset=\"https:\/\/www.brokk.com\/sv\/uploads\/sites\/10\/2022\/10\/mybrokk-documents-720x480.jpg 720w, https:\/\/www.brokk.com\/sv\/uploads\/sites\/10\/2022\/10\/mybrokk-documents-1280x853.jpg 1280w, https:\/\/www.brokk.com\/sv\/uploads\/sites\/10\/2022\/10\/mybrokk-documents-420x280.jpg 420w, https:\/\/www.brokk.com\/sv\/uploads\/sites\/10\/2022\/10\/mybrokk-documents-768x512.jpg 768w, https:\/\/www.brokk.com\/sv\/uploads\/sites\/10\/2022\/10\/mybrokk-documents-480x320.jpg 480w, https:\/\/www.brokk.com\/sv\/uploads\/sites\/10\/2022\/10\/mybrokk-documents-48x32.jpg 48w, https:\/\/www.brokk.com\/sv\/uploads\/sites\/10\/2022\/10\/mybrokk-documents.jpg 1440w\" sizes=\"auto, (max-width: 720px) 100vw, 720px\" \/><\/p>\n<h3>WEBSHOP<\/h3>\n<ul>\n<li><strong>Komplett sortiment: <\/strong>Se och best\u00e4ll, ett komplett utbud av Brokk originalreservdelar och tillbeh\u00f6r online.<\/li>\n<li><strong>Enkel best\u00e4llning:<\/strong>\u00a0Hitta r\u00e4tt delar snabbt med priser som visas i lokal valuta.<\/li>\n<li><strong>Originalreservdelar: <\/strong>K\u00f6p \u00e4kta Brokk-delar av h\u00f6g kvalitet, v\u00e4sentligt f\u00f6r att uppr\u00e4tth\u00e5lla din robots garanti.<\/li>\n<li><strong>P\u00e5litlig leverans: <\/strong>Webbshopen effektiviserar k\u00f6pprocessen och f\u00f6rkortar leveranstiderna.<\/li>\n<\/ul>\n<p><img loading=\"lazy\" decoding=\"async\" class=\"alignnone size-medium wp-image-5118\" src=\"https:\/\/www.brokk.com\/sv\/uploads\/sites\/10\/2022\/10\/mybrokk-webshop-720x480.jpg\" alt=\"\" width=\"720\" height=\"480\" srcset=\"https:\/\/www.brokk.com\/sv\/uploads\/sites\/10\/2022\/10\/mybrokk-webshop-720x480.jpg 720w, https:\/\/www.brokk.com\/sv\/uploads\/sites\/10\/2022\/10\/mybrokk-webshop-1280x853.jpg 1280w, https:\/\/www.brokk.com\/sv\/uploads\/sites\/10\/2022\/10\/mybrokk-webshop-420x280.jpg 420w, https:\/\/www.brokk.com\/sv\/uploads\/sites\/10\/2022\/10\/mybrokk-webshop-768x512.jpg 768w, https:\/\/www.brokk.com\/sv\/uploads\/sites\/10\/2022\/10\/mybrokk-webshop-480x320.jpg 480w, https:\/\/www.brokk.com\/sv\/uploads\/sites\/10\/2022\/10\/mybrokk-webshop-48x32.jpg 48w, https:\/\/www.brokk.com\/sv\/uploads\/sites\/10\/2022\/10\/mybrokk-webshop.jpg 1440w\" sizes=\"auto, (max-width: 720px) 100vw, 720px\" \/><\/p>\n<h3><strong>\u00c4R DU REDO? L\u00c5T OSS KOMMA IG\u00c5NG!<\/strong><\/h3>\n<p>My Brokk \u00e4r tillg\u00e4ngligt f\u00f6r alla som har en Brokk-robot. Uppt\u00e4ck hur det kan gynna ditt f\u00f6retag med bara n\u00e5gra enkla steg!<\/p>\n<p>Kontakta oss f\u00f6r att registrera ditt konto och b\u00f6rja anv\u00e4nd My Brokk idag!<\/p>\n","protected":false},"excerpt":{"rendered":"<p>My Brokk \u00e4r en revolutionerande onlineportal utvecklad f\u00f6r att ge dig fullst\u00e4ndig kontroll \u00f6ver dina Brokk-robotar. Med My Brokk kan du komma \u00e5t viktig information om dina robotar n\u00e4r som helst och var som helst.<\/p>\n","protected":false},"author":1,"featured_media":5163,"parent":0,"menu_order":13,"comment_status":"closed","ping_status":"closed","template":"page-templates\/landing.php","meta":{"_acf_changed":false,"_relevanssi_hide_post":"","_relevanssi_hide_content":"","_relevanssi_pin_for_all":"","_relevanssi_pin_keywords":"","_relevanssi_unpin_keywords":"","_relevanssi_related_keywords":"","_relevanssi_related_include_ids":"","_relevanssi_related_exclude_ids":"","_relevanssi_related_no_append":"","_relevanssi_related_not_related":"","_relevanssi_related_posts":"","_relevanssi_noindex_reason":"","footnotes":""},"class_list":["post-5106","page","type-page","status-publish","has-post-thumbnail","hentry"],"acf":[],"yoast_head":"<!-- This site is optimized with the Yoast SEO plugin v27.0 - https:\/\/yoast.com\/product\/yoast-seo-wordpress\/ -->\n<title>My Brokk - Brokk Sweden<\/title>\n<meta name=\"robots\" content=\"index, follow, max-snippet:-1, max-image-preview:large, max-video-preview:-1\" \/>\n<link rel=\"canonical\" href=\"https:\/\/www.brokk.com\/sv\/my-brokk\/\" \/>\n<meta property=\"og:locale\" content=\"sv_SE\" \/>\n<meta property=\"og:type\" content=\"article\" \/>\n<meta property=\"og:title\" content=\"My Brokk - Brokk Sweden\" \/>\n<meta property=\"og:description\" content=\"My Brokk \u00e4r en revolutionerande onlineportal utvecklad f\u00f6r att ge dig fullst\u00e4ndig kontroll \u00f6ver dina Brokk-robotar. Med My Brokk kan du komma \u00e5t viktig information om dina robotar n\u00e4r som helst och var som helst.\" \/>\n<meta property=\"og:url\" content=\"https:\/\/www.brokk.com\/sv\/my-brokk\/\" \/>\n<meta property=\"og:site_name\" content=\"Brokk Sweden\" \/>\n<meta property=\"article:modified_time\" content=\"2025-08-13T11:38:07+00:00\" \/>\n<meta property=\"og:image\" content=\"https:\/\/www.brokk.com\/sv\/uploads\/sites\/10\/2022\/10\/my_brokk.jpg\" \/>\n\t<meta property=\"og:image:width\" content=\"1440\" \/>\n\t<meta property=\"og:image:height\" content=\"960\" \/>\n\t<meta property=\"og:image:type\" content=\"image\/jpeg\" \/>\n<meta name=\"twitter:card\" content=\"summary_large_image\" \/>\n<meta name=\"twitter:label1\" content=\"Ber\u00e4knad l\u00e4stid\" \/>\n\t<meta name=\"twitter:data1\" content=\"3 minuter\" \/>\n<script type=\"application\/ld+json\" class=\"yoast-schema-graph\">{\"@context\":\"https:\/\/schema.org\",\"@graph\":[{\"@type\":\"WebPage\",\"@id\":\"https:\/\/www.brokk.com\/sv\/my-brokk\/\",\"url\":\"https:\/\/www.brokk.com\/sv\/my-brokk\/\",\"name\":\"My Brokk - Brokk Sweden\",\"isPartOf\":{\"@id\":\"https:\/\/www.brokk.com\/sv\/#website\"},\"primaryImageOfPage\":{\"@id\":\"https:\/\/www.brokk.com\/sv\/my-brokk\/#primaryimage\"},\"image\":{\"@id\":\"https:\/\/www.brokk.com\/sv\/my-brokk\/#primaryimage\"},\"thumbnailUrl\":\"https:\/\/www.brokk.com\/sv\/uploads\/sites\/10\/2022\/10\/my_brokk.jpg\",\"datePublished\":\"2022-10-18T08:00:34+00:00\",\"dateModified\":\"2025-08-13T11:38:07+00:00\",\"breadcrumb\":{\"@id\":\"https:\/\/www.brokk.com\/sv\/my-brokk\/#breadcrumb\"},\"inLanguage\":\"sv-SE\",\"potentialAction\":[{\"@type\":\"ReadAction\",\"target\":[\"https:\/\/www.brokk.com\/sv\/my-brokk\/\"]}]},{\"@type\":\"ImageObject\",\"inLanguage\":\"sv-SE\",\"@id\":\"https:\/\/www.brokk.com\/sv\/my-brokk\/#primaryimage\",\"url\":\"https:\/\/www.brokk.com\/sv\/uploads\/sites\/10\/2022\/10\/my_brokk.jpg\",\"contentUrl\":\"https:\/\/www.brokk.com\/sv\/uploads\/sites\/10\/2022\/10\/my_brokk.jpg\",\"width\":1440,\"height\":960},{\"@type\":\"BreadcrumbList\",\"@id\":\"https:\/\/www.brokk.com\/sv\/my-brokk\/#breadcrumb\",\"itemListElement\":[{\"@type\":\"ListItem\",\"position\":1,\"name\":\"Home\",\"item\":\"https:\/\/www.brokk.com\/sv\/\"},{\"@type\":\"ListItem\",\"position\":2,\"name\":\"My Brokk\"}]},{\"@type\":\"WebSite\",\"@id\":\"https:\/\/www.brokk.com\/sv\/#website\",\"url\":\"https:\/\/www.brokk.com\/sv\/\",\"name\":\"Brokk Sweden\",\"description\":\"\",\"potentialAction\":[{\"@type\":\"SearchAction\",\"target\":{\"@type\":\"EntryPoint\",\"urlTemplate\":\"https:\/\/www.brokk.com\/sv\/?s={search_term_string}\"},\"query-input\":{\"@type\":\"PropertyValueSpecification\",\"valueRequired\":true,\"valueName\":\"search_term_string\"}}],\"inLanguage\":\"sv-SE\"}]}<\/script>\n<!-- \/ Yoast SEO plugin. -->","yoast_head_json":{"title":"My Brokk - Brokk Sweden","robots":{"index":"index","follow":"follow","max-snippet":"max-snippet:-1","max-image-preview":"max-image-preview:large","max-video-preview":"max-video-preview:-1"},"canonical":"https:\/\/www.brokk.com\/sv\/my-brokk\/","og_locale":"sv_SE","og_type":"article","og_title":"My Brokk - Brokk Sweden","og_description":"My Brokk \u00e4r en revolutionerande onlineportal utvecklad f\u00f6r att ge dig fullst\u00e4ndig kontroll \u00f6ver dina Brokk-robotar. Med My Brokk kan du komma \u00e5t viktig information om dina robotar n\u00e4r som helst och var som helst.","og_url":"https:\/\/www.brokk.com\/sv\/my-brokk\/","og_site_name":"Brokk Sweden","article_modified_time":"2025-08-13T11:38:07+00:00","og_image":[{"width":1440,"height":960,"url":"https:\/\/www.brokk.com\/sv\/uploads\/sites\/10\/2022\/10\/my_brokk.jpg","type":"image\/jpeg"}],"twitter_card":"summary_large_image","twitter_misc":{"Ber\u00e4knad l\u00e4stid":"3 minuter"},"schema":{"@context":"https:\/\/schema.org","@graph":[{"@type":"WebPage","@id":"https:\/\/www.brokk.com\/sv\/my-brokk\/","url":"https:\/\/www.brokk.com\/sv\/my-brokk\/","name":"My Brokk - Brokk Sweden","isPartOf":{"@id":"https:\/\/www.brokk.com\/sv\/#website"},"primaryImageOfPage":{"@id":"https:\/\/www.brokk.com\/sv\/my-brokk\/#primaryimage"},"image":{"@id":"https:\/\/www.brokk.com\/sv\/my-brokk\/#primaryimage"},"thumbnailUrl":"https:\/\/www.brokk.com\/sv\/uploads\/sites\/10\/2022\/10\/my_brokk.jpg","datePublished":"2022-10-18T08:00:34+00:00","dateModified":"2025-08-13T11:38:07+00:00","breadcrumb":{"@id":"https:\/\/www.brokk.com\/sv\/my-brokk\/#breadcrumb"},"inLanguage":"sv-SE","potentialAction":[{"@type":"ReadAction","target":["https:\/\/www.brokk.com\/sv\/my-brokk\/"]}]},{"@type":"ImageObject","inLanguage":"sv-SE","@id":"https:\/\/www.brokk.com\/sv\/my-brokk\/#primaryimage","url":"https:\/\/www.brokk.com\/sv\/uploads\/sites\/10\/2022\/10\/my_brokk.jpg","contentUrl":"https:\/\/www.brokk.com\/sv\/uploads\/sites\/10\/2022\/10\/my_brokk.jpg","width":1440,"height":960},{"@type":"BreadcrumbList","@id":"https:\/\/www.brokk.com\/sv\/my-brokk\/#breadcrumb","itemListElement":[{"@type":"ListItem","position":1,"name":"Home","item":"https:\/\/www.brokk.com\/sv\/"},{"@type":"ListItem","position":2,"name":"My Brokk"}]},{"@type":"WebSite","@id":"https:\/\/www.brokk.com\/sv\/#website","url":"https:\/\/www.brokk.com\/sv\/","name":"Brokk Sweden","description":"","potentialAction":[{"@type":"SearchAction","target":{"@type":"EntryPoint","urlTemplate":"https:\/\/www.brokk.com\/sv\/?s={search_term_string}"},"query-input":{"@type":"PropertyValueSpecification","valueRequired":true,"valueName":"search_term_string"}}],"inLanguage":"sv-SE"}]}},"_links":{"self":[{"href":"https:\/\/www.brokk.com\/sv\/wp-json\/wp\/v2\/pages\/5106","targetHints":{"allow":["GET"]}}],"collection":[{"href":"https:\/\/www.brokk.com\/sv\/wp-json\/wp\/v2\/pages"}],"about":[{"href":"https:\/\/www.brokk.com\/sv\/wp-json\/wp\/v2\/types\/page"}],"author":[{"embeddable":true,"href":"https:\/\/www.brokk.com\/sv\/wp-json\/wp\/v2\/users\/1"}],"replies":[{"embeddable":true,"href":"https:\/\/www.brokk.com\/sv\/wp-json\/wp\/v2\/comments?post=5106"}],"version-history":[{"count":61,"href":"https:\/\/www.brokk.com\/sv\/wp-json\/wp\/v2\/pages\/5106\/revisions"}],"predecessor-version":[{"id":6186,"href":"https:\/\/www.brokk.com\/sv\/wp-json\/wp\/v2\/pages\/5106\/revisions\/6186"}],"wp:featuredmedia":[{"embeddable":true,"href":"https:\/\/www.brokk.com\/sv\/wp-json\/wp\/v2\/media\/5163"}],"wp:attachment":[{"href":"https:\/\/www.brokk.com\/sv\/wp-json\/wp\/v2\/media?parent=5106"}],"curies":[{"name":"wp","href":"https:\/\/api.w.org\/{rel}","templated":true}]}}