{"id":5449,"date":"2024-02-22T11:31:30","date_gmt":"2024-02-22T10:31:30","guid":{"rendered":"https:\/\/www.brokk.com\/sv\/?page_id=5449"},"modified":"2024-07-02T13:40:52","modified_gmt":"2024-07-02T11:40:52","slug":"brokk-smart-power-plus","status":"publish","type":"page","link":"https:\/\/www.brokk.com\/sv\/brokk-smart-power-plus\/","title":{"rendered":"Brokk SmartPower+"},"content":{"rendered":"<div class=\"video-container\"><iframe loading=\"lazy\" title=\"Brokk SmartPower+:  Power and Brains - just unstoppable\" width=\"1024\" height=\"576\" src=\"https:\/\/www.youtube.com\/embed\/8sXoZ127qWc?feature=oembed\" frameborder=\"0\" allow=\"accelerometer; autoplay; clipboard-write; encrypted-media; gyroscope; picture-in-picture; web-share\" referrerpolicy=\"strict-origin-when-cross-origin\" allowfullscreen><\/iframe><\/div>\n<p>&nbsp;<\/p>\n<h3><strong>Kraft och intelligens \u2013 helt enkelt oslagbar! <\/strong><\/h3>\n<p>Nu lanseras Brokk SmartPower+, v\u00e5r helt nya generation av rivningsrobotar. Uppt\u00e4ck ett banbrytande skifte inom rivningsrobotar tack vare Brokk SmartPower+, som till en b\u00f6rjan finns i fem olika modeller: Brokk 70<sup>+<\/sup>, 170<sup>+<\/sup>, 200<sup>+<\/sup>, 300<sup>+<\/sup> och 500<sup>+<\/sup>. Brokk SmartPower+ \u00e4r mycket mer \u00e4n bara en uppgradering och ger en helt ny inneb\u00f6rd \u00e5t orden uth\u00e5llighet, k\u00f6rgl\u00e4dje och intelligens \u2013 f\u00f6r en o\u00f6vertr\u00e4ffad prestanda p\u00e5 arbetsplatser runt om i v\u00e4rlden. Det omfattande utvecklingsarbetet bakom Brokks nya produktgeneration s\u00e4tter en ny standard f\u00f6r branschen, tack vare dess tekniskt avancerade framsteg och f\u00f6rb\u00e4ttringar.<\/p>\n<p>&nbsp;<\/p>\n<p>&nbsp;<\/p>\n<h3>Uth\u00e5llighet med o\u00f6vertr\u00e4ffad styrka<\/h3>\n<p>Brokk SmartPower+ robotarna har konstruerats f\u00f6r oslagbar styrka och har f\u00f6rb\u00e4ttrad drifttid och en j\u00e4mn kraft \u00f6ver tid, vilket ger en enast\u00e5ende prestanda och tillf\u00f6rlitlighet. Med Brokks nya generation garanteras en oj\u00e4mf\u00f6rlig kraft, som s\u00e4tter en ny m\u00e5ttstock f\u00f6r branschen och revolutionerar rivningstekniken.<\/p>\n<p>&nbsp;<\/p>\n<p>Med robusta komponenter som uppfyller Brokks h\u00f6ga kvalitetskrav \u00e4r Brokk SmartPower+ robotarna t\u00e5liga mot st\u00f6tar, vibrationer och extrema temperaturer, vilket g\u00f6r att de passar f\u00f6r en l\u00e5ng rad olika anv\u00e4ndningsomr\u00e5den och arbetsf\u00f6rh\u00e5llanden. F\u00f6rutom damm- och vattenskydd likv\u00e4rdigt IP65 har Brokks SmartPower+ generation en imponerande reduktion av m\u00e4ngden kablar och anslutningar p\u00e5 hela 87%. Detta inneb\u00e4r ett stort kliv fram\u00e5t n\u00e4r det g\u00e4ller att effektivisera maskinens service och fels\u00f6kning, dessutom har antalet svaga punkter minskat vilket medf\u00f6r \u00f6kad arbetseffektivitet och tillf\u00f6rlitlighet till nytta f\u00f6r operat\u00f6ren.<\/p>\n<p>&nbsp;<\/p>\n<p><img loading=\"lazy\" decoding=\"async\" class=\"aligncenter wp-image-5407 size-medium\" src=\"https:\/\/www.brokk.com\/sv\/uploads\/sites\/10\/2024\/01\/sp_hoods-720x480.jpg\" alt=\"\" width=\"720\" height=\"480\" srcset=\"https:\/\/www.brokk.com\/sv\/uploads\/sites\/10\/2024\/01\/sp_hoods-720x480.jpg 720w, https:\/\/www.brokk.com\/sv\/uploads\/sites\/10\/2024\/01\/sp_hoods-1280x853.jpg 1280w, https:\/\/www.brokk.com\/sv\/uploads\/sites\/10\/2024\/01\/sp_hoods-420x280.jpg 420w, https:\/\/www.brokk.com\/sv\/uploads\/sites\/10\/2024\/01\/sp_hoods-768x512.jpg 768w, https:\/\/www.brokk.com\/sv\/uploads\/sites\/10\/2024\/01\/sp_hoods-480x320.jpg 480w, https:\/\/www.brokk.com\/sv\/uploads\/sites\/10\/2024\/01\/sp_hoods-48x32.jpg 48w, https:\/\/www.brokk.com\/sv\/uploads\/sites\/10\/2024\/01\/sp_hoods.jpg 1440w\" sizes=\"auto, (max-width: 720px) 100vw, 720px\" \/><\/p>\n<p>&nbsp;<\/p>\n<p><span data-ccp-props=\"{&quot;134233117&quot;:false,&quot;134233118&quot;:false,&quot;201341983&quot;:0,&quot;335559738&quot;:0,&quot;335559739&quot;:0,&quot;335559740&quot;:240}\">\u00a0<\/span><\/p>\n<h3><strong>Produktivitet f\u00f6r operat\u00f6rer<\/strong><\/h3>\n<p>Brokks SmartPower+ generation har en helt ny och mycket l\u00e4tt man\u00f6verl\u00e5da som v\u00e4ger under 3 kg. Den nya ergonomiska konstruktionen p\u00e5 Brokks nya man\u00f6verl\u00e5da inkluderar vinklade joysticks, l\u00e4tt\u00e5tkomliga funktioner och m\u00f6jlighet till laddning av tv\u00e5 batterier samtidigt, vilket leder till mycket bekv\u00e4mare och effektivare arbetspass \u2013 b\u00e5de f\u00f6r erfarna och helt nya operat\u00f6rer. Precision, snabbare responstid och enkel anv\u00e4ndning s\u00e4tter en helt ny standard inom rivningsbranschen, tack vare Brokk SmartPower+.<\/p>\n<p>&nbsp;<\/p>\n<p>Brokks nya man\u00f6verl\u00e5da har operat\u00f6rsbelysning f\u00f6r en effektivare och s\u00e4krare anv\u00e4ndning. M\u00f6jligheten att ladda tv\u00e5 batterier samtidigt ger snabbare laddningstider, medan den l\u00e4tta konstruktionen och det gener\u00f6sa utrymmet att vila h\u00e4nderna p\u00e5 g\u00f6r att operat\u00f6rerna snabbt, och utan anstr\u00e4ngning kan n\u00e5 knappar och brytare f\u00f6r olika inst\u00e4llningar. Brokks SmartPower+ man\u00f6verl\u00e5da \u00e4r f\u00f6rsedd med den innovativa Brokk QuickSwitch-funktionen och smarta inst\u00e4llningar f\u00f6r en f\u00f6rb\u00e4ttrad anv\u00e4ndarupplevelse g\u00f6r det enklare \u00e4n n\u00e5gonsin att man\u00f6vrera en Brokk-robot, n\u00e5got som i sin tur g\u00f6r det l\u00e4ttare att hitta och utbilda operat\u00f6rer.<\/p>\n<p>&nbsp;<\/p>\n<p>Upplevelsen av att k\u00f6ra Brokk SmartPower+ robotar kan b\u00e4st beskrivas med begreppen precision och snabb responstid. Med Brokks senaste generation beh\u00f6ver operat\u00f6rerna inte l\u00e4ngre g\u00e5 fram till maskinen f\u00f6r att st\u00e4lla in radiofrekvensen, de kan styra roboten p\u00e5 ett bekv\u00e4mt och s\u00e4kert s\u00e4tt direkt fr\u00e5n man\u00f6verl\u00e5dan. Mer bekv\u00e4mlighet i en trevligare och effektivare anv\u00e4ndarupplevelse.<\/p>\n<p>&nbsp;<\/p>\n<p><img loading=\"lazy\" decoding=\"async\" class=\"alignleft size-medium wp-image-5405\" src=\"https:\/\/www.brokk.com\/sv\/uploads\/sites\/10\/2024\/01\/sp_control_unit-720x480.jpg\" alt=\"\" width=\"720\" height=\"480\" srcset=\"https:\/\/www.brokk.com\/sv\/uploads\/sites\/10\/2024\/01\/sp_control_unit-720x480.jpg 720w, https:\/\/www.brokk.com\/sv\/uploads\/sites\/10\/2024\/01\/sp_control_unit-1280x853.jpg 1280w, https:\/\/www.brokk.com\/sv\/uploads\/sites\/10\/2024\/01\/sp_control_unit-420x280.jpg 420w, https:\/\/www.brokk.com\/sv\/uploads\/sites\/10\/2024\/01\/sp_control_unit-768x512.jpg 768w, https:\/\/www.brokk.com\/sv\/uploads\/sites\/10\/2024\/01\/sp_control_unit-480x320.jpg 480w, https:\/\/www.brokk.com\/sv\/uploads\/sites\/10\/2024\/01\/sp_control_unit-48x32.jpg 48w, https:\/\/www.brokk.com\/sv\/uploads\/sites\/10\/2024\/01\/sp_control_unit.jpg 1440w\" sizes=\"auto, (max-width: 720px) 100vw, 720px\" \/><\/p>\n<p>&nbsp;<\/p>\n<p><span data-ccp-props=\"{&quot;134233117&quot;:false,&quot;134233118&quot;:false,&quot;201341983&quot;:0,&quot;335559738&quot;:0,&quot;335559739&quot;:0,&quot;335559740&quot;:240}\">\u00a0<\/span><\/p>\n<h3>Intelligens som utg\u00e5ngspunkt<\/h3>\n<p>Intelligensen i Brokks SmartPower+ generation tar samarbetet mellan operat\u00f6r och maskin till helt nya h\u00f6jder. Visuell statuskommunikation i form av stegvisa ljusindikationer s\u00e4kerst\u00e4ller en s\u00f6ml\u00f6s kommunikation, samtidigt som operat\u00f6ren kan fokusera sin uppm\u00e4rksamhet p\u00e5 maskinen snarare \u00e4n att st\u00e4ndigt \u00f6vervaka man\u00f6verl\u00e5dan. Inf\u00f6randet av en tv\u00e5v\u00e4gskommunikation g\u00f6r att Brokks SmartPower+ robotar kan meddela sin status till operat\u00f6ren i realtid, det f\u00f6rebygger underh\u00e5ll och service, vilket ger f\u00f6rb\u00e4ttrad drift och s\u00e4kerhet.<\/p>\n<p>&nbsp;<\/p>\n<p>Anpassade funktioner och ett anv\u00e4ndarv\u00e4nligt gr\u00e4nssnitt f\u00f6rb\u00e4ttrar operat\u00f6rens upplevelse, med f\u00e4rdiga f\u00f6rinst\u00e4llningar f\u00f6r redskap, allt f\u00f6r snabba och smidiga val. M\u00f6jligheterna till uppkoppling f\u00f6rst\u00e4rks ytterligare genom integration med MyBrokk och av tre g\u00e5nger s\u00e5 m\u00e5nga sensorer, n\u00e5got som g\u00f6r Brokks senaste generation av robotar, som \u00e4r byggda med kompromissl\u00f6s kvalitet, \u00e4nnu b\u00e4ttre. Brokks SmartPower+ generation inneh\u00e5ller komponenter som \u00e4ven \u00e4r optimerade f\u00f6r smidiga framtida uppgraderingar genom molnbaserad integration \u2013 f\u00f6r att alltid ligga i framkant.<\/p>\n<p>&nbsp;<\/p>\n<p>Intelligensen hos Brokk SmartPower+ omfattar \u00e4ven operat\u00f6rsgr\u00e4nssnittet, som erbjuder personliga inst\u00e4llningar i fem olika steg. Med detta anv\u00e4ndarv\u00e4nliga gr\u00e4nssnitt kan operat\u00f6ren enkelt justera inst\u00e4llningarna efter sina egna \u00f6nskem\u00e5l, vilket ger en mer intuitiv och effektiv anv\u00e4ndarupplevelse. Inf\u00f6randet av f\u00f6rinst\u00e4llningar f\u00f6r redskap effektiviserar anv\u00e4ndningen ytterligare och ger operat\u00f6rerna snabbvalsfunktioner p\u00e5 man\u00f6verl\u00e5dan f\u00f6r snabba och smidiga val.<\/p>\n<p>&nbsp;<\/p>\n<p><img loading=\"lazy\" decoding=\"async\" class=\"size-medium wp-image-5406 aligncenter\" src=\"https:\/\/www.brokk.com\/sv\/uploads\/sites\/10\/2024\/01\/sp_cablecarrier-720x481.jpg\" alt=\"\" width=\"720\" height=\"481\" srcset=\"https:\/\/www.brokk.com\/sv\/uploads\/sites\/10\/2024\/01\/sp_cablecarrier-720x481.jpg 720w, https:\/\/www.brokk.com\/sv\/uploads\/sites\/10\/2024\/01\/sp_cablecarrier-1280x856.jpg 1280w, https:\/\/www.brokk.com\/sv\/uploads\/sites\/10\/2024\/01\/sp_cablecarrier-420x280.jpg 420w, https:\/\/www.brokk.com\/sv\/uploads\/sites\/10\/2024\/01\/sp_cablecarrier-768x513.jpg 768w, https:\/\/www.brokk.com\/sv\/uploads\/sites\/10\/2024\/01\/sp_cablecarrier-480x321.jpg 480w, https:\/\/www.brokk.com\/sv\/uploads\/sites\/10\/2024\/01\/sp_cablecarrier-48x32.jpg 48w, https:\/\/www.brokk.com\/sv\/uploads\/sites\/10\/2024\/01\/sp_cablecarrier.jpg 1436w\" sizes=\"auto, (max-width: 720px) 100vw, 720px\" \/><\/p>\n<p>&nbsp;<\/p>\n<h3><strong>Ett paradigmskifte<\/strong><\/h3>\n<p>Brokk SmartPower+ \u00e4r mer \u00e4n bara en uppgradering av programvaran \u2013 det handlar om ett paradigmskifte inom rivningstekniken. Med allt fr\u00e5n uth\u00e5llighet till intelligens till den rena k\u00f6rgl\u00e4djen, utg\u00f6r Brokk SmartPower+ robotarna ett bevis p\u00e5 Brokks aktiva str\u00e4van att flytta gr\u00e4nserna och f\u00f6rse operat\u00f6rerna med verktyg som inte bara uppfyller utan \u00e4ven \u00f6vertr\u00e4ffar deras f\u00f6rv\u00e4ntningar. <strong>Uppt\u00e4ck framtidens fj\u00e4rrstyrda rivning redan i dag!<\/strong><\/p>\n<p>&nbsp;<\/p>\n<p><a href=\"https:\/\/brokk.com\/sv\/press-release\/brokk-smartpower-nasta-niva-inom-rivningsteknik\/\" target=\"_blank\" rel=\"noopener\">L\u00c4S PRESSRELEASE<\/a><\/p>\n<p><span data-ccp-props=\"{&quot;201341983&quot;:0,&quot;335559739&quot;:160,&quot;335559740&quot;:259}\">\u00a0<\/span><\/p>\n","protected":false},"excerpt":{"rendered":"<p>Brokk SmartPower+ ger en helt ny inneb\u00f6rd \u00e5t uth\u00e5llighet, med produktivitet och intelligens f\u00f6r o\u00f6vertr\u00e4ffad prestanda p\u00e5 arbetsplatser v\u00e4rlden \u00f6ver. Brokks nya banbrytande innovation ger helt nya<br \/>\nm\u00f6jligheter inom fj\u00e4rrstyrd rivningsteknik.<\/p>\n","protected":false},"author":36,"featured_media":0,"parent":0,"menu_order":10,"comment_status":"closed","ping_status":"closed","template":"page-templates\/landing.php","meta":{"_acf_changed":false,"_relevanssi_hide_post":"","_relevanssi_hide_content":"","_relevanssi_pin_for_all":"","_relevanssi_pin_keywords":"","_relevanssi_unpin_keywords":"","_relevanssi_related_keywords":"","_relevanssi_related_include_ids":"","_relevanssi_related_exclude_ids":"","_relevanssi_related_no_append":"","_relevanssi_related_not_related":"","_relevanssi_related_posts":"","_relevanssi_noindex_reason":"","footnotes":""},"class_list":["post-5449","page","type-page","status-publish","hentry"],"acf":[],"yoast_head":"<!-- This site is optimized with the Yoast SEO plugin v27.3 - https:\/\/yoast.com\/product\/yoast-seo-wordpress\/ -->\n<title>Brokk SmartPower+ - Brokk Sweden<\/title>\n<meta name=\"robots\" content=\"index, follow, max-snippet:-1, max-image-preview:large, max-video-preview:-1\" \/>\n<link rel=\"canonical\" href=\"https:\/\/www.brokk.com\/sv\/brokk-smart-power-plus\/\" \/>\n<meta property=\"og:locale\" content=\"sv_SE\" \/>\n<meta property=\"og:type\" content=\"article\" \/>\n<meta property=\"og:title\" content=\"Brokk SmartPower+ - Brokk Sweden\" \/>\n<meta property=\"og:description\" content=\"Brokk SmartPower+ ger en helt ny inneb\u00f6rd \u00e5t uth\u00e5llighet, med produktivitet och intelligens f\u00f6r o\u00f6vertr\u00e4ffad prestanda p\u00e5 arbetsplatser v\u00e4rlden \u00f6ver. Brokks nya banbrytande innovation ger helt nya m\u00f6jligheter inom fj\u00e4rrstyrd rivningsteknik.\" \/>\n<meta property=\"og:url\" content=\"https:\/\/www.brokk.com\/sv\/brokk-smart-power-plus\/\" \/>\n<meta property=\"og:site_name\" content=\"Brokk Sweden\" \/>\n<meta property=\"article:modified_time\" content=\"2024-07-02T11:40:52+00:00\" \/>\n<meta property=\"og:image\" content=\"https:\/\/www.brokk.com\/sv\/uploads\/sites\/10\/2024\/01\/brokksmartpowerplus-1.jpg\" \/>\n\t<meta property=\"og:image:width\" content=\"2560\" \/>\n\t<meta property=\"og:image:height\" content=\"1096\" \/>\n\t<meta property=\"og:image:type\" content=\"image\/jpeg\" \/>\n<meta name=\"twitter:card\" content=\"summary_large_image\" \/>\n<meta name=\"twitter:label1\" content=\"Ber\u00e4knad l\u00e4stid\" \/>\n\t<meta name=\"twitter:data1\" content=\"5 minuter\" \/>\n<script type=\"application\/ld+json\" class=\"yoast-schema-graph\">{\"@context\":\"https:\\\/\\\/schema.org\",\"@graph\":[{\"@type\":\"WebPage\",\"@id\":\"https:\\\/\\\/www.brokk.com\\\/sv\\\/brokk-smart-power-plus\\\/\",\"url\":\"https:\\\/\\\/www.brokk.com\\\/sv\\\/brokk-smart-power-plus\\\/\",\"name\":\"Brokk SmartPower+ - Brokk Sweden\",\"isPartOf\":{\"@id\":\"https:\\\/\\\/www.brokk.com\\\/sv\\\/#website\"},\"primaryImageOfPage\":{\"@id\":\"https:\\\/\\\/www.brokk.com\\\/sv\\\/brokk-smart-power-plus\\\/#primaryimage\"},\"image\":{\"@id\":\"https:\\\/\\\/www.brokk.com\\\/sv\\\/brokk-smart-power-plus\\\/#primaryimage\"},\"thumbnailUrl\":\"https:\\\/\\\/www.brokk.com\\\/sv\\\/uploads\\\/sites\\\/10\\\/2024\\\/01\\\/sp_hoods-720x480.jpg\",\"datePublished\":\"2024-02-22T10:31:30+00:00\",\"dateModified\":\"2024-07-02T11:40:52+00:00\",\"breadcrumb\":{\"@id\":\"https:\\\/\\\/www.brokk.com\\\/sv\\\/brokk-smart-power-plus\\\/#breadcrumb\"},\"inLanguage\":\"sv-SE\",\"potentialAction\":[{\"@type\":\"ReadAction\",\"target\":[\"https:\\\/\\\/www.brokk.com\\\/sv\\\/brokk-smart-power-plus\\\/\"]}]},{\"@type\":\"ImageObject\",\"inLanguage\":\"sv-SE\",\"@id\":\"https:\\\/\\\/www.brokk.com\\\/sv\\\/brokk-smart-power-plus\\\/#primaryimage\",\"url\":\"https:\\\/\\\/www.brokk.com\\\/sv\\\/uploads\\\/sites\\\/10\\\/2024\\\/01\\\/sp_hoods.jpg\",\"contentUrl\":\"https:\\\/\\\/www.brokk.com\\\/sv\\\/uploads\\\/sites\\\/10\\\/2024\\\/01\\\/sp_hoods.jpg\",\"width\":1440,\"height\":960},{\"@type\":\"BreadcrumbList\",\"@id\":\"https:\\\/\\\/www.brokk.com\\\/sv\\\/brokk-smart-power-plus\\\/#breadcrumb\",\"itemListElement\":[{\"@type\":\"ListItem\",\"position\":1,\"name\":\"Home\",\"item\":\"https:\\\/\\\/www.brokk.com\\\/sv\\\/\"},{\"@type\":\"ListItem\",\"position\":2,\"name\":\"Brokk SmartPower+\"}]},{\"@type\":\"WebSite\",\"@id\":\"https:\\\/\\\/www.brokk.com\\\/sv\\\/#website\",\"url\":\"https:\\\/\\\/www.brokk.com\\\/sv\\\/\",\"name\":\"Brokk Sweden\",\"description\":\"\",\"potentialAction\":[{\"@type\":\"SearchAction\",\"target\":{\"@type\":\"EntryPoint\",\"urlTemplate\":\"https:\\\/\\\/www.brokk.com\\\/sv\\\/?s={search_term_string}\"},\"query-input\":{\"@type\":\"PropertyValueSpecification\",\"valueRequired\":true,\"valueName\":\"search_term_string\"}}],\"inLanguage\":\"sv-SE\"}]}<\/script>\n<!-- \/ Yoast SEO plugin. -->","yoast_head_json":{"title":"Brokk SmartPower+ - Brokk Sweden","robots":{"index":"index","follow":"follow","max-snippet":"max-snippet:-1","max-image-preview":"max-image-preview:large","max-video-preview":"max-video-preview:-1"},"canonical":"https:\/\/www.brokk.com\/sv\/brokk-smart-power-plus\/","og_locale":"sv_SE","og_type":"article","og_title":"Brokk SmartPower+ - Brokk Sweden","og_description":"Brokk SmartPower+ ger en helt ny inneb\u00f6rd \u00e5t uth\u00e5llighet, med produktivitet och intelligens f\u00f6r o\u00f6vertr\u00e4ffad prestanda p\u00e5 arbetsplatser v\u00e4rlden \u00f6ver. Brokks nya banbrytande innovation ger helt nya m\u00f6jligheter inom fj\u00e4rrstyrd rivningsteknik.","og_url":"https:\/\/www.brokk.com\/sv\/brokk-smart-power-plus\/","og_site_name":"Brokk Sweden","article_modified_time":"2024-07-02T11:40:52+00:00","og_image":[{"width":2560,"height":1096,"url":"https:\/\/www.brokk.com\/sv\/uploads\/sites\/10\/2024\/01\/brokksmartpowerplus-1.jpg","type":"image\/jpeg"}],"twitter_card":"summary_large_image","twitter_misc":{"Ber\u00e4knad l\u00e4stid":"5 minuter"},"schema":{"@context":"https:\/\/schema.org","@graph":[{"@type":"WebPage","@id":"https:\/\/www.brokk.com\/sv\/brokk-smart-power-plus\/","url":"https:\/\/www.brokk.com\/sv\/brokk-smart-power-plus\/","name":"Brokk SmartPower+ - Brokk Sweden","isPartOf":{"@id":"https:\/\/www.brokk.com\/sv\/#website"},"primaryImageOfPage":{"@id":"https:\/\/www.brokk.com\/sv\/brokk-smart-power-plus\/#primaryimage"},"image":{"@id":"https:\/\/www.brokk.com\/sv\/brokk-smart-power-plus\/#primaryimage"},"thumbnailUrl":"https:\/\/www.brokk.com\/sv\/uploads\/sites\/10\/2024\/01\/sp_hoods-720x480.jpg","datePublished":"2024-02-22T10:31:30+00:00","dateModified":"2024-07-02T11:40:52+00:00","breadcrumb":{"@id":"https:\/\/www.brokk.com\/sv\/brokk-smart-power-plus\/#breadcrumb"},"inLanguage":"sv-SE","potentialAction":[{"@type":"ReadAction","target":["https:\/\/www.brokk.com\/sv\/brokk-smart-power-plus\/"]}]},{"@type":"ImageObject","inLanguage":"sv-SE","@id":"https:\/\/www.brokk.com\/sv\/brokk-smart-power-plus\/#primaryimage","url":"https:\/\/www.brokk.com\/sv\/uploads\/sites\/10\/2024\/01\/sp_hoods.jpg","contentUrl":"https:\/\/www.brokk.com\/sv\/uploads\/sites\/10\/2024\/01\/sp_hoods.jpg","width":1440,"height":960},{"@type":"BreadcrumbList","@id":"https:\/\/www.brokk.com\/sv\/brokk-smart-power-plus\/#breadcrumb","itemListElement":[{"@type":"ListItem","position":1,"name":"Home","item":"https:\/\/www.brokk.com\/sv\/"},{"@type":"ListItem","position":2,"name":"Brokk SmartPower+"}]},{"@type":"WebSite","@id":"https:\/\/www.brokk.com\/sv\/#website","url":"https:\/\/www.brokk.com\/sv\/","name":"Brokk Sweden","description":"","potentialAction":[{"@type":"SearchAction","target":{"@type":"EntryPoint","urlTemplate":"https:\/\/www.brokk.com\/sv\/?s={search_term_string}"},"query-input":{"@type":"PropertyValueSpecification","valueRequired":true,"valueName":"search_term_string"}}],"inLanguage":"sv-SE"}]}},"_links":{"self":[{"href":"https:\/\/www.brokk.com\/sv\/wp-json\/wp\/v2\/pages\/5449","targetHints":{"allow":["GET"]}}],"collection":[{"href":"https:\/\/www.brokk.com\/sv\/wp-json\/wp\/v2\/pages"}],"about":[{"href":"https:\/\/www.brokk.com\/sv\/wp-json\/wp\/v2\/types\/page"}],"author":[{"embeddable":true,"href":"https:\/\/www.brokk.com\/sv\/wp-json\/wp\/v2\/users\/36"}],"replies":[{"embeddable":true,"href":"https:\/\/www.brokk.com\/sv\/wp-json\/wp\/v2\/comments?post=5449"}],"version-history":[{"count":14,"href":"https:\/\/www.brokk.com\/sv\/wp-json\/wp\/v2\/pages\/5449\/revisions"}],"predecessor-version":[{"id":5726,"href":"https:\/\/www.brokk.com\/sv\/wp-json\/wp\/v2\/pages\/5449\/revisions\/5726"}],"wp:attachment":[{"href":"https:\/\/www.brokk.com\/sv\/wp-json\/wp\/v2\/media?parent=5449"}],"curies":[{"name":"wp","href":"https:\/\/api.w.org\/{rel}","templated":true}]}}