{"id":5968,"date":"2025-04-07T15:42:50","date_gmt":"2025-04-07T13:42:50","guid":{"rendered":"https:\/\/www.brokk.com\/sv\/?page_id=5968"},"modified":"2025-04-07T15:42:50","modified_gmt":"2025-04-07T13:42:50","slug":"brokk-130%e2%81%ba-mer-kraft-hogre-precision-fler-mojligheter","status":"publish","type":"page","link":"https:\/\/www.brokk.com\/sv\/brokk-130%e2%81%ba-mer-kraft-hogre-precision-fler-mojligheter\/","title":{"rendered":"Brokk 130\u207a \u2013 Mer kraft. H\u00f6gre precision. Fler m\u00f6jligheter."},"content":{"rendered":"<h3>Brokk 130<sup>+<\/sup> \u2013 Mer kraft. H\u00f6gre precision. Fler m\u00f6jligheter.<\/h3>\n<p>En helt ny robot s\u00e4tter en helt ny standard. <a href=\"https:\/\/www.brokk.com\/sv\/product\/brokk-130-plus\/\" target=\"_blank\" rel=\"noopener\">BROKK 130\u207a<\/a> \u00e4r byggd fr\u00e5n grunden f\u00f6r att leverera mer kraft, f\u00f6rb\u00e4ttrad h\u00e5llbarhet och o\u00f6vertr\u00e4ffad precision. Med en optimerad hydraulisk drivlina, en f\u00f6rst\u00e4rkt design och intelligensen hos Brokk SmartPower+ tar den kompakt rivning till n\u00e4sta niv\u00e5.<\/p>\n<p>&nbsp;<\/p>\n<div class=\"video-container\"><iframe loading=\"lazy\" title=\"Brokk 130\u207a \u2013 More Power. More Precision. More Possibilities.\" width=\"1024\" height=\"576\" src=\"https:\/\/www.youtube.com\/embed\/cipWgYj07Ic?feature=oembed\" frameborder=\"0\" allow=\"accelerometer; autoplay; clipboard-write; encrypted-media; gyroscope; picture-in-picture; web-share\" referrerpolicy=\"strict-origin-when-cross-origin\" allowfullscreen><\/iframe><\/div>\n<p>&nbsp;<\/p>\n<h2>Sl\u00e4pp loss mer kraft<\/h2>\n<p>Brokk 130\u207a \u00e4r designad f\u00f6r maximal effektivitet och kraft. Tack vare en optimerad hydraulisk drivlina ger den st\u00f6rre brytkraft med samma energitillf\u00f6rsel, vilket s\u00e4tter ett nytt riktm\u00e4rke f\u00f6r rivning. Varje r\u00f6relse \u00e4r mer kontrollerad, varje \u00e5tg\u00e4rd mer kraftfull och varje uppgift mer produktiv. Detta inneb\u00e4r mindre energisl\u00f6seri, h\u00f6gre effekt och o\u00f6vertr\u00e4ffad rivningsprestanda \u2013 allt i ett kompakt kraftpaket.<\/p>\n<ul>\n<li><strong>40\u201360 % h\u00f6gre produktivitet \u2013 <\/strong>St\u00f6rre effektivitet med f\u00f6rb\u00e4ttrad hydrauleffekt, ger mer kraft utan \u00f6kad energif\u00f6rbrukning.<\/li>\n<li><strong>Optimerad energiomvandling \u2013 <\/strong>Mindre energisl\u00f6seri, mer produktivitet.<\/li>\n<li><strong>Ny motor, pump och hydraulventil \u2013<\/strong> Konstruerad f\u00f6r topprestanda.<\/li>\n<\/ul>\n<p><img loading=\"lazy\" decoding=\"async\" class=\"size-full wp-image-5047 aligncenter\" src=\"https:\/\/www.brokk.com\/uploads\/2025\/03\/r6__9970-green-lights.jpg\" alt=\"\" width=\"1440\" height=\"960\" \/><\/p>\n<p>&nbsp;<\/p>\n<h2>En hydraulhammare byggd f\u00f6r effekt<\/h2>\n<p>Kraft beh\u00f6ver precision, och BHB 175 hydraulhammare \u00e4r designad f\u00f6r att noggrant matcha Brokk 130\u207a. Med 20 % mer slagkraft och 40 % h\u00f6gre st\u00f6tfrekvens maximerar den brytkraft och produktivitet. BHB 175 \u00e4r utvecklad speciellt f\u00f6r Brokk 130\u207a och s\u00e4kerst\u00e4ller s\u00f6ml\u00f6s integration och levererar konsekventa, h\u00f6gpresterande resultat med varje slag.<\/p>\n<ul>\n<li><strong>20 % mer slagkraft \u2013<\/strong> \u00d6kad rivningskraft.<\/li>\n<li><strong>40 % h\u00f6gre st\u00f6tfrekvens \u2013<\/strong> Snabbare, effektivare brytning.<\/li>\n<li><strong>Optimerad hydraulisk effekt \u2013<\/strong> Designad f\u00f6r maximal prestanda med Brokk 130\u207a.<\/li>\n<\/ul>\n<p><img loading=\"lazy\" decoding=\"async\" class=\"size-full wp-image-5924 aligncenter\" style=\"background-color: #ffffff; font-size: 16px; width: 818px;\" src=\"https:\/\/www.brokk.com\/sv\/uploads\/sites\/10\/2025\/04\/r6__1172.jpg\" alt=\"\" width=\"1440\" height=\"960\" srcset=\"https:\/\/www.brokk.com\/sv\/uploads\/sites\/10\/2025\/04\/r6__1172.jpg 1440w, https:\/\/www.brokk.com\/sv\/uploads\/sites\/10\/2025\/04\/r6__1172-720x480.jpg 720w, https:\/\/www.brokk.com\/sv\/uploads\/sites\/10\/2025\/04\/r6__1172-1280x853.jpg 1280w, https:\/\/www.brokk.com\/sv\/uploads\/sites\/10\/2025\/04\/r6__1172-420x280.jpg 420w, https:\/\/www.brokk.com\/sv\/uploads\/sites\/10\/2025\/04\/r6__1172-768x512.jpg 768w, https:\/\/www.brokk.com\/sv\/uploads\/sites\/10\/2025\/04\/r6__1172-480x320.jpg 480w, https:\/\/www.brokk.com\/sv\/uploads\/sites\/10\/2025\/04\/r6__1172-48x32.jpg 48w\" sizes=\"auto, (max-width: 1440px) 100vw, 1440px\" \/><\/p>\n<p>&nbsp;<\/p>\n<h2><strong>Brokk SmartPower+ \u2013 I<\/strong>ntelligens m\u00f6ter prestanda<\/h2>\n<p>Med <a href=\"https:\/\/www.brokk.com\/sv\/brokk-smart-power-plus\/\" target=\"_blank\" rel=\"noopener\">BROKK SMARTPOWER+<\/a> optimerar Brokk 130\u207a str\u00f6mf\u00f6rdelningen f\u00f6r att s\u00e4kerst\u00e4lla h\u00f6gsta prestanda och effektivitet. Varje funktion, fr\u00e5n hydraulisk styrning till energifl\u00f6de, hanteras intelligent f\u00f6r att maximera effekten samtidigt som nyckelkomponenter skyddas. Systemet justeras i realtid, f\u00f6rhindrar \u00f6verbelastning, minskar on\u00f6digt slitage och \u00f6kar drifttiden. H\u00f6gre precision, mer respons och mer kontroll \u2013 vilket g\u00f6r att f\u00f6rare kan arbeta smartare, snabbare och med st\u00f6rre f\u00f6rtroende.<\/p>\n<ul>\n<li><strong>Effektoptimering i realtid \u2013<\/strong> S\u00e4kerst\u00e4ller effektivitet och f\u00f6rhindrar \u00f6verbelastning.<\/li>\n<li><strong>F\u00f6rb\u00e4ttrad energieffektivitet \u2013<\/strong> Mer arbete, mindre v\u00e4rmef\u00f6rlust.<\/li>\n<li><strong>\u00d6kad drifttid \u2013 <\/strong>Smartare energihantering f\u00f6rl\u00e4nger maskinens livsl\u00e4ngd.<\/li>\n<\/ul>\n<p><a href=\"https:\/\/www.brokk.com\/sv\/uploads\/sites\/10\/2025\/04\/r6__9964.jpg\"><img loading=\"lazy\" decoding=\"async\" class=\"size-full wp-image-5920 aligncenter\" src=\"https:\/\/www.brokk.com\/sv\/uploads\/sites\/10\/2025\/04\/r6__9964.jpg\" alt=\"\" width=\"1440\" height=\"960\" srcset=\"https:\/\/www.brokk.com\/sv\/uploads\/sites\/10\/2025\/04\/r6__9964.jpg 1440w, https:\/\/www.brokk.com\/sv\/uploads\/sites\/10\/2025\/04\/r6__9964-720x480.jpg 720w, https:\/\/www.brokk.com\/sv\/uploads\/sites\/10\/2025\/04\/r6__9964-1280x853.jpg 1280w, https:\/\/www.brokk.com\/sv\/uploads\/sites\/10\/2025\/04\/r6__9964-420x280.jpg 420w, https:\/\/www.brokk.com\/sv\/uploads\/sites\/10\/2025\/04\/r6__9964-768x512.jpg 768w, https:\/\/www.brokk.com\/sv\/uploads\/sites\/10\/2025\/04\/r6__9964-480x320.jpg 480w, https:\/\/www.brokk.com\/sv\/uploads\/sites\/10\/2025\/04\/r6__9964-48x32.jpg 48w\" sizes=\"auto, (max-width: 1440px) 100vw, 1440px\" \/><\/a><\/p>\n","protected":false},"excerpt":{"rendered":"<p>Mer kraft. Mer precision. Fler m\u00f6jligheter. Brokk 130\u207a \u00e4r konstruerad f\u00f6r framtidens rivning \u2013 starkare, smartare och byggd f\u00f6r att t\u00e4nja p\u00e5 gr\u00e4nser.<\/p>\n","protected":false},"author":46,"featured_media":5919,"parent":0,"menu_order":4,"comment_status":"closed","ping_status":"closed","template":"page-templates\/campaign.php","meta":{"_acf_changed":false,"_relevanssi_hide_post":"","_relevanssi_hide_content":"","_relevanssi_pin_for_all":"","_relevanssi_pin_keywords":"","_relevanssi_unpin_keywords":"","_relevanssi_related_keywords":"","_relevanssi_related_include_ids":"","_relevanssi_related_exclude_ids":"","_relevanssi_related_no_append":"","_relevanssi_related_not_related":"","_relevanssi_related_posts":"","_relevanssi_noindex_reason":"","footnotes":""},"class_list":["post-5968","page","type-page","status-publish","has-post-thumbnail","hentry"],"acf":[],"yoast_head":"<!-- This site is optimized with the Yoast SEO plugin v27.3 - https:\/\/yoast.com\/product\/yoast-seo-wordpress\/ -->\n<title>Brokk 130\u207a \u2013 Mer kraft. H\u00f6gre precision. Fler m\u00f6jligheter. - Brokk Sweden<\/title>\n<meta name=\"robots\" content=\"index, follow, max-snippet:-1, max-image-preview:large, max-video-preview:-1\" \/>\n<link rel=\"canonical\" href=\"https:\/\/www.brokk.com\/sv\/brokk-130%e2%81%ba-mer-kraft-hogre-precision-fler-mojligheter\/\" \/>\n<meta property=\"og:locale\" content=\"sv_SE\" \/>\n<meta property=\"og:type\" content=\"article\" \/>\n<meta property=\"og:title\" content=\"Brokk 130\u207a \u2013 Mer kraft. H\u00f6gre precision. Fler m\u00f6jligheter. - Brokk Sweden\" \/>\n<meta property=\"og:description\" content=\"Mer kraft. Mer precision. Fler m\u00f6jligheter. Brokk 130\u207a \u00e4r konstruerad f\u00f6r framtidens rivning \u2013 starkare, smartare och byggd f\u00f6r att t\u00e4nja p\u00e5 gr\u00e4nser.\" \/>\n<meta property=\"og:url\" content=\"https:\/\/www.brokk.com\/sv\/brokk-130%e2%81%ba-mer-kraft-hogre-precision-fler-mojligheter\/\" \/>\n<meta property=\"og:site_name\" content=\"Brokk Sweden\" \/>\n<meta property=\"og:image\" content=\"https:\/\/www.brokk.com\/sv\/uploads\/sites\/10\/2025\/04\/brokk130-_construction_operator_text.jpg\" \/>\n\t<meta property=\"og:image:width\" content=\"1280\" \/>\n\t<meta property=\"og:image:height\" content=\"800\" \/>\n\t<meta property=\"og:image:type\" content=\"image\/jpeg\" \/>\n<meta name=\"twitter:card\" content=\"summary_large_image\" \/>\n<meta name=\"twitter:label1\" content=\"Ber\u00e4knad l\u00e4stid\" \/>\n\t<meta name=\"twitter:data1\" content=\"2 minuter\" \/>\n<script type=\"application\/ld+json\" class=\"yoast-schema-graph\">{\"@context\":\"https:\\\/\\\/schema.org\",\"@graph\":[{\"@type\":\"WebPage\",\"@id\":\"https:\\\/\\\/www.brokk.com\\\/sv\\\/brokk-130%e2%81%ba-mer-kraft-hogre-precision-fler-mojligheter\\\/\",\"url\":\"https:\\\/\\\/www.brokk.com\\\/sv\\\/brokk-130%e2%81%ba-mer-kraft-hogre-precision-fler-mojligheter\\\/\",\"name\":\"Brokk 130\u207a \u2013 Mer kraft. H\u00f6gre precision. Fler m\u00f6jligheter. - Brokk Sweden\",\"isPartOf\":{\"@id\":\"https:\\\/\\\/www.brokk.com\\\/sv\\\/#website\"},\"primaryImageOfPage\":{\"@id\":\"https:\\\/\\\/www.brokk.com\\\/sv\\\/brokk-130%e2%81%ba-mer-kraft-hogre-precision-fler-mojligheter\\\/#primaryimage\"},\"image\":{\"@id\":\"https:\\\/\\\/www.brokk.com\\\/sv\\\/brokk-130%e2%81%ba-mer-kraft-hogre-precision-fler-mojligheter\\\/#primaryimage\"},\"thumbnailUrl\":\"https:\\\/\\\/www.brokk.com\\\/sv\\\/uploads\\\/sites\\\/10\\\/2025\\\/04\\\/brokk130-_construction_operator_text.jpg\",\"datePublished\":\"2025-04-07T13:42:50+00:00\",\"breadcrumb\":{\"@id\":\"https:\\\/\\\/www.brokk.com\\\/sv\\\/brokk-130%e2%81%ba-mer-kraft-hogre-precision-fler-mojligheter\\\/#breadcrumb\"},\"inLanguage\":\"sv-SE\",\"potentialAction\":[{\"@type\":\"ReadAction\",\"target\":[\"https:\\\/\\\/www.brokk.com\\\/sv\\\/brokk-130%e2%81%ba-mer-kraft-hogre-precision-fler-mojligheter\\\/\"]}]},{\"@type\":\"ImageObject\",\"inLanguage\":\"sv-SE\",\"@id\":\"https:\\\/\\\/www.brokk.com\\\/sv\\\/brokk-130%e2%81%ba-mer-kraft-hogre-precision-fler-mojligheter\\\/#primaryimage\",\"url\":\"https:\\\/\\\/www.brokk.com\\\/sv\\\/uploads\\\/sites\\\/10\\\/2025\\\/04\\\/brokk130-_construction_operator_text.jpg\",\"contentUrl\":\"https:\\\/\\\/www.brokk.com\\\/sv\\\/uploads\\\/sites\\\/10\\\/2025\\\/04\\\/brokk130-_construction_operator_text.jpg\",\"width\":1280,\"height\":800},{\"@type\":\"BreadcrumbList\",\"@id\":\"https:\\\/\\\/www.brokk.com\\\/sv\\\/brokk-130%e2%81%ba-mer-kraft-hogre-precision-fler-mojligheter\\\/#breadcrumb\",\"itemListElement\":[{\"@type\":\"ListItem\",\"position\":1,\"name\":\"Home\",\"item\":\"https:\\\/\\\/www.brokk.com\\\/sv\\\/\"},{\"@type\":\"ListItem\",\"position\":2,\"name\":\"Brokk 130\u207a \u2013 Mer kraft. H\u00f6gre precision. Fler m\u00f6jligheter.\"}]},{\"@type\":\"WebSite\",\"@id\":\"https:\\\/\\\/www.brokk.com\\\/sv\\\/#website\",\"url\":\"https:\\\/\\\/www.brokk.com\\\/sv\\\/\",\"name\":\"Brokk Sweden\",\"description\":\"\",\"potentialAction\":[{\"@type\":\"SearchAction\",\"target\":{\"@type\":\"EntryPoint\",\"urlTemplate\":\"https:\\\/\\\/www.brokk.com\\\/sv\\\/?s={search_term_string}\"},\"query-input\":{\"@type\":\"PropertyValueSpecification\",\"valueRequired\":true,\"valueName\":\"search_term_string\"}}],\"inLanguage\":\"sv-SE\"}]}<\/script>\n<!-- \/ Yoast SEO plugin. -->","yoast_head_json":{"title":"Brokk 130\u207a \u2013 Mer kraft. H\u00f6gre precision. Fler m\u00f6jligheter. - Brokk Sweden","robots":{"index":"index","follow":"follow","max-snippet":"max-snippet:-1","max-image-preview":"max-image-preview:large","max-video-preview":"max-video-preview:-1"},"canonical":"https:\/\/www.brokk.com\/sv\/brokk-130%e2%81%ba-mer-kraft-hogre-precision-fler-mojligheter\/","og_locale":"sv_SE","og_type":"article","og_title":"Brokk 130\u207a \u2013 Mer kraft. H\u00f6gre precision. Fler m\u00f6jligheter. - Brokk Sweden","og_description":"Mer kraft. Mer precision. Fler m\u00f6jligheter. Brokk 130\u207a \u00e4r konstruerad f\u00f6r framtidens rivning \u2013 starkare, smartare och byggd f\u00f6r att t\u00e4nja p\u00e5 gr\u00e4nser.","og_url":"https:\/\/www.brokk.com\/sv\/brokk-130%e2%81%ba-mer-kraft-hogre-precision-fler-mojligheter\/","og_site_name":"Brokk Sweden","og_image":[{"width":1280,"height":800,"url":"https:\/\/www.brokk.com\/sv\/uploads\/sites\/10\/2025\/04\/brokk130-_construction_operator_text.jpg","type":"image\/jpeg"}],"twitter_card":"summary_large_image","twitter_misc":{"Ber\u00e4knad l\u00e4stid":"2 minuter"},"schema":{"@context":"https:\/\/schema.org","@graph":[{"@type":"WebPage","@id":"https:\/\/www.brokk.com\/sv\/brokk-130%e2%81%ba-mer-kraft-hogre-precision-fler-mojligheter\/","url":"https:\/\/www.brokk.com\/sv\/brokk-130%e2%81%ba-mer-kraft-hogre-precision-fler-mojligheter\/","name":"Brokk 130\u207a \u2013 Mer kraft. H\u00f6gre precision. Fler m\u00f6jligheter. - Brokk Sweden","isPartOf":{"@id":"https:\/\/www.brokk.com\/sv\/#website"},"primaryImageOfPage":{"@id":"https:\/\/www.brokk.com\/sv\/brokk-130%e2%81%ba-mer-kraft-hogre-precision-fler-mojligheter\/#primaryimage"},"image":{"@id":"https:\/\/www.brokk.com\/sv\/brokk-130%e2%81%ba-mer-kraft-hogre-precision-fler-mojligheter\/#primaryimage"},"thumbnailUrl":"https:\/\/www.brokk.com\/sv\/uploads\/sites\/10\/2025\/04\/brokk130-_construction_operator_text.jpg","datePublished":"2025-04-07T13:42:50+00:00","breadcrumb":{"@id":"https:\/\/www.brokk.com\/sv\/brokk-130%e2%81%ba-mer-kraft-hogre-precision-fler-mojligheter\/#breadcrumb"},"inLanguage":"sv-SE","potentialAction":[{"@type":"ReadAction","target":["https:\/\/www.brokk.com\/sv\/brokk-130%e2%81%ba-mer-kraft-hogre-precision-fler-mojligheter\/"]}]},{"@type":"ImageObject","inLanguage":"sv-SE","@id":"https:\/\/www.brokk.com\/sv\/brokk-130%e2%81%ba-mer-kraft-hogre-precision-fler-mojligheter\/#primaryimage","url":"https:\/\/www.brokk.com\/sv\/uploads\/sites\/10\/2025\/04\/brokk130-_construction_operator_text.jpg","contentUrl":"https:\/\/www.brokk.com\/sv\/uploads\/sites\/10\/2025\/04\/brokk130-_construction_operator_text.jpg","width":1280,"height":800},{"@type":"BreadcrumbList","@id":"https:\/\/www.brokk.com\/sv\/brokk-130%e2%81%ba-mer-kraft-hogre-precision-fler-mojligheter\/#breadcrumb","itemListElement":[{"@type":"ListItem","position":1,"name":"Home","item":"https:\/\/www.brokk.com\/sv\/"},{"@type":"ListItem","position":2,"name":"Brokk 130\u207a \u2013 Mer kraft. H\u00f6gre precision. Fler m\u00f6jligheter."}]},{"@type":"WebSite","@id":"https:\/\/www.brokk.com\/sv\/#website","url":"https:\/\/www.brokk.com\/sv\/","name":"Brokk Sweden","description":"","potentialAction":[{"@type":"SearchAction","target":{"@type":"EntryPoint","urlTemplate":"https:\/\/www.brokk.com\/sv\/?s={search_term_string}"},"query-input":{"@type":"PropertyValueSpecification","valueRequired":true,"valueName":"search_term_string"}}],"inLanguage":"sv-SE"}]}},"_links":{"self":[{"href":"https:\/\/www.brokk.com\/sv\/wp-json\/wp\/v2\/pages\/5968","targetHints":{"allow":["GET"]}}],"collection":[{"href":"https:\/\/www.brokk.com\/sv\/wp-json\/wp\/v2\/pages"}],"about":[{"href":"https:\/\/www.brokk.com\/sv\/wp-json\/wp\/v2\/types\/page"}],"author":[{"embeddable":true,"href":"https:\/\/www.brokk.com\/sv\/wp-json\/wp\/v2\/users\/46"}],"replies":[{"embeddable":true,"href":"https:\/\/www.brokk.com\/sv\/wp-json\/wp\/v2\/comments?post=5968"}],"version-history":[{"count":1,"href":"https:\/\/www.brokk.com\/sv\/wp-json\/wp\/v2\/pages\/5968\/revisions"}],"predecessor-version":[{"id":5970,"href":"https:\/\/www.brokk.com\/sv\/wp-json\/wp\/v2\/pages\/5968\/revisions\/5970"}],"wp:featuredmedia":[{"embeddable":true,"href":"https:\/\/www.brokk.com\/sv\/wp-json\/wp\/v2\/media\/5919"}],"wp:attachment":[{"href":"https:\/\/www.brokk.com\/sv\/wp-json\/wp\/v2\/media?parent=5968"}],"curies":[{"name":"wp","href":"https:\/\/api.w.org\/{rel}","templated":true}]}}