{"id":6116,"date":"2025-07-02T12:53:20","date_gmt":"2025-07-02T10:53:20","guid":{"rendered":"https:\/\/www.brokk.com\/sv\/?page_id=6116"},"modified":"2025-07-02T12:53:20","modified_gmt":"2025-07-02T10:53:20","slug":"brokk-vs-gravmaskiner","status":"publish","type":"page","link":"https:\/\/www.brokk.com\/sv\/brokk-vs-gravmaskiner\/","title":{"rendered":"Brokk vs. gr\u00e4vmaskiner"},"content":{"rendered":"<p>I \u00e5ratal har Brokk varit k\u00e4nt f\u00f6r att ha de h\u00e5rdast sl\u00e5ende maskinerna p\u00e5 marknaden. V\u00e5ra robotar \u00e4r designade f\u00f6r rivning, inte gr\u00e4vning, skillnaden \u00e4r att v\u00e5ra maskiner kan b\u00e4ra st\u00f6rre verktyg och anv\u00e4nda mer kraft \u00e4n gr\u00e4vmaskiner. Oavsett om det \u00e4r hammare eller betongsaxar \u00e4r skillnaden tydlig: Brokk-robotar \u00e4r \u00f6verl\u00e4gsna.<\/p>\n<p>P\u00e5 grund av sin ringa storlek kan Brokk-robotar komma in i omr\u00e5den d\u00e4r gr\u00e4vmaskiner inte f\u00e5r plats och med ett brett utbud av modeller och tillbeh\u00f6r har Brokk l\u00f6sningen f\u00f6r alla problem.<\/p>\n<p>Dessutom drivs flertal av Brokks maskiner med el, vilket g\u00f6r dem mer p\u00e5litliga, kostnadseffektiva, enkla att underh\u00e5lla och utsl\u00e4ppsfria.<\/p>\n<p>Foto: Excavator vs. Brokk Reach Diagrams<\/p>\n<div id='gallery-1' class='gallery galleryid-6116 gallery-columns-3 gallery-size-thumbnail'><figure class='gallery-item'>\n\t\t\t<div class='gallery-icon portrait'>\n\t\t\t\t<a href='https:\/\/www.brokk.com\/sv\/brokk-vs-gravmaskiner\/attachment\/brokk170-reach-3-2\/'><img loading=\"lazy\" decoding=\"async\" width=\"420\" height=\"280\" src=\"https:\/\/www.brokk.com\/sv\/uploads\/sites\/10\/2025\/06\/brokk170-reach-2-420x280.png\" class=\"attachment-thumbnail size-thumbnail\" alt=\"\" \/><\/a>\n\t\t\t<\/div><\/figure><figure class='gallery-item'>\n\t\t\t<div class='gallery-icon landscape'>\n\t\t\t\t<a href='https:\/\/www.brokk.com\/sv\/doosan_1-2\/'><img loading=\"lazy\" decoding=\"async\" width=\"420\" height=\"280\" src=\"https:\/\/www.brokk.com\/sv\/uploads\/sites\/10\/2025\/06\/doosan_1-420x280.png\" class=\"attachment-thumbnail size-thumbnail\" alt=\"\" \/><\/a>\n\t\t\t<\/div><\/figure>\n\t\t<\/div>\n\n","protected":false},"excerpt":{"rendered":"<p>V\u00e5ra robotar \u00e4r designade f\u00f6r rivning, inte gr\u00e4vning, skillnaden \u00e4r att v\u00e5ra maskiner kan b\u00e4ra st\u00f6rre verktyg och anv\u00e4nda mer kraft \u00e4n gr\u00e4vmaskiner. Oavsett om det \u00e4r hammare eller betongsaxar \u00e4r skillnaden tydlig: Brokk-robotar \u00e4r \u00f6verl\u00e4gsna.<\/p>\n","protected":false},"author":36,"featured_media":0,"parent":0,"menu_order":40,"comment_status":"closed","ping_status":"closed","template":"","meta":{"_acf_changed":false,"_relevanssi_hide_post":"","_relevanssi_hide_content":"","_relevanssi_pin_for_all":"","_relevanssi_pin_keywords":"","_relevanssi_unpin_keywords":"","_relevanssi_related_keywords":"","_relevanssi_related_include_ids":"","_relevanssi_related_exclude_ids":"","_relevanssi_related_no_append":"","_relevanssi_related_not_related":"","_relevanssi_related_posts":"","_relevanssi_noindex_reason":"","footnotes":""},"class_list":["post-6116","page","type-page","status-publish","hentry"],"acf":[],"yoast_head":"<!-- This site is optimized with the Yoast SEO plugin v27.3 - https:\/\/yoast.com\/product\/yoast-seo-wordpress\/ -->\n<title>Brokk vs. gr\u00e4vmaskiner - Brokk Sweden<\/title>\n<meta name=\"robots\" content=\"index, follow, max-snippet:-1, max-image-preview:large, max-video-preview:-1\" \/>\n<link rel=\"canonical\" href=\"https:\/\/www.brokk.com\/sv\/brokk-vs-gravmaskiner\/\" \/>\n<meta property=\"og:locale\" content=\"sv_SE\" \/>\n<meta property=\"og:type\" content=\"article\" \/>\n<meta property=\"og:title\" content=\"Brokk vs. gr\u00e4vmaskiner - Brokk Sweden\" \/>\n<meta property=\"og:description\" content=\"V\u00e5ra robotar \u00e4r designade f\u00f6r rivning, inte gr\u00e4vning, skillnaden \u00e4r att v\u00e5ra maskiner kan b\u00e4ra st\u00f6rre verktyg och anv\u00e4nda mer kraft \u00e4n gr\u00e4vmaskiner. Oavsett om det \u00e4r hammare eller betongsaxar \u00e4r skillnaden tydlig: Brokk-robotar \u00e4r \u00f6verl\u00e4gsna.\" \/>\n<meta property=\"og:url\" content=\"https:\/\/www.brokk.com\/sv\/brokk-vs-gravmaskiner\/\" \/>\n<meta property=\"og:site_name\" content=\"Brokk Sweden\" \/>\n<meta property=\"og:image\" content=\"https:\/\/www.brokk.com\/sv\/uploads\/sites\/10\/2025\/06\/brokk170-reach-2-420x280.png\" \/>\n<meta name=\"twitter:card\" content=\"summary_large_image\" \/>\n<meta name=\"twitter:label1\" content=\"Ber\u00e4knad l\u00e4stid\" \/>\n\t<meta name=\"twitter:data1\" content=\"1 minut\" \/>\n<script type=\"application\/ld+json\" class=\"yoast-schema-graph\">{\"@context\":\"https:\\\/\\\/schema.org\",\"@graph\":[{\"@type\":\"WebPage\",\"@id\":\"https:\\\/\\\/www.brokk.com\\\/sv\\\/brokk-vs-gravmaskiner\\\/\",\"url\":\"https:\\\/\\\/www.brokk.com\\\/sv\\\/brokk-vs-gravmaskiner\\\/\",\"name\":\"Brokk vs. gr\u00e4vmaskiner - Brokk Sweden\",\"isPartOf\":{\"@id\":\"https:\\\/\\\/www.brokk.com\\\/sv\\\/#website\"},\"datePublished\":\"2025-07-02T10:53:20+00:00\",\"breadcrumb\":{\"@id\":\"https:\\\/\\\/www.brokk.com\\\/sv\\\/brokk-vs-gravmaskiner\\\/#breadcrumb\"},\"inLanguage\":\"sv-SE\",\"potentialAction\":[{\"@type\":\"ReadAction\",\"target\":[\"https:\\\/\\\/www.brokk.com\\\/sv\\\/brokk-vs-gravmaskiner\\\/\"]}]},{\"@type\":\"BreadcrumbList\",\"@id\":\"https:\\\/\\\/www.brokk.com\\\/sv\\\/brokk-vs-gravmaskiner\\\/#breadcrumb\",\"itemListElement\":[{\"@type\":\"ListItem\",\"position\":1,\"name\":\"Home\",\"item\":\"https:\\\/\\\/www.brokk.com\\\/sv\\\/\"},{\"@type\":\"ListItem\",\"position\":2,\"name\":\"Brokk vs. gr\u00e4vmaskiner\"}]},{\"@type\":\"WebSite\",\"@id\":\"https:\\\/\\\/www.brokk.com\\\/sv\\\/#website\",\"url\":\"https:\\\/\\\/www.brokk.com\\\/sv\\\/\",\"name\":\"Brokk Sweden\",\"description\":\"\",\"potentialAction\":[{\"@type\":\"SearchAction\",\"target\":{\"@type\":\"EntryPoint\",\"urlTemplate\":\"https:\\\/\\\/www.brokk.com\\\/sv\\\/?s={search_term_string}\"},\"query-input\":{\"@type\":\"PropertyValueSpecification\",\"valueRequired\":true,\"valueName\":\"search_term_string\"}}],\"inLanguage\":\"sv-SE\"}]}<\/script>\n<!-- \/ Yoast SEO plugin. -->","yoast_head_json":{"title":"Brokk vs. gr\u00e4vmaskiner - Brokk Sweden","robots":{"index":"index","follow":"follow","max-snippet":"max-snippet:-1","max-image-preview":"max-image-preview:large","max-video-preview":"max-video-preview:-1"},"canonical":"https:\/\/www.brokk.com\/sv\/brokk-vs-gravmaskiner\/","og_locale":"sv_SE","og_type":"article","og_title":"Brokk vs. gr\u00e4vmaskiner - Brokk Sweden","og_description":"V\u00e5ra robotar \u00e4r designade f\u00f6r rivning, inte gr\u00e4vning, skillnaden \u00e4r att v\u00e5ra maskiner kan b\u00e4ra st\u00f6rre verktyg och anv\u00e4nda mer kraft \u00e4n gr\u00e4vmaskiner. Oavsett om det \u00e4r hammare eller betongsaxar \u00e4r skillnaden tydlig: Brokk-robotar \u00e4r \u00f6verl\u00e4gsna.","og_url":"https:\/\/www.brokk.com\/sv\/brokk-vs-gravmaskiner\/","og_site_name":"Brokk Sweden","og_image":[{"url":"https:\/\/www.brokk.com\/sv\/uploads\/sites\/10\/2025\/06\/brokk170-reach-2-420x280.png","type":"","width":"","height":""}],"twitter_card":"summary_large_image","twitter_misc":{"Ber\u00e4knad l\u00e4stid":"1 minut"},"schema":{"@context":"https:\/\/schema.org","@graph":[{"@type":"WebPage","@id":"https:\/\/www.brokk.com\/sv\/brokk-vs-gravmaskiner\/","url":"https:\/\/www.brokk.com\/sv\/brokk-vs-gravmaskiner\/","name":"Brokk vs. gr\u00e4vmaskiner - Brokk Sweden","isPartOf":{"@id":"https:\/\/www.brokk.com\/sv\/#website"},"datePublished":"2025-07-02T10:53:20+00:00","breadcrumb":{"@id":"https:\/\/www.brokk.com\/sv\/brokk-vs-gravmaskiner\/#breadcrumb"},"inLanguage":"sv-SE","potentialAction":[{"@type":"ReadAction","target":["https:\/\/www.brokk.com\/sv\/brokk-vs-gravmaskiner\/"]}]},{"@type":"BreadcrumbList","@id":"https:\/\/www.brokk.com\/sv\/brokk-vs-gravmaskiner\/#breadcrumb","itemListElement":[{"@type":"ListItem","position":1,"name":"Home","item":"https:\/\/www.brokk.com\/sv\/"},{"@type":"ListItem","position":2,"name":"Brokk vs. gr\u00e4vmaskiner"}]},{"@type":"WebSite","@id":"https:\/\/www.brokk.com\/sv\/#website","url":"https:\/\/www.brokk.com\/sv\/","name":"Brokk Sweden","description":"","potentialAction":[{"@type":"SearchAction","target":{"@type":"EntryPoint","urlTemplate":"https:\/\/www.brokk.com\/sv\/?s={search_term_string}"},"query-input":{"@type":"PropertyValueSpecification","valueRequired":true,"valueName":"search_term_string"}}],"inLanguage":"sv-SE"}]}},"_links":{"self":[{"href":"https:\/\/www.brokk.com\/sv\/wp-json\/wp\/v2\/pages\/6116","targetHints":{"allow":["GET"]}}],"collection":[{"href":"https:\/\/www.brokk.com\/sv\/wp-json\/wp\/v2\/pages"}],"about":[{"href":"https:\/\/www.brokk.com\/sv\/wp-json\/wp\/v2\/types\/page"}],"author":[{"embeddable":true,"href":"https:\/\/www.brokk.com\/sv\/wp-json\/wp\/v2\/users\/36"}],"replies":[{"embeddable":true,"href":"https:\/\/www.brokk.com\/sv\/wp-json\/wp\/v2\/comments?post=6116"}],"version-history":[{"count":1,"href":"https:\/\/www.brokk.com\/sv\/wp-json\/wp\/v2\/pages\/6116\/revisions"}],"predecessor-version":[{"id":6117,"href":"https:\/\/www.brokk.com\/sv\/wp-json\/wp\/v2\/pages\/6116\/revisions\/6117"}],"wp:attachment":[{"href":"https:\/\/www.brokk.com\/sv\/wp-json\/wp\/v2\/media?parent=6116"}],"curies":[{"name":"wp","href":"https:\/\/api.w.org\/{rel}","templated":true}]}}