{"id":6118,"date":"2025-07-02T12:55:33","date_gmt":"2025-07-02T10:55:33","guid":{"rendered":"https:\/\/www.brokk.com\/sv\/?page_id=6118"},"modified":"2025-07-02T12:55:33","modified_gmt":"2025-07-02T10:55:33","slug":"brokk-vs-manuell-bilning","status":"publish","type":"page","link":"https:\/\/www.brokk.com\/sv\/brokk-vs-manuell-bilning\/","title":{"rendered":"Brokk vs. manuell bilning"},"content":{"rendered":"<p>Manuell bilning \u00e4r k\u00e4nt f\u00f6r att vara skadligt f\u00f6r operat\u00f6rens h\u00e4lsa genom att till exempel orsaka \u201dvita fingrar\u201d, en form av Reynauds syndrom som utl\u00f6ses av exponering f\u00f6r vibrationer. Brokk erbjuder de minsta fj\u00e4rrstyrda rivningsrobotarna p\u00e5 marknaden, vilket g\u00f6r att v\u00e5ra robotar kan komma in i omr\u00e5den d\u00e4r tidigare bara m\u00e4nniskor kunde komma in.<\/p>\n<p>Med en Brokk \u00e4r behovet av manuell bilning praktiskt taget eliminerat. \u00c4ven den minsta Brokk-robot kan enkelt ers\u00e4tta 5-6 arbetare med manuella verktyg.<\/p>\n<p><img loading=\"lazy\" decoding=\"async\" class=\"alignnone size-medium wp-image-6102\" src=\"https:\/\/www.brokk.com\/sv\/uploads\/sites\/10\/2025\/06\/brokk-vs-jackhammer_1-720x362.png\" alt=\"\" width=\"720\" height=\"362\" srcset=\"https:\/\/www.brokk.com\/sv\/uploads\/sites\/10\/2025\/06\/brokk-vs-jackhammer_1-720x362.png 720w, https:\/\/www.brokk.com\/sv\/uploads\/sites\/10\/2025\/06\/brokk-vs-jackhammer_1-1280x644.png 1280w, https:\/\/www.brokk.com\/sv\/uploads\/sites\/10\/2025\/06\/brokk-vs-jackhammer_1-768x386.png 768w, https:\/\/www.brokk.com\/sv\/uploads\/sites\/10\/2025\/06\/brokk-vs-jackhammer_1-1536x772.png 1536w, https:\/\/www.brokk.com\/sv\/uploads\/sites\/10\/2025\/06\/brokk-vs-jackhammer_1-480x241.png 480w, https:\/\/www.brokk.com\/sv\/uploads\/sites\/10\/2025\/06\/brokk-vs-jackhammer_1-48x24.png 48w, https:\/\/www.brokk.com\/sv\/uploads\/sites\/10\/2025\/06\/brokk-vs-jackhammer_1.png 1539w\" sizes=\"auto, (max-width: 720px) 100vw, 720px\" \/><\/p>\n","protected":false},"excerpt":{"rendered":"<p>Med en Brokk \u00e4r behovet av manuell bilning praktiskt taget eliminerat. \u00c4ven den minsta Brokk-robot kan enkelt ers\u00e4tta 5-6 arbetare med manuella verktyg.<\/p>\n","protected":false},"author":36,"featured_media":0,"parent":0,"menu_order":34,"comment_status":"closed","ping_status":"closed","template":"","meta":{"_acf_changed":false,"_relevanssi_hide_post":"","_relevanssi_hide_content":"","_relevanssi_pin_for_all":"","_relevanssi_pin_keywords":"","_relevanssi_unpin_keywords":"","_relevanssi_related_keywords":"","_relevanssi_related_include_ids":"","_relevanssi_related_exclude_ids":"","_relevanssi_related_no_append":"","_relevanssi_related_not_related":"","_relevanssi_related_posts":"","_relevanssi_noindex_reason":"","footnotes":""},"class_list":["post-6118","page","type-page","status-publish","hentry"],"acf":[],"yoast_head":"<!-- This site is optimized with the Yoast SEO plugin v27.3 - https:\/\/yoast.com\/product\/yoast-seo-wordpress\/ -->\n<title>Brokk vs. manuell bilning - Brokk Sweden<\/title>\n<meta name=\"robots\" content=\"index, follow, max-snippet:-1, max-image-preview:large, max-video-preview:-1\" \/>\n<link rel=\"canonical\" href=\"https:\/\/www.brokk.com\/sv\/brokk-vs-manuell-bilning\/\" \/>\n<meta property=\"og:locale\" content=\"sv_SE\" \/>\n<meta property=\"og:type\" content=\"article\" \/>\n<meta property=\"og:title\" content=\"Brokk vs. manuell bilning - Brokk Sweden\" \/>\n<meta property=\"og:description\" content=\"Med en Brokk \u00e4r behovet av manuell bilning praktiskt taget eliminerat. \u00c4ven den minsta Brokk-robot kan enkelt ers\u00e4tta 5-6 arbetare med manuella verktyg.\" \/>\n<meta property=\"og:url\" content=\"https:\/\/www.brokk.com\/sv\/brokk-vs-manuell-bilning\/\" \/>\n<meta property=\"og:site_name\" content=\"Brokk Sweden\" \/>\n<meta property=\"og:image\" content=\"https:\/\/www.brokk.com\/sv\/uploads\/sites\/10\/2025\/06\/brokk-vs-jackhammer_1.png\" \/>\n\t<meta property=\"og:image:width\" content=\"1539\" \/>\n\t<meta property=\"og:image:height\" content=\"774\" \/>\n\t<meta property=\"og:image:type\" content=\"image\/png\" \/>\n<meta name=\"twitter:card\" content=\"summary_large_image\" \/>\n<meta name=\"twitter:label1\" content=\"Ber\u00e4knad l\u00e4stid\" \/>\n\t<meta name=\"twitter:data1\" content=\"1 minut\" \/>\n<script type=\"application\/ld+json\" class=\"yoast-schema-graph\">{\"@context\":\"https:\\\/\\\/schema.org\",\"@graph\":[{\"@type\":\"WebPage\",\"@id\":\"https:\\\/\\\/www.brokk.com\\\/sv\\\/brokk-vs-manuell-bilning\\\/\",\"url\":\"https:\\\/\\\/www.brokk.com\\\/sv\\\/brokk-vs-manuell-bilning\\\/\",\"name\":\"Brokk vs. manuell bilning - Brokk Sweden\",\"isPartOf\":{\"@id\":\"https:\\\/\\\/www.brokk.com\\\/sv\\\/#website\"},\"primaryImageOfPage\":{\"@id\":\"https:\\\/\\\/www.brokk.com\\\/sv\\\/brokk-vs-manuell-bilning\\\/#primaryimage\"},\"image\":{\"@id\":\"https:\\\/\\\/www.brokk.com\\\/sv\\\/brokk-vs-manuell-bilning\\\/#primaryimage\"},\"thumbnailUrl\":\"https:\\\/\\\/www.brokk.com\\\/sv\\\/uploads\\\/sites\\\/10\\\/2025\\\/06\\\/brokk-vs-jackhammer_1-720x362.png\",\"datePublished\":\"2025-07-02T10:55:33+00:00\",\"breadcrumb\":{\"@id\":\"https:\\\/\\\/www.brokk.com\\\/sv\\\/brokk-vs-manuell-bilning\\\/#breadcrumb\"},\"inLanguage\":\"sv-SE\",\"potentialAction\":[{\"@type\":\"ReadAction\",\"target\":[\"https:\\\/\\\/www.brokk.com\\\/sv\\\/brokk-vs-manuell-bilning\\\/\"]}]},{\"@type\":\"ImageObject\",\"inLanguage\":\"sv-SE\",\"@id\":\"https:\\\/\\\/www.brokk.com\\\/sv\\\/brokk-vs-manuell-bilning\\\/#primaryimage\",\"url\":\"https:\\\/\\\/www.brokk.com\\\/sv\\\/uploads\\\/sites\\\/10\\\/2025\\\/06\\\/brokk-vs-jackhammer_1.png\",\"contentUrl\":\"https:\\\/\\\/www.brokk.com\\\/sv\\\/uploads\\\/sites\\\/10\\\/2025\\\/06\\\/brokk-vs-jackhammer_1.png\",\"width\":1539,\"height\":774},{\"@type\":\"BreadcrumbList\",\"@id\":\"https:\\\/\\\/www.brokk.com\\\/sv\\\/brokk-vs-manuell-bilning\\\/#breadcrumb\",\"itemListElement\":[{\"@type\":\"ListItem\",\"position\":1,\"name\":\"Home\",\"item\":\"https:\\\/\\\/www.brokk.com\\\/sv\\\/\"},{\"@type\":\"ListItem\",\"position\":2,\"name\":\"Brokk vs. manuell bilning\"}]},{\"@type\":\"WebSite\",\"@id\":\"https:\\\/\\\/www.brokk.com\\\/sv\\\/#website\",\"url\":\"https:\\\/\\\/www.brokk.com\\\/sv\\\/\",\"name\":\"Brokk Sweden\",\"description\":\"\",\"potentialAction\":[{\"@type\":\"SearchAction\",\"target\":{\"@type\":\"EntryPoint\",\"urlTemplate\":\"https:\\\/\\\/www.brokk.com\\\/sv\\\/?s={search_term_string}\"},\"query-input\":{\"@type\":\"PropertyValueSpecification\",\"valueRequired\":true,\"valueName\":\"search_term_string\"}}],\"inLanguage\":\"sv-SE\"}]}<\/script>\n<!-- \/ Yoast SEO plugin. -->","yoast_head_json":{"title":"Brokk vs. manuell bilning - Brokk Sweden","robots":{"index":"index","follow":"follow","max-snippet":"max-snippet:-1","max-image-preview":"max-image-preview:large","max-video-preview":"max-video-preview:-1"},"canonical":"https:\/\/www.brokk.com\/sv\/brokk-vs-manuell-bilning\/","og_locale":"sv_SE","og_type":"article","og_title":"Brokk vs. manuell bilning - Brokk Sweden","og_description":"Med en Brokk \u00e4r behovet av manuell bilning praktiskt taget eliminerat. \u00c4ven den minsta Brokk-robot kan enkelt ers\u00e4tta 5-6 arbetare med manuella verktyg.","og_url":"https:\/\/www.brokk.com\/sv\/brokk-vs-manuell-bilning\/","og_site_name":"Brokk Sweden","og_image":[{"width":1539,"height":774,"url":"https:\/\/www.brokk.com\/sv\/uploads\/sites\/10\/2025\/06\/brokk-vs-jackhammer_1.png","type":"image\/png"}],"twitter_card":"summary_large_image","twitter_misc":{"Ber\u00e4knad l\u00e4stid":"1 minut"},"schema":{"@context":"https:\/\/schema.org","@graph":[{"@type":"WebPage","@id":"https:\/\/www.brokk.com\/sv\/brokk-vs-manuell-bilning\/","url":"https:\/\/www.brokk.com\/sv\/brokk-vs-manuell-bilning\/","name":"Brokk vs. manuell bilning - Brokk Sweden","isPartOf":{"@id":"https:\/\/www.brokk.com\/sv\/#website"},"primaryImageOfPage":{"@id":"https:\/\/www.brokk.com\/sv\/brokk-vs-manuell-bilning\/#primaryimage"},"image":{"@id":"https:\/\/www.brokk.com\/sv\/brokk-vs-manuell-bilning\/#primaryimage"},"thumbnailUrl":"https:\/\/www.brokk.com\/sv\/uploads\/sites\/10\/2025\/06\/brokk-vs-jackhammer_1-720x362.png","datePublished":"2025-07-02T10:55:33+00:00","breadcrumb":{"@id":"https:\/\/www.brokk.com\/sv\/brokk-vs-manuell-bilning\/#breadcrumb"},"inLanguage":"sv-SE","potentialAction":[{"@type":"ReadAction","target":["https:\/\/www.brokk.com\/sv\/brokk-vs-manuell-bilning\/"]}]},{"@type":"ImageObject","inLanguage":"sv-SE","@id":"https:\/\/www.brokk.com\/sv\/brokk-vs-manuell-bilning\/#primaryimage","url":"https:\/\/www.brokk.com\/sv\/uploads\/sites\/10\/2025\/06\/brokk-vs-jackhammer_1.png","contentUrl":"https:\/\/www.brokk.com\/sv\/uploads\/sites\/10\/2025\/06\/brokk-vs-jackhammer_1.png","width":1539,"height":774},{"@type":"BreadcrumbList","@id":"https:\/\/www.brokk.com\/sv\/brokk-vs-manuell-bilning\/#breadcrumb","itemListElement":[{"@type":"ListItem","position":1,"name":"Home","item":"https:\/\/www.brokk.com\/sv\/"},{"@type":"ListItem","position":2,"name":"Brokk vs. manuell bilning"}]},{"@type":"WebSite","@id":"https:\/\/www.brokk.com\/sv\/#website","url":"https:\/\/www.brokk.com\/sv\/","name":"Brokk Sweden","description":"","potentialAction":[{"@type":"SearchAction","target":{"@type":"EntryPoint","urlTemplate":"https:\/\/www.brokk.com\/sv\/?s={search_term_string}"},"query-input":{"@type":"PropertyValueSpecification","valueRequired":true,"valueName":"search_term_string"}}],"inLanguage":"sv-SE"}]}},"_links":{"self":[{"href":"https:\/\/www.brokk.com\/sv\/wp-json\/wp\/v2\/pages\/6118","targetHints":{"allow":["GET"]}}],"collection":[{"href":"https:\/\/www.brokk.com\/sv\/wp-json\/wp\/v2\/pages"}],"about":[{"href":"https:\/\/www.brokk.com\/sv\/wp-json\/wp\/v2\/types\/page"}],"author":[{"embeddable":true,"href":"https:\/\/www.brokk.com\/sv\/wp-json\/wp\/v2\/users\/36"}],"replies":[{"embeddable":true,"href":"https:\/\/www.brokk.com\/sv\/wp-json\/wp\/v2\/comments?post=6118"}],"version-history":[{"count":1,"href":"https:\/\/www.brokk.com\/sv\/wp-json\/wp\/v2\/pages\/6118\/revisions"}],"predecessor-version":[{"id":6119,"href":"https:\/\/www.brokk.com\/sv\/wp-json\/wp\/v2\/pages\/6118\/revisions\/6119"}],"wp:attachment":[{"href":"https:\/\/www.brokk.com\/sv\/wp-json\/wp\/v2\/media?parent=6118"}],"curies":[{"name":"wp","href":"https:\/\/api.w.org\/{rel}","templated":true}]}}