{"id":6120,"date":"2025-07-02T12:58:54","date_gmt":"2025-07-02T10:58:54","guid":{"rendered":"https:\/\/www.brokk.com\/sv\/?page_id=6120"},"modified":"2025-07-02T12:58:54","modified_gmt":"2025-07-02T10:58:54","slug":"brokk-vs-betongkapning","status":"publish","type":"page","link":"https:\/\/www.brokk.com\/sv\/brokk-vs-betongkapning\/","title":{"rendered":"Brokk vs. betongkapning"},"content":{"rendered":"<p>Brokk-robotar \u00e4r mycket l\u00e4mpliga inom betongkapning. V\u00e5ra kunder har snabbt l\u00e4rt sig att en liten Brokk-robot ofta kan utf\u00f6ra ett jobb mycket snabbare och billigare \u00e4n konventionella borr- och sk\u00e4rmetoder. Entrepren\u00f6rer minskar behovet av extra kapning genom att sk\u00e4ra runt objektet och sedan anv\u00e4nda Brokk-roboten med en hydraulhammare eller en betongsax f\u00f6r att avsluta jobbet.<\/p>\n<p>Material som demolerats av en Brokk kan separeras fr\u00e5n armeringsj\u00e4rn och f\u00f6ras ut ur byggnader i sm\u00e5 omg\u00e5ngar (eller till och med manuellt), vilket eliminerar behovet av kranar och gaffeltruckar f\u00f6r sanering. Dessutom beh\u00f6ver Brokk-robotar inte vattenkylningsteknik som betongs\u00e5gar.<\/p>\n<p>Med en v\u00e4ggs\u00e5g: M\u00e5nga tidskr\u00e4vande kapningar m\u00e5ste g\u00f6ras och plattorna m\u00e5ste lyftas bort med kran eller inv\u00e4ndig lyftanordning.<\/p>\n<p><img loading=\"lazy\" decoding=\"async\" class=\"alignnone size-medium wp-image-6106\" src=\"https:\/\/www.brokk.com\/sv\/uploads\/sites\/10\/2025\/06\/bild1-720x395.jpg\" alt=\"\" width=\"720\" height=\"395\" srcset=\"https:\/\/www.brokk.com\/sv\/uploads\/sites\/10\/2025\/06\/bild1-720x395.jpg 720w, https:\/\/www.brokk.com\/sv\/uploads\/sites\/10\/2025\/06\/bild1-768x421.jpg 768w, https:\/\/www.brokk.com\/sv\/uploads\/sites\/10\/2025\/06\/bild1-480x263.jpg 480w, https:\/\/www.brokk.com\/sv\/uploads\/sites\/10\/2025\/06\/bild1-48x26.jpg 48w, https:\/\/www.brokk.com\/sv\/uploads\/sites\/10\/2025\/06\/bild1.jpg 852w\" sizes=\"auto, (max-width: 720px) 100vw, 720px\" \/><\/p>\n<p>Med en Brokk-robot: Efter att kantsk\u00e4rningen \u00e4r klar sker rivning med Brokk-roboten och det \u00e4r sedan l\u00e4tt att ta bort resterna med en minilastare.<\/p>\n<p><img loading=\"lazy\" decoding=\"async\" class=\"alignnone size-medium wp-image-6108\" src=\"https:\/\/www.brokk.com\/sv\/uploads\/sites\/10\/2025\/06\/bild2-720x398.jpg\" alt=\"\" width=\"720\" height=\"398\" srcset=\"https:\/\/www.brokk.com\/sv\/uploads\/sites\/10\/2025\/06\/bild2-720x398.jpg 720w, https:\/\/www.brokk.com\/sv\/uploads\/sites\/10\/2025\/06\/bild2-768x425.jpg 768w, https:\/\/www.brokk.com\/sv\/uploads\/sites\/10\/2025\/06\/bild2-480x266.jpg 480w, https:\/\/www.brokk.com\/sv\/uploads\/sites\/10\/2025\/06\/bild2-48x27.jpg 48w, https:\/\/www.brokk.com\/sv\/uploads\/sites\/10\/2025\/06\/bild2.jpg 842w\" sizes=\"auto, (max-width: 720px) 100vw, 720px\" \/><\/p>\n","protected":false},"excerpt":{"rendered":"<p>V\u00e5ra kunder har snabbt l\u00e4rt sig att en liten Brokk-robot ofta kan utf\u00f6ra ett jobb mycket snabbare och billigare \u00e4n konventionella borr- och sk\u00e4rmetoder.<\/p>\n","protected":false},"author":36,"featured_media":0,"parent":0,"menu_order":33,"comment_status":"closed","ping_status":"closed","template":"","meta":{"_acf_changed":false,"_relevanssi_hide_post":"","_relevanssi_hide_content":"","_relevanssi_pin_for_all":"","_relevanssi_pin_keywords":"","_relevanssi_unpin_keywords":"","_relevanssi_related_keywords":"","_relevanssi_related_include_ids":"","_relevanssi_related_exclude_ids":"","_relevanssi_related_no_append":"","_relevanssi_related_not_related":"","_relevanssi_related_posts":"","_relevanssi_noindex_reason":"","footnotes":""},"class_list":["post-6120","page","type-page","status-publish","hentry"],"acf":[],"yoast_head":"<!-- This site is optimized with the Yoast SEO plugin v27.3 - https:\/\/yoast.com\/product\/yoast-seo-wordpress\/ -->\n<title>Brokk vs. betongkapning - Brokk Sweden<\/title>\n<meta name=\"robots\" content=\"index, follow, max-snippet:-1, max-image-preview:large, max-video-preview:-1\" \/>\n<link rel=\"canonical\" href=\"https:\/\/www.brokk.com\/sv\/brokk-vs-betongkapning\/\" \/>\n<meta property=\"og:locale\" content=\"sv_SE\" \/>\n<meta property=\"og:type\" content=\"article\" \/>\n<meta property=\"og:title\" content=\"Brokk vs. betongkapning - Brokk Sweden\" \/>\n<meta property=\"og:description\" content=\"V\u00e5ra kunder har snabbt l\u00e4rt sig att en liten Brokk-robot ofta kan utf\u00f6ra ett jobb mycket snabbare och billigare \u00e4n konventionella borr- och sk\u00e4rmetoder.\" \/>\n<meta property=\"og:url\" content=\"https:\/\/www.brokk.com\/sv\/brokk-vs-betongkapning\/\" \/>\n<meta property=\"og:site_name\" content=\"Brokk Sweden\" \/>\n<meta property=\"og:image\" content=\"https:\/\/www.brokk.com\/sv\/uploads\/sites\/10\/2025\/06\/bild1.jpg\" \/>\n\t<meta property=\"og:image:width\" content=\"852\" \/>\n\t<meta property=\"og:image:height\" content=\"467\" \/>\n\t<meta property=\"og:image:type\" content=\"image\/jpeg\" \/>\n<meta name=\"twitter:card\" content=\"summary_large_image\" \/>\n<meta name=\"twitter:label1\" content=\"Ber\u00e4knad l\u00e4stid\" \/>\n\t<meta name=\"twitter:data1\" content=\"2 minuter\" \/>\n<script type=\"application\/ld+json\" class=\"yoast-schema-graph\">{\"@context\":\"https:\\\/\\\/schema.org\",\"@graph\":[{\"@type\":\"WebPage\",\"@id\":\"https:\\\/\\\/www.brokk.com\\\/sv\\\/brokk-vs-betongkapning\\\/\",\"url\":\"https:\\\/\\\/www.brokk.com\\\/sv\\\/brokk-vs-betongkapning\\\/\",\"name\":\"Brokk vs. betongkapning - Brokk Sweden\",\"isPartOf\":{\"@id\":\"https:\\\/\\\/www.brokk.com\\\/sv\\\/#website\"},\"primaryImageOfPage\":{\"@id\":\"https:\\\/\\\/www.brokk.com\\\/sv\\\/brokk-vs-betongkapning\\\/#primaryimage\"},\"image\":{\"@id\":\"https:\\\/\\\/www.brokk.com\\\/sv\\\/brokk-vs-betongkapning\\\/#primaryimage\"},\"thumbnailUrl\":\"https:\\\/\\\/www.brokk.com\\\/sv\\\/uploads\\\/sites\\\/10\\\/2025\\\/06\\\/bild1-720x395.jpg\",\"datePublished\":\"2025-07-02T10:58:54+00:00\",\"breadcrumb\":{\"@id\":\"https:\\\/\\\/www.brokk.com\\\/sv\\\/brokk-vs-betongkapning\\\/#breadcrumb\"},\"inLanguage\":\"sv-SE\",\"potentialAction\":[{\"@type\":\"ReadAction\",\"target\":[\"https:\\\/\\\/www.brokk.com\\\/sv\\\/brokk-vs-betongkapning\\\/\"]}]},{\"@type\":\"ImageObject\",\"inLanguage\":\"sv-SE\",\"@id\":\"https:\\\/\\\/www.brokk.com\\\/sv\\\/brokk-vs-betongkapning\\\/#primaryimage\",\"url\":\"https:\\\/\\\/www.brokk.com\\\/sv\\\/uploads\\\/sites\\\/10\\\/2025\\\/06\\\/bild1.jpg\",\"contentUrl\":\"https:\\\/\\\/www.brokk.com\\\/sv\\\/uploads\\\/sites\\\/10\\\/2025\\\/06\\\/bild1.jpg\",\"width\":852,\"height\":467},{\"@type\":\"BreadcrumbList\",\"@id\":\"https:\\\/\\\/www.brokk.com\\\/sv\\\/brokk-vs-betongkapning\\\/#breadcrumb\",\"itemListElement\":[{\"@type\":\"ListItem\",\"position\":1,\"name\":\"Home\",\"item\":\"https:\\\/\\\/www.brokk.com\\\/sv\\\/\"},{\"@type\":\"ListItem\",\"position\":2,\"name\":\"Brokk vs. betongkapning\"}]},{\"@type\":\"WebSite\",\"@id\":\"https:\\\/\\\/www.brokk.com\\\/sv\\\/#website\",\"url\":\"https:\\\/\\\/www.brokk.com\\\/sv\\\/\",\"name\":\"Brokk Sweden\",\"description\":\"\",\"potentialAction\":[{\"@type\":\"SearchAction\",\"target\":{\"@type\":\"EntryPoint\",\"urlTemplate\":\"https:\\\/\\\/www.brokk.com\\\/sv\\\/?s={search_term_string}\"},\"query-input\":{\"@type\":\"PropertyValueSpecification\",\"valueRequired\":true,\"valueName\":\"search_term_string\"}}],\"inLanguage\":\"sv-SE\"}]}<\/script>\n<!-- \/ Yoast SEO plugin. -->","yoast_head_json":{"title":"Brokk vs. betongkapning - Brokk Sweden","robots":{"index":"index","follow":"follow","max-snippet":"max-snippet:-1","max-image-preview":"max-image-preview:large","max-video-preview":"max-video-preview:-1"},"canonical":"https:\/\/www.brokk.com\/sv\/brokk-vs-betongkapning\/","og_locale":"sv_SE","og_type":"article","og_title":"Brokk vs. betongkapning - Brokk Sweden","og_description":"V\u00e5ra kunder har snabbt l\u00e4rt sig att en liten Brokk-robot ofta kan utf\u00f6ra ett jobb mycket snabbare och billigare \u00e4n konventionella borr- och sk\u00e4rmetoder.","og_url":"https:\/\/www.brokk.com\/sv\/brokk-vs-betongkapning\/","og_site_name":"Brokk Sweden","og_image":[{"width":852,"height":467,"url":"https:\/\/www.brokk.com\/sv\/uploads\/sites\/10\/2025\/06\/bild1.jpg","type":"image\/jpeg"}],"twitter_card":"summary_large_image","twitter_misc":{"Ber\u00e4knad l\u00e4stid":"2 minuter"},"schema":{"@context":"https:\/\/schema.org","@graph":[{"@type":"WebPage","@id":"https:\/\/www.brokk.com\/sv\/brokk-vs-betongkapning\/","url":"https:\/\/www.brokk.com\/sv\/brokk-vs-betongkapning\/","name":"Brokk vs. betongkapning - Brokk Sweden","isPartOf":{"@id":"https:\/\/www.brokk.com\/sv\/#website"},"primaryImageOfPage":{"@id":"https:\/\/www.brokk.com\/sv\/brokk-vs-betongkapning\/#primaryimage"},"image":{"@id":"https:\/\/www.brokk.com\/sv\/brokk-vs-betongkapning\/#primaryimage"},"thumbnailUrl":"https:\/\/www.brokk.com\/sv\/uploads\/sites\/10\/2025\/06\/bild1-720x395.jpg","datePublished":"2025-07-02T10:58:54+00:00","breadcrumb":{"@id":"https:\/\/www.brokk.com\/sv\/brokk-vs-betongkapning\/#breadcrumb"},"inLanguage":"sv-SE","potentialAction":[{"@type":"ReadAction","target":["https:\/\/www.brokk.com\/sv\/brokk-vs-betongkapning\/"]}]},{"@type":"ImageObject","inLanguage":"sv-SE","@id":"https:\/\/www.brokk.com\/sv\/brokk-vs-betongkapning\/#primaryimage","url":"https:\/\/www.brokk.com\/sv\/uploads\/sites\/10\/2025\/06\/bild1.jpg","contentUrl":"https:\/\/www.brokk.com\/sv\/uploads\/sites\/10\/2025\/06\/bild1.jpg","width":852,"height":467},{"@type":"BreadcrumbList","@id":"https:\/\/www.brokk.com\/sv\/brokk-vs-betongkapning\/#breadcrumb","itemListElement":[{"@type":"ListItem","position":1,"name":"Home","item":"https:\/\/www.brokk.com\/sv\/"},{"@type":"ListItem","position":2,"name":"Brokk vs. betongkapning"}]},{"@type":"WebSite","@id":"https:\/\/www.brokk.com\/sv\/#website","url":"https:\/\/www.brokk.com\/sv\/","name":"Brokk Sweden","description":"","potentialAction":[{"@type":"SearchAction","target":{"@type":"EntryPoint","urlTemplate":"https:\/\/www.brokk.com\/sv\/?s={search_term_string}"},"query-input":{"@type":"PropertyValueSpecification","valueRequired":true,"valueName":"search_term_string"}}],"inLanguage":"sv-SE"}]}},"_links":{"self":[{"href":"https:\/\/www.brokk.com\/sv\/wp-json\/wp\/v2\/pages\/6120","targetHints":{"allow":["GET"]}}],"collection":[{"href":"https:\/\/www.brokk.com\/sv\/wp-json\/wp\/v2\/pages"}],"about":[{"href":"https:\/\/www.brokk.com\/sv\/wp-json\/wp\/v2\/types\/page"}],"author":[{"embeddable":true,"href":"https:\/\/www.brokk.com\/sv\/wp-json\/wp\/v2\/users\/36"}],"replies":[{"embeddable":true,"href":"https:\/\/www.brokk.com\/sv\/wp-json\/wp\/v2\/comments?post=6120"}],"version-history":[{"count":1,"href":"https:\/\/www.brokk.com\/sv\/wp-json\/wp\/v2\/pages\/6120\/revisions"}],"predecessor-version":[{"id":6121,"href":"https:\/\/www.brokk.com\/sv\/wp-json\/wp\/v2\/pages\/6120\/revisions\/6121"}],"wp:attachment":[{"href":"https:\/\/www.brokk.com\/sv\/wp-json\/wp\/v2\/media?parent=6120"}],"curies":[{"name":"wp","href":"https:\/\/api.w.org\/{rel}","templated":true}]}}