{"id":6122,"date":"2025-07-02T13:00:34","date_gmt":"2025-07-02T11:00:34","guid":{"rendered":"https:\/\/www.brokk.com\/sv\/?page_id=6122"},"modified":"2025-07-02T13:00:34","modified_gmt":"2025-07-02T11:00:34","slug":"tyst-rivning","status":"publish","type":"page","link":"https:\/\/www.brokk.com\/sv\/tyst-rivning\/","title":{"rendered":"Tyst rivning"},"content":{"rendered":"<p>Regler mot buller och vibrationer kan ibland vara ett problem n\u00e4r det g\u00e4ller rivning och schaktning. V\u00e5ra betongsaxar genererar mindre damm \u00e4n traditionella metoder och har en betydligt l\u00e4gre ljudniv\u00e5 \u00e4n vibrerande verktyg. \u00c4ven den tjockaste betong kan krossas utan att st\u00f6ra m\u00e4nniskor som bor och arbetar i n\u00e4rheten, eller till och med i samma byggnad. Dessutom genererar v\u00e5ra elektriska maskiner inga avgaser.<\/p>\n<p><img loading=\"lazy\" decoding=\"async\" class=\"alignnone wp-image-6112 size-medium\" src=\"https:\/\/www.brokk.com\/sv\/uploads\/sites\/10\/2025\/06\/img_4600-scaled-680x720.jpg\" alt=\"\" width=\"680\" height=\"720\" srcset=\"https:\/\/www.brokk.com\/sv\/uploads\/sites\/10\/2025\/06\/img_4600-scaled-680x720.jpg 680w, https:\/\/www.brokk.com\/sv\/uploads\/sites\/10\/2025\/06\/img_4600-scaled-1209x1280.jpg 1209w, https:\/\/www.brokk.com\/sv\/uploads\/sites\/10\/2025\/06\/img_4600-scaled-768x813.jpg 768w, https:\/\/www.brokk.com\/sv\/uploads\/sites\/10\/2025\/06\/img_4600-scaled-1450x1536.jpg 1450w, https:\/\/www.brokk.com\/sv\/uploads\/sites\/10\/2025\/06\/img_4600-scaled-1934x2048.jpg 1934w, https:\/\/www.brokk.com\/sv\/uploads\/sites\/10\/2025\/06\/img_4600-scaled-1813x1920.jpg 1813w, https:\/\/www.brokk.com\/sv\/uploads\/sites\/10\/2025\/06\/img_4600-scaled-453x480.jpg 453w, https:\/\/www.brokk.com\/sv\/uploads\/sites\/10\/2025\/06\/img_4600-scaled-45x48.jpg 45w\" sizes=\"auto, (max-width: 680px) 100vw, 680px\" \/><\/p>\n","protected":false},"excerpt":{"rendered":"<p>V\u00e5ra betongsaxar genererar mindre damm \u00e4n traditionella metoder och har en betydligt l\u00e4gre ljudniv\u00e5 \u00e4n vibrerande verktyg. Dessutom genererar v\u00e5ra elektriska maskiner inga avgaser.<\/p>\n","protected":false},"author":36,"featured_media":0,"parent":0,"menu_order":28,"comment_status":"closed","ping_status":"closed","template":"","meta":{"_acf_changed":false,"_relevanssi_hide_post":"","_relevanssi_hide_content":"","_relevanssi_pin_for_all":"","_relevanssi_pin_keywords":"","_relevanssi_unpin_keywords":"","_relevanssi_related_keywords":"","_relevanssi_related_include_ids":"","_relevanssi_related_exclude_ids":"","_relevanssi_related_no_append":"","_relevanssi_related_not_related":"","_relevanssi_related_posts":"","_relevanssi_noindex_reason":"","footnotes":""},"class_list":["post-6122","page","type-page","status-publish","hentry"],"acf":[],"yoast_head":"<!-- This site is optimized with the Yoast SEO plugin v27.3 - https:\/\/yoast.com\/product\/yoast-seo-wordpress\/ -->\n<title>Tyst rivning - Brokk Sweden<\/title>\n<meta name=\"robots\" content=\"index, follow, max-snippet:-1, max-image-preview:large, max-video-preview:-1\" \/>\n<link rel=\"canonical\" href=\"https:\/\/www.brokk.com\/sv\/tyst-rivning\/\" \/>\n<meta property=\"og:locale\" content=\"sv_SE\" \/>\n<meta property=\"og:type\" content=\"article\" \/>\n<meta property=\"og:title\" content=\"Tyst rivning - Brokk Sweden\" \/>\n<meta property=\"og:description\" content=\"V\u00e5ra betongsaxar genererar mindre damm \u00e4n traditionella metoder och har en betydligt l\u00e4gre ljudniv\u00e5 \u00e4n vibrerande verktyg. Dessutom genererar v\u00e5ra elektriska maskiner inga avgaser.\" \/>\n<meta property=\"og:url\" content=\"https:\/\/www.brokk.com\/sv\/tyst-rivning\/\" \/>\n<meta property=\"og:site_name\" content=\"Brokk Sweden\" \/>\n<meta property=\"og:image\" content=\"https:\/\/www.brokk.com\/sv\/uploads\/sites\/10\/2025\/06\/img_4600-scaled.jpg\" \/>\n\t<meta property=\"og:image:width\" content=\"2417\" \/>\n\t<meta property=\"og:image:height\" content=\"2560\" \/>\n\t<meta property=\"og:image:type\" content=\"image\/jpeg\" \/>\n<meta name=\"twitter:card\" content=\"summary_large_image\" \/>\n<meta name=\"twitter:label1\" content=\"Ber\u00e4knad l\u00e4stid\" \/>\n\t<meta name=\"twitter:data1\" content=\"1 minut\" \/>\n<script type=\"application\/ld+json\" class=\"yoast-schema-graph\">{\"@context\":\"https:\\\/\\\/schema.org\",\"@graph\":[{\"@type\":\"WebPage\",\"@id\":\"https:\\\/\\\/www.brokk.com\\\/sv\\\/tyst-rivning\\\/\",\"url\":\"https:\\\/\\\/www.brokk.com\\\/sv\\\/tyst-rivning\\\/\",\"name\":\"Tyst rivning - Brokk Sweden\",\"isPartOf\":{\"@id\":\"https:\\\/\\\/www.brokk.com\\\/sv\\\/#website\"},\"primaryImageOfPage\":{\"@id\":\"https:\\\/\\\/www.brokk.com\\\/sv\\\/tyst-rivning\\\/#primaryimage\"},\"image\":{\"@id\":\"https:\\\/\\\/www.brokk.com\\\/sv\\\/tyst-rivning\\\/#primaryimage\"},\"thumbnailUrl\":\"https:\\\/\\\/www.brokk.com\\\/sv\\\/uploads\\\/sites\\\/10\\\/2025\\\/06\\\/img_4600-scaled-680x720.jpg\",\"datePublished\":\"2025-07-02T11:00:34+00:00\",\"breadcrumb\":{\"@id\":\"https:\\\/\\\/www.brokk.com\\\/sv\\\/tyst-rivning\\\/#breadcrumb\"},\"inLanguage\":\"sv-SE\",\"potentialAction\":[{\"@type\":\"ReadAction\",\"target\":[\"https:\\\/\\\/www.brokk.com\\\/sv\\\/tyst-rivning\\\/\"]}]},{\"@type\":\"ImageObject\",\"inLanguage\":\"sv-SE\",\"@id\":\"https:\\\/\\\/www.brokk.com\\\/sv\\\/tyst-rivning\\\/#primaryimage\",\"url\":\"https:\\\/\\\/www.brokk.com\\\/sv\\\/uploads\\\/sites\\\/10\\\/2025\\\/06\\\/img_4600-scaled.jpg\",\"contentUrl\":\"https:\\\/\\\/www.brokk.com\\\/sv\\\/uploads\\\/sites\\\/10\\\/2025\\\/06\\\/img_4600-scaled.jpg\",\"width\":2417,\"height\":2560},{\"@type\":\"BreadcrumbList\",\"@id\":\"https:\\\/\\\/www.brokk.com\\\/sv\\\/tyst-rivning\\\/#breadcrumb\",\"itemListElement\":[{\"@type\":\"ListItem\",\"position\":1,\"name\":\"Home\",\"item\":\"https:\\\/\\\/www.brokk.com\\\/sv\\\/\"},{\"@type\":\"ListItem\",\"position\":2,\"name\":\"Tyst rivning\"}]},{\"@type\":\"WebSite\",\"@id\":\"https:\\\/\\\/www.brokk.com\\\/sv\\\/#website\",\"url\":\"https:\\\/\\\/www.brokk.com\\\/sv\\\/\",\"name\":\"Brokk Sweden\",\"description\":\"\",\"potentialAction\":[{\"@type\":\"SearchAction\",\"target\":{\"@type\":\"EntryPoint\",\"urlTemplate\":\"https:\\\/\\\/www.brokk.com\\\/sv\\\/?s={search_term_string}\"},\"query-input\":{\"@type\":\"PropertyValueSpecification\",\"valueRequired\":true,\"valueName\":\"search_term_string\"}}],\"inLanguage\":\"sv-SE\"}]}<\/script>\n<!-- \/ Yoast SEO plugin. -->","yoast_head_json":{"title":"Tyst rivning - Brokk Sweden","robots":{"index":"index","follow":"follow","max-snippet":"max-snippet:-1","max-image-preview":"max-image-preview:large","max-video-preview":"max-video-preview:-1"},"canonical":"https:\/\/www.brokk.com\/sv\/tyst-rivning\/","og_locale":"sv_SE","og_type":"article","og_title":"Tyst rivning - Brokk Sweden","og_description":"V\u00e5ra betongsaxar genererar mindre damm \u00e4n traditionella metoder och har en betydligt l\u00e4gre ljudniv\u00e5 \u00e4n vibrerande verktyg. Dessutom genererar v\u00e5ra elektriska maskiner inga avgaser.","og_url":"https:\/\/www.brokk.com\/sv\/tyst-rivning\/","og_site_name":"Brokk Sweden","og_image":[{"width":2417,"height":2560,"url":"https:\/\/www.brokk.com\/sv\/uploads\/sites\/10\/2025\/06\/img_4600-scaled.jpg","type":"image\/jpeg"}],"twitter_card":"summary_large_image","twitter_misc":{"Ber\u00e4knad l\u00e4stid":"1 minut"},"schema":{"@context":"https:\/\/schema.org","@graph":[{"@type":"WebPage","@id":"https:\/\/www.brokk.com\/sv\/tyst-rivning\/","url":"https:\/\/www.brokk.com\/sv\/tyst-rivning\/","name":"Tyst rivning - Brokk Sweden","isPartOf":{"@id":"https:\/\/www.brokk.com\/sv\/#website"},"primaryImageOfPage":{"@id":"https:\/\/www.brokk.com\/sv\/tyst-rivning\/#primaryimage"},"image":{"@id":"https:\/\/www.brokk.com\/sv\/tyst-rivning\/#primaryimage"},"thumbnailUrl":"https:\/\/www.brokk.com\/sv\/uploads\/sites\/10\/2025\/06\/img_4600-scaled-680x720.jpg","datePublished":"2025-07-02T11:00:34+00:00","breadcrumb":{"@id":"https:\/\/www.brokk.com\/sv\/tyst-rivning\/#breadcrumb"},"inLanguage":"sv-SE","potentialAction":[{"@type":"ReadAction","target":["https:\/\/www.brokk.com\/sv\/tyst-rivning\/"]}]},{"@type":"ImageObject","inLanguage":"sv-SE","@id":"https:\/\/www.brokk.com\/sv\/tyst-rivning\/#primaryimage","url":"https:\/\/www.brokk.com\/sv\/uploads\/sites\/10\/2025\/06\/img_4600-scaled.jpg","contentUrl":"https:\/\/www.brokk.com\/sv\/uploads\/sites\/10\/2025\/06\/img_4600-scaled.jpg","width":2417,"height":2560},{"@type":"BreadcrumbList","@id":"https:\/\/www.brokk.com\/sv\/tyst-rivning\/#breadcrumb","itemListElement":[{"@type":"ListItem","position":1,"name":"Home","item":"https:\/\/www.brokk.com\/sv\/"},{"@type":"ListItem","position":2,"name":"Tyst rivning"}]},{"@type":"WebSite","@id":"https:\/\/www.brokk.com\/sv\/#website","url":"https:\/\/www.brokk.com\/sv\/","name":"Brokk Sweden","description":"","potentialAction":[{"@type":"SearchAction","target":{"@type":"EntryPoint","urlTemplate":"https:\/\/www.brokk.com\/sv\/?s={search_term_string}"},"query-input":{"@type":"PropertyValueSpecification","valueRequired":true,"valueName":"search_term_string"}}],"inLanguage":"sv-SE"}]}},"_links":{"self":[{"href":"https:\/\/www.brokk.com\/sv\/wp-json\/wp\/v2\/pages\/6122","targetHints":{"allow":["GET"]}}],"collection":[{"href":"https:\/\/www.brokk.com\/sv\/wp-json\/wp\/v2\/pages"}],"about":[{"href":"https:\/\/www.brokk.com\/sv\/wp-json\/wp\/v2\/types\/page"}],"author":[{"embeddable":true,"href":"https:\/\/www.brokk.com\/sv\/wp-json\/wp\/v2\/users\/36"}],"replies":[{"embeddable":true,"href":"https:\/\/www.brokk.com\/sv\/wp-json\/wp\/v2\/comments?post=6122"}],"version-history":[{"count":1,"href":"https:\/\/www.brokk.com\/sv\/wp-json\/wp\/v2\/pages\/6122\/revisions"}],"predecessor-version":[{"id":6123,"href":"https:\/\/www.brokk.com\/sv\/wp-json\/wp\/v2\/pages\/6122\/revisions\/6123"}],"wp:attachment":[{"href":"https:\/\/www.brokk.com\/sv\/wp-json\/wp\/v2\/media?parent=6122"}],"curies":[{"name":"wp","href":"https:\/\/api.w.org\/{rel}","templated":true}]}}