{"id":2637,"date":"2018-03-23T08:40:05","date_gmt":"2018-03-23T07:40:05","guid":{"rendered":"http:\/\/www.brokk.com\/sweden\/product\/brokk-520d_global_template\/"},"modified":"2024-02-29T11:19:00","modified_gmt":"2024-02-29T10:19:00","slug":"brokk-520d","status":"publish","type":"product","link":"https:\/\/www.brokk.com\/sv\/product\/brokk-520d\/","title":{"rendered":"Brokk 520D"},"excerpt":{"rendered":"<p>Den skoningsl\u00f6sa, milj\u00f6v\u00e4nliga dieseldrivna rivningsmaskinen.<\/p>\n","protected":false},"parent":0,"menu_order":30,"template":"","class_list":["post-2637","product","type-product","status-publish","has-post-thumbnail","hentry","product_feature-daily-maintenance-hoods-on-6","product_feature-reinforced-headlight-protection-2","product_feature-divided-hose-connection-outriggers-2","product_feature-daily-maintenance-hoods-on-5","product_feature-longer-and-stronger-track-system-2","product_feature-casted-chassie-parts-2","product_feature-brokk-unique-control-system-2","product_feature-big-size-grease-container-3","product_feature-daily-maintenance-hoods-on","product_category-brokk-rivningsrobotar"],"acf":[],"yoast_head":"<!-- This site is optimized with the Yoast SEO plugin v27.3 - https:\/\/yoast.com\/product\/yoast-seo-wordpress\/ -->\n<title>Brokk 520D - Brokk Sweden<\/title>\n<meta name=\"robots\" content=\"index, follow, max-snippet:-1, max-image-preview:large, max-video-preview:-1\" \/>\n<link rel=\"canonical\" href=\"https:\/\/www.brokk.com\/sv\/product\/brokk-520d\/\" \/>\n<meta property=\"og:locale\" content=\"sv_SE\" \/>\n<meta property=\"og:type\" content=\"article\" \/>\n<meta property=\"og:title\" content=\"Brokk 520D - Brokk Sweden\" \/>\n<meta property=\"og:description\" content=\"Den skoningsl\u00f6sa, milj\u00f6v\u00e4nliga dieseldrivna rivningsmaskinen.\" \/>\n<meta property=\"og:url\" content=\"https:\/\/www.brokk.com\/sv\/product\/brokk-520d\/\" \/>\n<meta property=\"og:site_name\" content=\"Brokk Sweden\" \/>\n<meta property=\"article:modified_time\" content=\"2024-02-29T10:19:00+00:00\" \/>\n<meta name=\"twitter:card\" content=\"summary_large_image\" \/>\n<script type=\"application\/ld+json\" class=\"yoast-schema-graph\">{\"@context\":\"https:\\\/\\\/schema.org\",\"@graph\":[{\"@type\":\"WebPage\",\"@id\":\"https:\\\/\\\/www.brokk.com\\\/sv\\\/product\\\/brokk-520d\\\/\",\"url\":\"https:\\\/\\\/www.brokk.com\\\/sv\\\/product\\\/brokk-520d\\\/\",\"name\":\"Brokk 520D - Brokk Sweden\",\"isPartOf\":{\"@id\":\"https:\\\/\\\/www.brokk.com\\\/sv\\\/#website\"},\"primaryImageOfPage\":{\"@id\":\"https:\\\/\\\/www.brokk.com\\\/sv\\\/product\\\/brokk-520d\\\/#primaryimage\"},\"image\":{\"@id\":\"https:\\\/\\\/www.brokk.com\\\/sv\\\/product\\\/brokk-520d\\\/#primaryimage\"},\"thumbnailUrl\":\"https:\\\/\\\/www.brokk.com\\\/sv\\\/uploads\\\/sites\\\/10\\\/2018\\\/09\\\/brokk520d_product_hero.jpg\",\"datePublished\":\"2018-03-23T07:40:05+00:00\",\"dateModified\":\"2024-02-29T10:19:00+00:00\",\"breadcrumb\":{\"@id\":\"https:\\\/\\\/www.brokk.com\\\/sv\\\/product\\\/brokk-520d\\\/#breadcrumb\"},\"inLanguage\":\"sv-SE\",\"potentialAction\":[{\"@type\":\"ReadAction\",\"target\":[\"https:\\\/\\\/www.brokk.com\\\/sv\\\/product\\\/brokk-520d\\\/\"]}]},{\"@type\":\"ImageObject\",\"inLanguage\":\"sv-SE\",\"@id\":\"https:\\\/\\\/www.brokk.com\\\/sv\\\/product\\\/brokk-520d\\\/#primaryimage\",\"url\":\"https:\\\/\\\/www.brokk.com\\\/sv\\\/uploads\\\/sites\\\/10\\\/2018\\\/09\\\/brokk520d_product_hero.jpg\",\"contentUrl\":\"https:\\\/\\\/www.brokk.com\\\/sv\\\/uploads\\\/sites\\\/10\\\/2018\\\/09\\\/brokk520d_product_hero.jpg\",\"width\":2560,\"height\":1096},{\"@type\":\"BreadcrumbList\",\"@id\":\"https:\\\/\\\/www.brokk.com\\\/sv\\\/product\\\/brokk-520d\\\/#breadcrumb\",\"itemListElement\":[{\"@type\":\"ListItem\",\"position\":1,\"name\":\"Home\",\"item\":\"https:\\\/\\\/www.brokk.com\\\/sv\\\/\"},{\"@type\":\"ListItem\",\"position\":2,\"name\":\"Produkter\",\"item\":\"https:\\\/\\\/www.brokk.com\\\/sv\\\/product\\\/\"},{\"@type\":\"ListItem\",\"position\":3,\"name\":\"Brokk 520D\"}]},{\"@type\":\"WebSite\",\"@id\":\"https:\\\/\\\/www.brokk.com\\\/sv\\\/#website\",\"url\":\"https:\\\/\\\/www.brokk.com\\\/sv\\\/\",\"name\":\"Brokk Sweden\",\"description\":\"\",\"potentialAction\":[{\"@type\":\"SearchAction\",\"target\":{\"@type\":\"EntryPoint\",\"urlTemplate\":\"https:\\\/\\\/www.brokk.com\\\/sv\\\/?s={search_term_string}\"},\"query-input\":{\"@type\":\"PropertyValueSpecification\",\"valueRequired\":true,\"valueName\":\"search_term_string\"}}],\"inLanguage\":\"sv-SE\"}]}<\/script>\n<!-- \/ Yoast SEO plugin. -->","yoast_head_json":{"title":"Brokk 520D - Brokk Sweden","robots":{"index":"index","follow":"follow","max-snippet":"max-snippet:-1","max-image-preview":"max-image-preview:large","max-video-preview":"max-video-preview:-1"},"canonical":"https:\/\/www.brokk.com\/sv\/product\/brokk-520d\/","og_locale":"sv_SE","og_type":"article","og_title":"Brokk 520D - Brokk Sweden","og_description":"Den skoningsl\u00f6sa, milj\u00f6v\u00e4nliga dieseldrivna rivningsmaskinen.","og_url":"https:\/\/www.brokk.com\/sv\/product\/brokk-520d\/","og_site_name":"Brokk Sweden","article_modified_time":"2024-02-29T10:19:00+00:00","twitter_card":"summary_large_image","schema":{"@context":"https:\/\/schema.org","@graph":[{"@type":"WebPage","@id":"https:\/\/www.brokk.com\/sv\/product\/brokk-520d\/","url":"https:\/\/www.brokk.com\/sv\/product\/brokk-520d\/","name":"Brokk 520D - Brokk Sweden","isPartOf":{"@id":"https:\/\/www.brokk.com\/sv\/#website"},"primaryImageOfPage":{"@id":"https:\/\/www.brokk.com\/sv\/product\/brokk-520d\/#primaryimage"},"image":{"@id":"https:\/\/www.brokk.com\/sv\/product\/brokk-520d\/#primaryimage"},"thumbnailUrl":"https:\/\/www.brokk.com\/sv\/uploads\/sites\/10\/2018\/09\/brokk520d_product_hero.jpg","datePublished":"2018-03-23T07:40:05+00:00","dateModified":"2024-02-29T10:19:00+00:00","breadcrumb":{"@id":"https:\/\/www.brokk.com\/sv\/product\/brokk-520d\/#breadcrumb"},"inLanguage":"sv-SE","potentialAction":[{"@type":"ReadAction","target":["https:\/\/www.brokk.com\/sv\/product\/brokk-520d\/"]}]},{"@type":"ImageObject","inLanguage":"sv-SE","@id":"https:\/\/www.brokk.com\/sv\/product\/brokk-520d\/#primaryimage","url":"https:\/\/www.brokk.com\/sv\/uploads\/sites\/10\/2018\/09\/brokk520d_product_hero.jpg","contentUrl":"https:\/\/www.brokk.com\/sv\/uploads\/sites\/10\/2018\/09\/brokk520d_product_hero.jpg","width":2560,"height":1096},{"@type":"BreadcrumbList","@id":"https:\/\/www.brokk.com\/sv\/product\/brokk-520d\/#breadcrumb","itemListElement":[{"@type":"ListItem","position":1,"name":"Home","item":"https:\/\/www.brokk.com\/sv\/"},{"@type":"ListItem","position":2,"name":"Produkter","item":"https:\/\/www.brokk.com\/sv\/product\/"},{"@type":"ListItem","position":3,"name":"Brokk 520D"}]},{"@type":"WebSite","@id":"https:\/\/www.brokk.com\/sv\/#website","url":"https:\/\/www.brokk.com\/sv\/","name":"Brokk Sweden","description":"","potentialAction":[{"@type":"SearchAction","target":{"@type":"EntryPoint","urlTemplate":"https:\/\/www.brokk.com\/sv\/?s={search_term_string}"},"query-input":{"@type":"PropertyValueSpecification","valueRequired":true,"valueName":"search_term_string"}}],"inLanguage":"sv-SE"}]}},"_links":{"self":[{"href":"https:\/\/www.brokk.com\/sv\/wp-json\/wp\/v2\/product\/2637","targetHints":{"allow":["GET"]}}],"collection":[{"href":"https:\/\/www.brokk.com\/sv\/wp-json\/wp\/v2\/product"}],"about":[{"href":"https:\/\/www.brokk.com\/sv\/wp-json\/wp\/v2\/types\/product"}],"version-history":[{"count":2,"href":"https:\/\/www.brokk.com\/sv\/wp-json\/wp\/v2\/product\/2637\/revisions"}],"predecessor-version":[{"id":5585,"href":"https:\/\/www.brokk.com\/sv\/wp-json\/wp\/v2\/product\/2637\/revisions\/5585"}],"wp:featuredmedia":[{"embeddable":true,"href":"https:\/\/www.brokk.com\/sv\/wp-json\/wp\/v2\/media\/2681"}],"wp:attachment":[{"href":"https:\/\/www.brokk.com\/sv\/wp-json\/wp\/v2\/media?parent=2637"}],"curies":[{"name":"wp","href":"https:\/\/api.w.org\/{rel}","templated":true}]}}