{"id":4767,"date":"2021-07-06T12:01:06","date_gmt":"2021-07-06T11:01:06","guid":{"rendered":"https:\/\/www.brokk.com\/sv\/?post_type=product&#038;p=4767"},"modified":"2025-07-03T09:30:06","modified_gmt":"2025-07-03T07:30:06","slug":"brokk-descaler","status":"publish","type":"product","link":"https:\/\/www.brokk.com\/sv\/product\/brokk-descaler\/","title":{"rendered":"Brokk Descaler"},"excerpt":{"rendered":"<p>F\u00f6r s\u00e4krare underh\u00e5llsarbete i vertikala torn.<\/p>\n","protected":false},"parent":0,"menu_order":41,"template":"","class_list":["post-4767","product","type-product","status-publish","hentry","product_category-brokk-descaler"],"acf":[],"yoast_head":"<!-- This site is optimized with the Yoast SEO plugin v27.3 - https:\/\/yoast.com\/product\/yoast-seo-wordpress\/ -->\n<title>Brokk Descaler - Brokk Sweden<\/title>\n<meta name=\"robots\" content=\"index, follow, max-snippet:-1, max-image-preview:large, max-video-preview:-1\" \/>\n<link rel=\"canonical\" href=\"https:\/\/www.brokk.com\/sv\/product\/brokk-descaler\/\" \/>\n<meta property=\"og:locale\" content=\"sv_SE\" \/>\n<meta property=\"og:type\" content=\"article\" \/>\n<meta property=\"og:title\" content=\"Brokk Descaler - Brokk Sweden\" \/>\n<meta property=\"og:description\" content=\"F\u00f6r s\u00e4krare underh\u00e5llsarbete i vertikala torn.\" \/>\n<meta property=\"og:url\" content=\"https:\/\/www.brokk.com\/sv\/product\/brokk-descaler\/\" \/>\n<meta property=\"og:site_name\" content=\"Brokk Sweden\" \/>\n<meta property=\"article:modified_time\" content=\"2025-07-03T07:30:06+00:00\" \/>\n<meta name=\"twitter:card\" content=\"summary_large_image\" \/>\n<meta name=\"twitter:label1\" content=\"Ber\u00e4knad l\u00e4stid\" \/>\n\t<meta name=\"twitter:data1\" content=\"2 minuter\" \/>\n<script type=\"application\/ld+json\" class=\"yoast-schema-graph\">{\"@context\":\"https:\\\/\\\/schema.org\",\"@graph\":[{\"@type\":\"WebPage\",\"@id\":\"https:\\\/\\\/www.brokk.com\\\/sv\\\/product\\\/brokk-descaler\\\/\",\"url\":\"https:\\\/\\\/www.brokk.com\\\/sv\\\/product\\\/brokk-descaler\\\/\",\"name\":\"Brokk Descaler - Brokk Sweden\",\"isPartOf\":{\"@id\":\"https:\\\/\\\/www.brokk.com\\\/sv\\\/#website\"},\"datePublished\":\"2021-07-06T11:01:06+00:00\",\"dateModified\":\"2025-07-03T07:30:06+00:00\",\"breadcrumb\":{\"@id\":\"https:\\\/\\\/www.brokk.com\\\/sv\\\/product\\\/brokk-descaler\\\/#breadcrumb\"},\"inLanguage\":\"sv-SE\",\"potentialAction\":[{\"@type\":\"ReadAction\",\"target\":[\"https:\\\/\\\/www.brokk.com\\\/sv\\\/product\\\/brokk-descaler\\\/\"]}]},{\"@type\":\"BreadcrumbList\",\"@id\":\"https:\\\/\\\/www.brokk.com\\\/sv\\\/product\\\/brokk-descaler\\\/#breadcrumb\",\"itemListElement\":[{\"@type\":\"ListItem\",\"position\":1,\"name\":\"Home\",\"item\":\"https:\\\/\\\/www.brokk.com\\\/sv\\\/\"},{\"@type\":\"ListItem\",\"position\":2,\"name\":\"Produkter\",\"item\":\"https:\\\/\\\/www.brokk.com\\\/sv\\\/product\\\/\"},{\"@type\":\"ListItem\",\"position\":3,\"name\":\"Brokk Descaler\"}]},{\"@type\":\"WebSite\",\"@id\":\"https:\\\/\\\/www.brokk.com\\\/sv\\\/#website\",\"url\":\"https:\\\/\\\/www.brokk.com\\\/sv\\\/\",\"name\":\"Brokk Sweden\",\"description\":\"\",\"potentialAction\":[{\"@type\":\"SearchAction\",\"target\":{\"@type\":\"EntryPoint\",\"urlTemplate\":\"https:\\\/\\\/www.brokk.com\\\/sv\\\/?s={search_term_string}\"},\"query-input\":{\"@type\":\"PropertyValueSpecification\",\"valueRequired\":true,\"valueName\":\"search_term_string\"}}],\"inLanguage\":\"sv-SE\"}]}<\/script>\n<!-- \/ Yoast SEO plugin. -->","yoast_head_json":{"title":"Brokk Descaler - Brokk Sweden","robots":{"index":"index","follow":"follow","max-snippet":"max-snippet:-1","max-image-preview":"max-image-preview:large","max-video-preview":"max-video-preview:-1"},"canonical":"https:\/\/www.brokk.com\/sv\/product\/brokk-descaler\/","og_locale":"sv_SE","og_type":"article","og_title":"Brokk Descaler - Brokk Sweden","og_description":"F\u00f6r s\u00e4krare underh\u00e5llsarbete i vertikala torn.","og_url":"https:\/\/www.brokk.com\/sv\/product\/brokk-descaler\/","og_site_name":"Brokk Sweden","article_modified_time":"2025-07-03T07:30:06+00:00","twitter_card":"summary_large_image","twitter_misc":{"Ber\u00e4knad l\u00e4stid":"2 minuter"},"schema":{"@context":"https:\/\/schema.org","@graph":[{"@type":"WebPage","@id":"https:\/\/www.brokk.com\/sv\/product\/brokk-descaler\/","url":"https:\/\/www.brokk.com\/sv\/product\/brokk-descaler\/","name":"Brokk Descaler - Brokk Sweden","isPartOf":{"@id":"https:\/\/www.brokk.com\/sv\/#website"},"datePublished":"2021-07-06T11:01:06+00:00","dateModified":"2025-07-03T07:30:06+00:00","breadcrumb":{"@id":"https:\/\/www.brokk.com\/sv\/product\/brokk-descaler\/#breadcrumb"},"inLanguage":"sv-SE","potentialAction":[{"@type":"ReadAction","target":["https:\/\/www.brokk.com\/sv\/product\/brokk-descaler\/"]}]},{"@type":"BreadcrumbList","@id":"https:\/\/www.brokk.com\/sv\/product\/brokk-descaler\/#breadcrumb","itemListElement":[{"@type":"ListItem","position":1,"name":"Home","item":"https:\/\/www.brokk.com\/sv\/"},{"@type":"ListItem","position":2,"name":"Produkter","item":"https:\/\/www.brokk.com\/sv\/product\/"},{"@type":"ListItem","position":3,"name":"Brokk Descaler"}]},{"@type":"WebSite","@id":"https:\/\/www.brokk.com\/sv\/#website","url":"https:\/\/www.brokk.com\/sv\/","name":"Brokk Sweden","description":"","potentialAction":[{"@type":"SearchAction","target":{"@type":"EntryPoint","urlTemplate":"https:\/\/www.brokk.com\/sv\/?s={search_term_string}"},"query-input":{"@type":"PropertyValueSpecification","valueRequired":true,"valueName":"search_term_string"}}],"inLanguage":"sv-SE"}]}},"_links":{"self":[{"href":"https:\/\/www.brokk.com\/sv\/wp-json\/wp\/v2\/product\/4767","targetHints":{"allow":["GET"]}}],"collection":[{"href":"https:\/\/www.brokk.com\/sv\/wp-json\/wp\/v2\/product"}],"about":[{"href":"https:\/\/www.brokk.com\/sv\/wp-json\/wp\/v2\/types\/product"}],"version-history":[{"count":11,"href":"https:\/\/www.brokk.com\/sv\/wp-json\/wp\/v2\/product\/4767\/revisions"}],"predecessor-version":[{"id":6137,"href":"https:\/\/www.brokk.com\/sv\/wp-json\/wp\/v2\/product\/4767\/revisions\/6137"}],"wp:attachment":[{"href":"https:\/\/www.brokk.com\/sv\/wp-json\/wp\/v2\/media?parent=4767"}],"curies":[{"name":"wp","href":"https:\/\/api.w.org\/{rel}","templated":true}]}}