{"id":5965,"date":"2025-04-07T15:24:49","date_gmt":"2025-04-07T13:24:49","guid":{"rendered":"https:\/\/www.brokk.com\/sv\/?post_type=product&#038;p=5965"},"modified":"2025-07-03T10:03:41","modified_gmt":"2025-07-03T08:03:41","slug":"brokk-130-plus","status":"publish","type":"product","link":"https:\/\/www.brokk.com\/sv\/product\/brokk-130-plus\/","title":{"rendered":"Brokk 130+"},"excerpt":{"rendered":"<p>Brokk 130<sup>+<\/sup> ett nytt riktm\u00e4rke som levererar mer kraft, uth\u00e5llighet och effektivitet \u00e4n n\u00e5gonsin tidigare.<\/p>\n","protected":false},"parent":0,"menu_order":8,"template":"","class_list":["post-5965","product","type-product","status-publish","has-post-thumbnail","hentry","product_feature-brokk-smart-power-plus-2","product_feature-ergonomisk-manoverlada","product_feature-visuell-statuskommunikation","product_feature-brokk-quickswitch-2","product_category-brokk-smartpower-plus-generation"],"acf":[],"yoast_head":"<!-- This site is optimized with the Yoast SEO plugin v27.3 - https:\/\/yoast.com\/product\/yoast-seo-wordpress\/ -->\n<title>Brokk 130+ - Brokk Sweden<\/title>\n<meta name=\"robots\" content=\"index, follow, max-snippet:-1, max-image-preview:large, max-video-preview:-1\" \/>\n<link rel=\"canonical\" href=\"https:\/\/www.brokk.com\/sv\/product\/brokk-130-plus\/\" \/>\n<meta property=\"og:locale\" content=\"sv_SE\" \/>\n<meta property=\"og:type\" content=\"article\" \/>\n<meta property=\"og:title\" content=\"Brokk 130+ - Brokk Sweden\" \/>\n<meta property=\"og:description\" content=\"Brokk 130+ ett nytt riktm\u00e4rke som levererar mer kraft, uth\u00e5llighet och effektivitet \u00e4n n\u00e5gonsin tidigare.\" \/>\n<meta property=\"og:url\" content=\"https:\/\/www.brokk.com\/sv\/product\/brokk-130-plus\/\" \/>\n<meta property=\"og:site_name\" content=\"Brokk Sweden\" \/>\n<meta property=\"article:modified_time\" content=\"2025-07-03T08:03:41+00:00\" \/>\n<meta property=\"og:image\" content=\"https:\/\/www.brokk.com\/sv\/uploads\/sites\/10\/2018\/03\/brokk110_product_hero.jpg\" \/>\n\t<meta property=\"og:image:width\" content=\"2560\" \/>\n\t<meta property=\"og:image:height\" content=\"1096\" \/>\n\t<meta property=\"og:image:type\" content=\"image\/jpeg\" \/>\n<meta name=\"twitter:card\" content=\"summary_large_image\" \/>\n<meta name=\"twitter:label1\" content=\"Ber\u00e4knad l\u00e4stid\" \/>\n\t<meta name=\"twitter:data1\" content=\"3 minuter\" \/>\n<script type=\"application\/ld+json\" class=\"yoast-schema-graph\">{\"@context\":\"https:\\\/\\\/schema.org\",\"@graph\":[{\"@type\":\"WebPage\",\"@id\":\"https:\\\/\\\/www.brokk.com\\\/sv\\\/product\\\/brokk-130-plus\\\/\",\"url\":\"https:\\\/\\\/www.brokk.com\\\/sv\\\/product\\\/brokk-130-plus\\\/\",\"name\":\"Brokk 130+ - Brokk Sweden\",\"isPartOf\":{\"@id\":\"https:\\\/\\\/www.brokk.com\\\/sv\\\/#website\"},\"primaryImageOfPage\":{\"@id\":\"https:\\\/\\\/www.brokk.com\\\/sv\\\/product\\\/brokk-130-plus\\\/#primaryimage\"},\"image\":{\"@id\":\"https:\\\/\\\/www.brokk.com\\\/sv\\\/product\\\/brokk-130-plus\\\/#primaryimage\"},\"thumbnailUrl\":\"https:\\\/\\\/www.brokk.com\\\/sv\\\/uploads\\\/sites\\\/10\\\/2018\\\/03\\\/brokk110_product_hero.jpg\",\"datePublished\":\"2025-04-07T13:24:49+00:00\",\"dateModified\":\"2025-07-03T08:03:41+00:00\",\"breadcrumb\":{\"@id\":\"https:\\\/\\\/www.brokk.com\\\/sv\\\/product\\\/brokk-130-plus\\\/#breadcrumb\"},\"inLanguage\":\"sv-SE\",\"potentialAction\":[{\"@type\":\"ReadAction\",\"target\":[\"https:\\\/\\\/www.brokk.com\\\/sv\\\/product\\\/brokk-130-plus\\\/\"]}]},{\"@type\":\"ImageObject\",\"inLanguage\":\"sv-SE\",\"@id\":\"https:\\\/\\\/www.brokk.com\\\/sv\\\/product\\\/brokk-130-plus\\\/#primaryimage\",\"url\":\"https:\\\/\\\/www.brokk.com\\\/sv\\\/uploads\\\/sites\\\/10\\\/2018\\\/03\\\/brokk110_product_hero.jpg\",\"contentUrl\":\"https:\\\/\\\/www.brokk.com\\\/sv\\\/uploads\\\/sites\\\/10\\\/2018\\\/03\\\/brokk110_product_hero.jpg\",\"width\":2560,\"height\":1096},{\"@type\":\"BreadcrumbList\",\"@id\":\"https:\\\/\\\/www.brokk.com\\\/sv\\\/product\\\/brokk-130-plus\\\/#breadcrumb\",\"itemListElement\":[{\"@type\":\"ListItem\",\"position\":1,\"name\":\"Home\",\"item\":\"https:\\\/\\\/www.brokk.com\\\/sv\\\/\"},{\"@type\":\"ListItem\",\"position\":2,\"name\":\"Produkter\",\"item\":\"https:\\\/\\\/www.brokk.com\\\/sv\\\/product\\\/\"},{\"@type\":\"ListItem\",\"position\":3,\"name\":\"Brokk 130+\"}]},{\"@type\":\"WebSite\",\"@id\":\"https:\\\/\\\/www.brokk.com\\\/sv\\\/#website\",\"url\":\"https:\\\/\\\/www.brokk.com\\\/sv\\\/\",\"name\":\"Brokk Sweden\",\"description\":\"\",\"potentialAction\":[{\"@type\":\"SearchAction\",\"target\":{\"@type\":\"EntryPoint\",\"urlTemplate\":\"https:\\\/\\\/www.brokk.com\\\/sv\\\/?s={search_term_string}\"},\"query-input\":{\"@type\":\"PropertyValueSpecification\",\"valueRequired\":true,\"valueName\":\"search_term_string\"}}],\"inLanguage\":\"sv-SE\"}]}<\/script>\n<!-- \/ Yoast SEO plugin. -->","yoast_head_json":{"title":"Brokk 130+ - Brokk Sweden","robots":{"index":"index","follow":"follow","max-snippet":"max-snippet:-1","max-image-preview":"max-image-preview:large","max-video-preview":"max-video-preview:-1"},"canonical":"https:\/\/www.brokk.com\/sv\/product\/brokk-130-plus\/","og_locale":"sv_SE","og_type":"article","og_title":"Brokk 130+ - Brokk Sweden","og_description":"Brokk 130+ ett nytt riktm\u00e4rke som levererar mer kraft, uth\u00e5llighet och effektivitet \u00e4n n\u00e5gonsin tidigare.","og_url":"https:\/\/www.brokk.com\/sv\/product\/brokk-130-plus\/","og_site_name":"Brokk Sweden","article_modified_time":"2025-07-03T08:03:41+00:00","og_image":[{"width":2560,"height":1096,"url":"https:\/\/www.brokk.com\/sv\/uploads\/sites\/10\/2018\/03\/brokk110_product_hero.jpg","type":"image\/jpeg"}],"twitter_card":"summary_large_image","twitter_misc":{"Ber\u00e4knad l\u00e4stid":"3 minuter"},"schema":{"@context":"https:\/\/schema.org","@graph":[{"@type":"WebPage","@id":"https:\/\/www.brokk.com\/sv\/product\/brokk-130-plus\/","url":"https:\/\/www.brokk.com\/sv\/product\/brokk-130-plus\/","name":"Brokk 130+ - Brokk Sweden","isPartOf":{"@id":"https:\/\/www.brokk.com\/sv\/#website"},"primaryImageOfPage":{"@id":"https:\/\/www.brokk.com\/sv\/product\/brokk-130-plus\/#primaryimage"},"image":{"@id":"https:\/\/www.brokk.com\/sv\/product\/brokk-130-plus\/#primaryimage"},"thumbnailUrl":"https:\/\/www.brokk.com\/sv\/uploads\/sites\/10\/2018\/03\/brokk110_product_hero.jpg","datePublished":"2025-04-07T13:24:49+00:00","dateModified":"2025-07-03T08:03:41+00:00","breadcrumb":{"@id":"https:\/\/www.brokk.com\/sv\/product\/brokk-130-plus\/#breadcrumb"},"inLanguage":"sv-SE","potentialAction":[{"@type":"ReadAction","target":["https:\/\/www.brokk.com\/sv\/product\/brokk-130-plus\/"]}]},{"@type":"ImageObject","inLanguage":"sv-SE","@id":"https:\/\/www.brokk.com\/sv\/product\/brokk-130-plus\/#primaryimage","url":"https:\/\/www.brokk.com\/sv\/uploads\/sites\/10\/2018\/03\/brokk110_product_hero.jpg","contentUrl":"https:\/\/www.brokk.com\/sv\/uploads\/sites\/10\/2018\/03\/brokk110_product_hero.jpg","width":2560,"height":1096},{"@type":"BreadcrumbList","@id":"https:\/\/www.brokk.com\/sv\/product\/brokk-130-plus\/#breadcrumb","itemListElement":[{"@type":"ListItem","position":1,"name":"Home","item":"https:\/\/www.brokk.com\/sv\/"},{"@type":"ListItem","position":2,"name":"Produkter","item":"https:\/\/www.brokk.com\/sv\/product\/"},{"@type":"ListItem","position":3,"name":"Brokk 130+"}]},{"@type":"WebSite","@id":"https:\/\/www.brokk.com\/sv\/#website","url":"https:\/\/www.brokk.com\/sv\/","name":"Brokk Sweden","description":"","potentialAction":[{"@type":"SearchAction","target":{"@type":"EntryPoint","urlTemplate":"https:\/\/www.brokk.com\/sv\/?s={search_term_string}"},"query-input":{"@type":"PropertyValueSpecification","valueRequired":true,"valueName":"search_term_string"}}],"inLanguage":"sv-SE"}]}},"_links":{"self":[{"href":"https:\/\/www.brokk.com\/sv\/wp-json\/wp\/v2\/product\/5965","targetHints":{"allow":["GET"]}}],"collection":[{"href":"https:\/\/www.brokk.com\/sv\/wp-json\/wp\/v2\/product"}],"about":[{"href":"https:\/\/www.brokk.com\/sv\/wp-json\/wp\/v2\/types\/product"}],"version-history":[{"count":5,"href":"https:\/\/www.brokk.com\/sv\/wp-json\/wp\/v2\/product\/5965\/revisions"}],"predecessor-version":[{"id":5982,"href":"https:\/\/www.brokk.com\/sv\/wp-json\/wp\/v2\/product\/5965\/revisions\/5982"}],"wp:featuredmedia":[{"embeddable":true,"href":"https:\/\/www.brokk.com\/sv\/wp-json\/wp\/v2\/media\/3355"}],"wp:attachment":[{"href":"https:\/\/www.brokk.com\/sv\/wp-json\/wp\/v2\/media?parent=5965"}],"curies":[{"name":"wp","href":"https:\/\/api.w.org\/{rel}","templated":true}]}}